{"id":116,"date":"2020-09-07T12:36:08","date_gmt":"2020-09-07T11:36:08","guid":{"rendered":"https:\/\/dev.joga-nsz.si\/?page_id=116"},"modified":"2021-08-27T22:06:22","modified_gmt":"2021-08-27T21:06:22","slug":"about","status":"publish","type":"page","link":"https:\/\/joga-nsz.si\/?page_id=116&lang=en","title":{"rendered":"About"},"content":{"rendered":"<p>[et_pb_section fb_built=&#8221;1&#8243; _builder_version=&#8221;4.10.4&#8243; _module_preset=&#8221;default&#8221; background_image=&#8221;https:\/\/joga-nsz.si\/wp-content\/uploads\/2021\/08\/AboutUs-Main.jpg&#8221; custom_margin=&#8221;|0px|0px|0px|false|false&#8221; custom_padding=&#8221;0px|0px|0px|0px|false|false&#8221; saved_tabs=&#8221;all&#8221; global_colors_info=&#8221;{}&#8221;][et_pb_row _builder_version=&#8221;4.6.1&#8243; _module_preset=&#8221;default&#8221; custom_padding=&#8221;||0px|||&#8221; global_colors_info=&#8221;{}&#8221;][et_pb_column type=&#8221;4_4&#8243; _builder_version=&#8221;4.6.1&#8243; _module_preset=&#8221;default&#8221; global_colors_info=&#8221;{}&#8221;][et_pb_text _builder_version=&#8221;4.10.4&#8243; _module_preset=&#8221;default&#8221; background_color=&#8221;rgba(255,255,255,0.25)&#8221; text_orientation=&#8221;center&#8221; module_alignment=&#8221;center&#8221; height=&#8221;150px&#8221; custom_margin=&#8221;0px||||false|false&#8221; custom_padding=&#8221;18px||||false|false&#8221; border_radii=&#8221;on|25px|25px|25px|25px&#8221; border_width_all=&#8221;3px&#8221; border_color_all=&#8221;rgba(0,0,0,0)&#8221; box_shadow_style=&#8221;preset3&#8243; global_colors_info=&#8221;{}&#8221;]<\/p>\n<p><img loading=\"lazy\" decoding=\"async\" class=\"aligncenter wp-image-63\" src=\"https:\/\/dev.joga-nsz.si\/wp-content\/uploads\/2020\/09\/Icon-150x150.png\" alt=\"\" width=\"50\" height=\"45\" \/><\/p>\n<p style=\"text-align: center;\"><strong><span style=\"color: #030272; font-size: 32px; font-style: normal; font-variant-ligatures: normal; font-variant-caps: normal; background-color: transparent;\">Esoteric Integral Yoga School<\/span><\/strong><\/p>\n<p>&nbsp;<\/p>\n<p><gdiv><\/gdiv><\/p>\n<p><gdiv><\/gdiv><\/p>\n<p><gdiv><\/gdiv><\/p>\n<p>[\/et_pb_text][et_pb_text _builder_version=&#8221;4.10.4&#8243; _module_preset=&#8221;default&#8221; custom_margin=&#8221;5px||||false|false&#8221; custom_padding=&#8221;5px||||false|false&#8221; global_colors_info=&#8221;{}&#8221;]<\/p>\n<p style=\"text-align: left;\"><span style=\"color: #030272; font-size: medium;\">Joga Neizmerne Sre\u010de in Zdravja (Yoga of Immense happiness and health) is a non-profit association and an integral spiritual school offering a system of authentic spiritual teachings from from the tantric Gupta Mahasiddha lineage, helping you transform and experience the lasting and immense happiness and health that is our innate nature.<\/span><\/p>\n<p style=\"text-align: left;\"><span style=\"color: #030272; font-size: medium;\">We aim to promote and reveal the yoga science and methodology in its traditional forms, teaching not just physical techniques, but including the essential and fundamental theoretical principles behind the yoga system. In this way we can understand more fully how and why yoga works \u2013 yoga then becomes for us a valuable tool to be used for the complete transformation on all levels of the human being.<\/span><\/p>\n<p style=\"text-align: left;\"><span style=\"color: #030272; font-size: medium;\">Our school provides knowledge, spiritual advice and the subtle support for understanding and putting in practice the spiritual teachings.<\/span><\/p>\n<p style=\"text-align: left;\"><span style=\"color: #030272; font-size: medium;\">The method revealed by this school and its sister schools in ATMAN Federation of Yoga and Meditation has been applied with great results by tens of thousands of people all over the world. Being scientific and practical, it is easy to approach by the people of our modern world. Being also founded in the deepest spiritual tradition of our planet, this method leads to a profound spiritual transformation of the one who perseveres enough.<\/span><\/p>\n<p style=\"text-align: left;\"><span style=\"color: #030272; font-size: medium;\">We believe that life is a journey of happiness and health. Not just feeling good and being averagely happy, but intensely experiencing yourself and discovering the joy of living that springs from the essence.<\/span><\/p>\n<p>&nbsp;<\/p>\n<p>[\/et_pb_text][\/et_pb_column][\/et_pb_row][\/et_pb_section][et_pb_section fb_built=&#8221;1&#8243; _builder_version=&#8221;4.6.1&#8243; _module_preset=&#8221;default&#8221; custom_padding=&#8221;0px||3px|||&#8221; global_colors_info=&#8221;{}&#8221;][et_pb_row _builder_version=&#8221;4.6.1&#8243; _module_preset=&#8221;default&#8221; custom_padding=&#8221;29px||0px|||&#8221; saved_tabs=&#8221;all&#8221; global_colors_info=&#8221;{}&#8221;][et_pb_column type=&#8221;4_4&#8243; _builder_version=&#8221;4.6.1&#8243; _module_preset=&#8221;default&#8221; global_colors_info=&#8221;{}&#8221;][et_pb_text _builder_version=&#8221;4.10.4&#8243; _module_preset=&#8221;default&#8221; header_4_font=&#8221;||||||||&#8221; custom_padding=&#8221;||0px|||&#8221; global_colors_info=&#8221;{}&#8221;]<\/p>\n<p style=\"text-align: center;\"><span style=\"font-size: xx-large;\"><strong><span style=\"color: #030272;\">How do we aim to transform the world?<\/span><\/strong><\/span><\/p>\n<p style=\"text-align: center;\"><span style=\"font-size: x-large;\"><em><span style=\"color: #030272;\">Person by person \u2013 one soul at a time!<\/span><\/em><\/span><\/p>\n<p style=\"text-align: center;\"><span style=\"color: #383838; font-size: large;\">We offer access to some of the most powerful and profound systems of spiritual teachings in the world all aimed at taking you from where you are, to uncovering your true radiant supreme self<\/span><\/p>\n<p><gdiv><\/gdiv><\/p>\n<p><gdiv><\/gdiv><\/p>\n<p><gdiv><\/gdiv><\/p>\n<p><gdiv><\/gdiv><\/p>\n<p>[\/et_pb_text][\/et_pb_column][\/et_pb_row][\/et_pb_section][et_pb_section fb_built=&#8221;1&#8243; _builder_version=&#8221;4.6.1&#8243; _module_preset=&#8221;default&#8221; background_color=&#8221;rgba(231,244,253,0.55)&#8221; background_image=&#8221;https:\/\/dev.joga-nsz.si\/wp-content\/uploads\/2020\/09\/PranayamaBG-2.jpg&#8221; background_blend=&#8221;soft-light&#8221; custom_padding=&#8221;0px||0px||false|false&#8221; saved_tabs=&#8221;all&#8221; global_colors_info=&#8221;{}&#8221;][et_pb_row column_structure=&#8221;3_5,2_5&#8243; _builder_version=&#8221;4.6.1&#8243; _module_preset=&#8221;default&#8221; background_enable_color=&#8221;off&#8221; custom_padding=&#8221;0px||0px|||&#8221; global_colors_info=&#8221;{}&#8221;][et_pb_column type=&#8221;3_5&#8243; _builder_version=&#8221;4.6.1&#8243; _module_preset=&#8221;default&#8221; global_colors_info=&#8221;{}&#8221;][et_pb_text _builder_version=&#8221;4.6.1&#8243; _module_preset=&#8221;default&#8221; custom_margin=&#8221;|10px|||false|false&#8221; custom_padding=&#8221;10px|45px|5px|10px|false|false&#8221; global_colors_info=&#8221;{}&#8221;]<\/p>\n<p><span style=\"font-size: large;\"><strong><span style=\"color: #383838;\"><\/span><\/strong><\/span><\/p>\n<p style=\"text-align: center;\"><span style=\"font-size: xx-large; color: #f4a304;\"><b>1<\/b><\/span><\/p>\n<p style=\"text-align: center;\"><span style=\"font-size: x-large; color: #383838;\"><strong>Through Individual Practice<\/strong><\/span><\/p>\n<p><span style=\"font-size: large; color: #383838;\">Ancient systems such as yoga and tantra have a wide range of different techniques aiming to give more peace of mind, happiness and health. In our classes you receive in-depth theory and practice that you can perform individually in the privacy of your home.<\/span><\/p>\n<p><span style=\"font-size: large; color: #383838;\">Through individual practice you place the foundation stones for spiritual growth \u2013 increased focus and attention, a more open heart, better control of your energies and physical, emotional and mental harmony.<\/span><\/p>\n<p><gdiv><\/gdiv><\/p>\n<p><gdiv><\/gdiv><\/p>\n<p>[\/et_pb_text][\/et_pb_column][et_pb_column type=&#8221;2_5&#8243; _builder_version=&#8221;4.6.1&#8243; _module_preset=&#8221;default&#8221; global_colors_info=&#8221;{}&#8221;][et_pb_image _builder_version=&#8221;4.6.1&#8243; _module_preset=&#8221;default&#8221; global_colors_info=&#8221;{}&#8221;][\/et_pb_image][\/et_pb_column][\/et_pb_row][\/et_pb_section][et_pb_section fb_built=&#8221;1&#8243; _builder_version=&#8221;4.6.1&#8243; _module_preset=&#8221;default&#8221; background_color=&#8221;rgba(3,2,114,0.45)&#8221; max_height=&#8221;10px&#8221; custom_padding=&#8221;0px||0px|||&#8221; global_colors_info=&#8221;{}&#8221;][\/et_pb_section][et_pb_section fb_built=&#8221;1&#8243; _builder_version=&#8221;4.6.1&#8243; _module_preset=&#8221;default&#8221; background_color=&#8221;rgba(231,244,253,0.55)&#8221; background_image=&#8221;https:\/\/dev.joga-nsz.si\/wp-content\/uploads\/2020\/09\/Spiritual-Group.jpg&#8221; custom_padding=&#8221;0px||0px||false|false&#8221; global_colors_info=&#8221;{}&#8221;][et_pb_row column_structure=&#8221;3_5,2_5&#8243; _builder_version=&#8221;4.6.1&#8243; _module_preset=&#8221;default&#8221; background_enable_color=&#8221;off&#8221; custom_padding=&#8221;0px||0px|||&#8221; global_colors_info=&#8221;{}&#8221;][et_pb_column type=&#8221;3_5&#8243; _builder_version=&#8221;4.6.1&#8243; _module_preset=&#8221;default&#8221; global_colors_info=&#8221;{}&#8221;][et_pb_text _builder_version=&#8221;4.6.1&#8243; _module_preset=&#8221;default&#8221; custom_margin=&#8221;|10px|||false|false&#8221; custom_padding=&#8221;10px|45px|5px|10px|false|false&#8221; global_colors_info=&#8221;{}&#8221;]<\/p>\n<p><span style=\"font-size: large;\"><strong><span style=\"color: #383838;\"><\/span><\/strong><\/span><\/p>\n<p style=\"text-align: center;\"><span style=\"font-size: xx-large; color: #f4a304;\"><strong>2<\/strong><\/span><\/p>\n<p style=\"text-align: center;\"><span style=\"font-size: x-large;\"><strong><span style=\"color: #383838;\">Spiritual schools and communities<\/span><\/strong><\/span><\/p>\n<p><span style=\"color: #383838; font-size: large;\">We have a network of\u00a0<b>spiritual schools,<\/b>\u00a0teaching yoga and tantra \u2013 which include many\u00a0<b>spiritual communities<\/b>\u00a0where people choose to live together to deepen their spiritual studies in an environment that supports a spiritual life.<\/span><\/p>\n<p><span style=\"color: #383838; font-size: large;\">As part of our mission here in Slovenia, we invite you to join us in building a spiritual community and being part of the wider international movement raising the level of human consciousness.<\/span><\/p>\n<p><gdiv><\/gdiv><\/p>\n<p>[\/et_pb_text][\/et_pb_column][et_pb_column type=&#8221;2_5&#8243; _builder_version=&#8221;4.6.1&#8243; _module_preset=&#8221;default&#8221; global_colors_info=&#8221;{}&#8221;][\/et_pb_column][\/et_pb_row][\/et_pb_section][et_pb_section fb_built=&#8221;1&#8243; _builder_version=&#8221;4.10.4&#8243; _module_preset=&#8221;default&#8221; custom_margin=&#8221;|0px|0px|0px|false|false&#8221; custom_padding=&#8221;|0px|0px|0px|false|false&#8221; global_colors_info=&#8221;{}&#8221;][et_pb_row _builder_version=&#8221;4.6.1&#8243; _module_preset=&#8221;default&#8221; custom_padding=&#8221;5px|||||&#8221; saved_tabs=&#8221;all&#8221; global_colors_info=&#8221;{}&#8221;][et_pb_column type=&#8221;4_4&#8243; _builder_version=&#8221;4.6.1&#8243; _module_preset=&#8221;default&#8221; global_colors_info=&#8221;{}&#8221;][et_pb_text _builder_version=&#8221;4.10.4&#8243; _module_preset=&#8221;default&#8221; custom_padding=&#8221;||||false|false&#8221; global_colors_info=&#8221;{}&#8221;]<span style=\"color: #383838; font-size: large;\">Joga neizmerne sre\u010de in zdravja is a part of the ATMAN federation of yoga, a\u00a0federation of yoga schools with thousands of students in 32 countries all over the world, guided by an authentic spiritual guide.<\/span><\/p>\n<p><gdiv><\/gdiv>[\/et_pb_text][et_pb_text_divider divider_title=&#8221;OUR TEACHERS:&#8221; _builder_version=&#8221;4.6.1&#8243; _module_preset=&#8221;default&#8221; header_text_level=&#8221;h2&#8243; header_text_font=&#8221;proximanova-bold|700|||||||&#8221; header_text_font_size=&#8221;28px&#8221; custom_margin=&#8221;||5px||false|false&#8221; global_colors_info=&#8221;{}&#8221;][\/et_pb_text_divider][et_pb_team_member name=&#8221;Benedict&#8221; position=&#8221;Yoga, Tantra, Shaivism &#038; Astrology Teacher&#8221; image_url=&#8221;https:\/\/dev.joga-nsz.si\/wp-content\/uploads\/2020\/10\/Bene-150&#215;150.png&#8221; _builder_version=&#8221;4.6.1&#8243; _module_preset=&#8221;default&#8221; header_font=&#8221;|700||on|||||&#8221; header_text_color=&#8221;#383838&#8243; header_font_size=&#8221;22px&#8221; body_text_color=&#8221;#383838&#8243; position_font=&#8221;||||||||&#8221; position_text_color=&#8221;#383838&#8243; global_colors_info=&#8221;{}&#8221;]<\/p>\n<p><span><span style=\"font-size: large;\">Benedict is a practitioner and teacher of Esoteric Integral Yoga, Tantra, Astrology and Kashmir Shaivism for the past 17 years. He is a keen follower of the traditional Ayurvedic teachings and has been exploring the mystical nature of life and analysing human psychology, relationships and interconnectivity as part of his explorations into the human essence<\/span>.<\/span><\/p>\n<p><gdiv><\/gdiv><\/p>\n<p>[\/et_pb_team_member][et_pb_divider color=&#8221;#f4a304&#8243; divider_weight=&#8221;2px&#8221; _builder_version=&#8221;4.6.1&#8243; _module_preset=&#8221;default&#8221; width=&#8221;50%&#8221; module_alignment=&#8221;center&#8221; custom_margin=&#8221;10px||10px||false|false&#8221; global_colors_info=&#8221;{}&#8221;][\/et_pb_divider][et_pb_team_member name=&#8221;Neza&#8221; position=&#8221;Yoga Teacher, Trainee Tantra Teacher&#8221; image_url=&#8221;https:\/\/dev.joga-nsz.si\/wp-content\/uploads\/2020\/10\/Neza-150&#215;150.png&#8221; _builder_version=&#8221;4.6.1&#8243; _module_preset=&#8221;default&#8221; header_font=&#8221;|700||on|||||&#8221; header_text_color=&#8221;#383838&#8243; header_font_size=&#8221;22px&#8221; body_text_color=&#8221;#383838&#8243; position_font=&#8221;||||||||&#8221; position_text_color=&#8221;#383838&#8243; global_colors_info=&#8221;{}&#8221;]<\/p>\n<p><span style=\"font-size: large;\">Ne\u017ea is a tantric and yoga practitioner, teacher and facilitator. She dives into the understanding of the essence of life and the world around us using traditional spiritual texts and teachings to inspire others. She leads through her own example, helping people to reconnect and rediscover their own true nature, using different yogic and tantric tools to initiate an authentic awakening on the spiritual journey.<\/span><\/p>\n<p><gdiv><\/gdiv><\/p>\n<p>[\/et_pb_team_member][\/et_pb_column][\/et_pb_row][\/et_pb_section]<\/p>\n","protected":false},"excerpt":{"rendered":"<p>Esoteric Integral Yoga School &nbsp; Joga Neizmerne Sre\u010de in Zdravja (Yoga of Immense happiness and health) is a non-profit association and an integral spiritual school offering a system of authentic spiritual teachings from from the tantric Gupta Mahasiddha lineage, helping you transform and experience the lasting and immense happiness and health that is our innate [&hellip;]<\/p>\n","protected":false},"author":1,"featured_media":0,"parent":0,"menu_order":0,"comment_status":"closed","ping_status":"closed","template":"","meta":{"_et_pb_use_builder":"on","_et_pb_old_content":"","_et_gb_content_width":"","footnotes":""},"yoast_head":"<!-- This site is optimized with the Yoast SEO plugin v23.3 - https:\/\/yoast.com\/wordpress\/plugins\/seo\/ -->\n<title>About - Joga neizmerne sre\u010de in zdravja<\/title>\n<meta name=\"robots\" content=\"index, follow, max-snippet:-1, max-image-preview:large, max-video-preview:-1\" \/>\n<link rel=\"canonical\" href=\"https:\/\/joga-nsz.si\/?page_id=116&lang=en\" \/>\n<meta property=\"og:locale\" content=\"en_GB\" \/>\n<meta property=\"og:type\" content=\"article\" \/>\n<meta property=\"og:title\" content=\"About - Joga neizmerne sre\u010de in zdravja\" \/>\n<meta property=\"og:description\" content=\"Esoteric Integral Yoga School &nbsp; Joga Neizmerne Sre\u010de in Zdravja (Yoga of Immense happiness and health) is a non-profit association and an integral spiritual school offering a system of authentic spiritual teachings from from the tantric Gupta Mahasiddha lineage, helping you transform and experience the lasting and immense happiness and health that is our innate [&hellip;]\" \/>\n<meta property=\"og:url\" content=\"https:\/\/joga-nsz.si\/?page_id=116&amp;lang=en\" \/>\n<meta property=\"og:site_name\" content=\"Joga neizmerne sre\u010de in zdravja\" \/>\n<meta property=\"article:modified_time\" content=\"2021-08-27T21:06:22+00:00\" \/>\n<meta property=\"og:image\" content=\"https:\/\/dev.joga-nsz.si\/wp-content\/uploads\/2020\/09\/Icon-150x150.png\" \/>\n<meta name=\"twitter:card\" content=\"summary_large_image\" \/>\n<meta name=\"twitter:label1\" content=\"Estimated reading time\" \/>\n\t<meta name=\"twitter:data1\" content=\"7 minutes\" \/>\n<script type=\"application\/ld+json\" class=\"yoast-schema-graph\">{\"@context\":\"https:\/\/schema.org\",\"@graph\":[{\"@type\":\"WebPage\",\"@id\":\"https:\/\/joga-nsz.si\/?page_id=116&lang=en\",\"url\":\"https:\/\/joga-nsz.si\/?page_id=116&lang=en\",\"name\":\"About - Joga neizmerne sre\u010de in zdravja\",\"isPartOf\":{\"@id\":\"https:\/\/joga-nsz.si\/#website\"},\"primaryImageOfPage\":{\"@id\":\"https:\/\/joga-nsz.si\/?page_id=116&lang=en#primaryimage\"},\"image\":{\"@id\":\"https:\/\/joga-nsz.si\/?page_id=116&lang=en#primaryimage\"},\"thumbnailUrl\":\"https:\/\/dev.joga-nsz.si\/wp-content\/uploads\/2020\/09\/Icon-150x150.png\",\"datePublished\":\"2020-09-07T11:36:08+00:00\",\"dateModified\":\"2021-08-27T21:06:22+00:00\",\"breadcrumb\":{\"@id\":\"https:\/\/joga-nsz.si\/?page_id=116&lang=en#breadcrumb\"},\"inLanguage\":\"en-GB\",\"potentialAction\":[{\"@type\":\"ReadAction\",\"target\":[\"https:\/\/joga-nsz.si\/?page_id=116&lang=en\"]}]},{\"@type\":\"ImageObject\",\"inLanguage\":\"en-GB\",\"@id\":\"https:\/\/joga-nsz.si\/?page_id=116&lang=en#primaryimage\",\"url\":\"https:\/\/dev.joga-nsz.si\/wp-content\/uploads\/2020\/09\/Icon-150x150.png\",\"contentUrl\":\"https:\/\/dev.joga-nsz.si\/wp-content\/uploads\/2020\/09\/Icon-150x150.png\"},{\"@type\":\"BreadcrumbList\",\"@id\":\"https:\/\/joga-nsz.si\/?page_id=116&lang=en#breadcrumb\",\"itemListElement\":[{\"@type\":\"ListItem\",\"position\":1,\"name\":\"Home\",\"item\":\"https:\/\/joga-nsz.si\/\"},{\"@type\":\"ListItem\",\"position\":2,\"name\":\"About\"}]},{\"@type\":\"WebSite\",\"@id\":\"https:\/\/joga-nsz.si\/#website\",\"url\":\"https:\/\/joga-nsz.si\/\",\"name\":\"Joga neizmerne sre\u010de in zdravja\",\"description\":\"Do\u017eivi se in odkrij radost \u017eivljenja!\",\"potentialAction\":[{\"@type\":\"SearchAction\",\"target\":{\"@type\":\"EntryPoint\",\"urlTemplate\":\"https:\/\/joga-nsz.si\/?s={search_term_string}\"},\"query-input\":\"required name=search_term_string\"}],\"inLanguage\":\"en-GB\"}]}<\/script>\n<!-- \/ Yoast SEO plugin. -->","yoast_head_json":{"title":"About - Joga neizmerne sre\u010de in zdravja","robots":{"index":"index","follow":"follow","max-snippet":"max-snippet:-1","max-image-preview":"max-image-preview:large","max-video-preview":"max-video-preview:-1"},"canonical":"https:\/\/joga-nsz.si\/?page_id=116&lang=en","og_locale":"en_GB","og_type":"article","og_title":"About - Joga neizmerne sre\u010de in zdravja","og_description":"Esoteric Integral Yoga School &nbsp; Joga Neizmerne Sre\u010de in Zdravja (Yoga of Immense happiness and health) is a non-profit association and an integral spiritual school offering a system of authentic spiritual teachings from from the tantric Gupta Mahasiddha lineage, helping you transform and experience the lasting and immense happiness and health that is our innate [&hellip;]","og_url":"https:\/\/joga-nsz.si\/?page_id=116&lang=en","og_site_name":"Joga neizmerne sre\u010de in zdravja","article_modified_time":"2021-08-27T21:06:22+00:00","og_image":[{"url":"https:\/\/dev.joga-nsz.si\/wp-content\/uploads\/2020\/09\/Icon-150x150.png"}],"twitter_card":"summary_large_image","twitter_misc":{"Estimated reading time":"7 minutes"},"schema":{"@context":"https:\/\/schema.org","@graph":[{"@type":"WebPage","@id":"https:\/\/joga-nsz.si\/?page_id=116&lang=en","url":"https:\/\/joga-nsz.si\/?page_id=116&lang=en","name":"About - Joga neizmerne sre\u010de in zdravja","isPartOf":{"@id":"https:\/\/joga-nsz.si\/#website"},"primaryImageOfPage":{"@id":"https:\/\/joga-nsz.si\/?page_id=116&lang=en#primaryimage"},"image":{"@id":"https:\/\/joga-nsz.si\/?page_id=116&lang=en#primaryimage"},"thumbnailUrl":"https:\/\/dev.joga-nsz.si\/wp-content\/uploads\/2020\/09\/Icon-150x150.png","datePublished":"2020-09-07T11:36:08+00:00","dateModified":"2021-08-27T21:06:22+00:00","breadcrumb":{"@id":"https:\/\/joga-nsz.si\/?page_id=116&lang=en#breadcrumb"},"inLanguage":"en-GB","potentialAction":[{"@type":"ReadAction","target":["https:\/\/joga-nsz.si\/?page_id=116&lang=en"]}]},{"@type":"ImageObject","inLanguage":"en-GB","@id":"https:\/\/joga-nsz.si\/?page_id=116&lang=en#primaryimage","url":"https:\/\/dev.joga-nsz.si\/wp-content\/uploads\/2020\/09\/Icon-150x150.png","contentUrl":"https:\/\/dev.joga-nsz.si\/wp-content\/uploads\/2020\/09\/Icon-150x150.png"},{"@type":"BreadcrumbList","@id":"https:\/\/joga-nsz.si\/?page_id=116&lang=en#breadcrumb","itemListElement":[{"@type":"ListItem","position":1,"name":"Home","item":"https:\/\/joga-nsz.si\/"},{"@type":"ListItem","position":2,"name":"About"}]},{"@type":"WebSite","@id":"https:\/\/joga-nsz.si\/#website","url":"https:\/\/joga-nsz.si\/","name":"Joga neizmerne sre\u010de in zdravja","description":"Do\u017eivi se in odkrij radost \u017eivljenja!","potentialAction":[{"@type":"SearchAction","target":{"@type":"EntryPoint","urlTemplate":"https:\/\/joga-nsz.si\/?s={search_term_string}"},"query-input":"required name=search_term_string"}],"inLanguage":"en-GB"}]}},"_links":{"self":[{"href":"https:\/\/joga-nsz.si\/index.php?rest_route=\/wp\/v2\/pages\/116"}],"collection":[{"href":"https:\/\/joga-nsz.si\/index.php?rest_route=\/wp\/v2\/pages"}],"about":[{"href":"https:\/\/joga-nsz.si\/index.php?rest_route=\/wp\/v2\/types\/page"}],"author":[{"embeddable":true,"href":"https:\/\/joga-nsz.si\/index.php?rest_route=\/wp\/v2\/users\/1"}],"replies":[{"embeddable":true,"href":"https:\/\/joga-nsz.si\/index.php?rest_route=%2Fwp%2Fv2%2Fcomments&post=116"}],"version-history":[{"count":15,"href":"https:\/\/joga-nsz.si\/index.php?rest_route=\/wp\/v2\/pages\/116\/revisions"}],"predecessor-version":[{"id":981,"href":"https:\/\/joga-nsz.si\/index.php?rest_route=\/wp\/v2\/pages\/116\/revisions\/981"}],"wp:attachment":[{"href":"https:\/\/joga-nsz.si\/index.php?rest_route=%2Fwp%2Fv2%2Fmedia&parent=116"}],"curies":[{"name":"wp","href":"https:\/\/api.w.org\/{rel}","templated":true}]}}