{"id":1640,"date":"2023-11-15T19:33:37","date_gmt":"2023-11-15T18:33:37","guid":{"rendered":"https:\/\/joga-nsz.si\/?page_id=1640"},"modified":"2025-01-20T21:12:38","modified_gmt":"2025-01-20T20:12:38","slug":"ucenja-in-cilji","status":"publish","type":"page","link":"https:\/\/joga-nsz.si\/?page_id=1640","title":{"rendered":"U\u010cENJA IN CILJI"},"content":{"rendered":"<p>[et_pb_section fb_built=&#8221;1&#8243; _builder_version=&#8221;4.23.1&#8243; _module_preset=&#8221;default&#8221; custom_padding=&#8221;0px||10px|||&#8221; global_colors_info=&#8221;{}&#8221;][et_pb_row _builder_version=&#8221;4.23.1&#8243; _module_preset=&#8221;default&#8221; global_colors_info=&#8221;{}&#8221;][et_pb_column type=&#8221;4_4&#8243; _builder_version=&#8221;4.23.1&#8243; _module_preset=&#8221;default&#8221; global_colors_info=&#8221;{}&#8221;][et_pb_text _builder_version=&#8221;4.27.0&#8243; _module_preset=&#8221;default&#8221; text_font=&#8221;Abril Fatface||||||||&#8221; header_font=&#8221;League Spartan|800|||||||&#8221; header_text_align=&#8221;center&#8221; header_text_color=&#8221;#030272&#8243; header_font_size=&#8221;31px&#8221; global_colors_info=&#8221;{}&#8221;]<\/p>\n<h1><strong>U\u010cENJA IN CILJI<\/strong><\/h1>\n<p>[\/et_pb_text][et_pb_text _builder_version=&#8221;4.24.2&#8243; _module_preset=&#8221;default&#8221; text_font=&#8221;Montserrat||||||||&#8221; text_text_color=&#8221;#000000&#8243; text_font_size=&#8221;15px&#8221; header_font=&#8221;|800|||||||&#8221; header_text_align=&#8221;center&#8221; header_text_color=&#8221;#030272&#8243; header_font_size=&#8221;31px&#8221; custom_margin=&#8221;21px||||false|false&#8221; custom_padding=&#8221;|150px||150px|false|false&#8221; custom_padding_tablet=&#8221;|150px||150px|false|false&#8221; custom_padding_phone=&#8221;|10px||10px|false|false&#8221; custom_padding_last_edited=&#8221;on|phone&#8221; global_colors_info=&#8221;{}&#8221;]<\/p>\n<p><span style=\"font-weight: 400;\">Osnovni nauki te \u0161ole vklju\u010dujejo spodbujanje telesne, du\u0161evne in duhovne ravni u\u010dencev in aspirantov s prebujanjem njihovih skritih notranjih potencialov.<\/span><\/p>\n<p>Na\u0161 cilj je pomagati u\u010dencem, da s pomo\u010djo pou\u010devanja, posredovanih izku\u0161enj in teoreti\u010dnih informacij postanejo mo\u010dni, zavestni in popolnoma neodvisni posamezniki, ki lahko v svojem \u017eivljenju prepoznajo globlji pomen in namen.<\/p>\n<p>[\/et_pb_text][\/et_pb_column][\/et_pb_row][et_pb_row column_structure=&#8221;1_3,1_3,1_3&#8243; _builder_version=&#8221;4.23.1&#8243; _module_preset=&#8221;default&#8221; custom_margin=&#8221;-21px|auto||auto||&#8221; global_colors_info=&#8221;{}&#8221;][et_pb_column type=&#8221;1_3&#8243; _builder_version=&#8221;4.23.1&#8243; _module_preset=&#8221;default&#8221; global_colors_info=&#8221;{}&#8221;][et_pb_image src=&#8221;https:\/\/joga-nsz.si\/wp-content\/uploads\/2023\/11\/2023-11-23-01.49.06-1.jpg&#8221; title_text=&#8221;2023-11-23 01.49.06&#8243; _builder_version=&#8221;4.23.1&#8243; _module_preset=&#8221;default&#8221; global_colors_info=&#8221;{}&#8221;][\/et_pb_image][\/et_pb_column][et_pb_column type=&#8221;1_3&#8243; _builder_version=&#8221;4.23.1&#8243; _module_preset=&#8221;default&#8221; global_colors_info=&#8221;{}&#8221;][et_pb_image src=&#8221;https:\/\/joga-nsz.si\/wp-content\/uploads\/2023\/11\/2023-11-23-01.49.20.jpg&#8221; title_text=&#8221;2023-11-23 01.49.20&#8243; _builder_version=&#8221;4.23.1&#8243; _module_preset=&#8221;default&#8221; width=&#8221;56%&#8221; width_tablet=&#8221;56%&#8221; width_phone=&#8221;61%&#8221; width_last_edited=&#8221;on|phone&#8221; module_alignment=&#8221;center&#8221; custom_margin=&#8221;||0px|||&#8221; custom_padding_tablet=&#8221;&#8221; custom_padding_phone=&#8221;23px||23px||false|false&#8221; custom_padding_last_edited=&#8221;on|phone&#8221; global_colors_info=&#8221;{}&#8221;][\/et_pb_image][\/et_pb_column][et_pb_column type=&#8221;1_3&#8243; _builder_version=&#8221;4.23.1&#8243; _module_preset=&#8221;default&#8221; global_colors_info=&#8221;{}&#8221;][et_pb_image src=&#8221;https:\/\/joga-nsz.si\/wp-content\/uploads\/2023\/11\/2023-11-23-01.49.17.jpg&#8221; title_text=&#8221;2023-11-23 01.49.17&#8243; _builder_version=&#8221;4.23.1&#8243; _module_preset=&#8221;default&#8221; global_colors_info=&#8221;{}&#8221;][\/et_pb_image][\/et_pb_column][\/et_pb_row][et_pb_row _builder_version=&#8221;4.23.1&#8243; _module_preset=&#8221;default&#8221; global_colors_info=&#8221;{}&#8221;][et_pb_column type=&#8221;4_4&#8243; _builder_version=&#8221;4.23.1&#8243; _module_preset=&#8221;default&#8221; global_colors_info=&#8221;{}&#8221;][et_pb_text _builder_version=&#8221;4.27.0&#8243; _module_preset=&#8221;default&#8221; text_font=&#8221;Montserrat||||||||&#8221; text_text_color=&#8221;#000000&#8243; text_font_size=&#8221;15px&#8221; header_font=&#8221;|800|||||||&#8221; header_text_align=&#8221;center&#8221; header_text_color=&#8221;#030272&#8243; header_font_size=&#8221;31px&#8221; custom_margin=&#8221;-22px||||false|false&#8221; custom_padding=&#8221;|150px||150px|false|false&#8221; custom_padding_tablet=&#8221;|150px||150px|false|false&#8221; custom_padding_phone=&#8221;|10px||10px|false|false&#8221; custom_padding_last_edited=&#8221;on|phone&#8221; hover_enabled=&#8221;0&#8243; global_colors_info=&#8221;{}&#8221; sticky_enabled=&#8221;0&#8243;]<\/p>\n<p><span style=\"font-weight: 400;\">Sledimo tradicionalnim in celostnim na\u010dinom dela z duhovnostjo in duhovno preobrazbo s poudarkom na pravi in pristni vrednosti joge, tantre in meditacije. Verjamemo, da so tradicionalni nauki, \u010de jih uporabljamo modro in iz srca, lahko orodje za nenehno preobrazbo tudi v sodobnem \u010dasu.<\/span><\/p>\n<p><span style=\"font-weight: 400;\">Te\u010daji so na voljo vsem, ne glede na starost, predhodne izku\u0161nje ali pomanjkanje kakr\u0161nih koli izku\u0161enj. Poleg prakti\u010dnih vaj te\u010daji vklju\u010dujejo tudi teoreti\u010dna u\u010denja na \u0161tevilnih podro\u010djih joge ali tantre. Gre za ve\u010dletni \u0161tudij, katerega cilj je dose\u010di duhovne vi\u0161ave, poudarek pa je vedno na znanju, pridobljenem z osebno izku\u0161njo, in ne na \u0161tudiju teorije, \u010deprav je tudi ta seveda zastopana na te\u010dajih.<\/span><\/p>\n<p><span style=\"font-weight: 400;\">Aspirantov za jogo in tantro ne posku\u0161amo odrezati od dru\u017ebe in jih potisniti v odrekanje ali samoto. Nasprotno. Spodbujamo jih, da \u017eivijo na sodoben na\u010din in svoje znanje uporabljajo v praksi. <\/span><\/p>\n<p>Joga in tantra se zaradi svoje vsestranskosti zlahka prilagajata \u010dasu, v katerem \u017eivimo danes, njegovi intenzivnosti, spremenljivosti sprememb in novim izzivom.<\/p>\n<p><span style=\"font-weight: 400;\">Redna duhovna praksa lahko va\u0161emu \u017eivljenju da novo, globoko razse\u017enost. Odkriti nebe\u0161ko kraljestvo v sebi pomeni nenehno dojemati sebe kot ljubezen in svobodo, kljub zunanjim pogojem.<\/span><\/p>\n<p>Z vadbo joge boste vr\u017eeni v tok \u017eivljenja, in ko bo va\u0161e notranje \u017eivljenje zacvetelo, boste nenadoma odkrili povsem novo \u017eivljenje, ki bo izhajalo iz va\u0161ih vsakodnevnih dejavnosti, dokler ne bo vse postalo pustolov\u0161\u010dina. Nobena &#8220;vsakodnevna dejavnost&#8221; ni nujno nasprotna duhovni preobrazbi.<\/p>\n<p>\u010ce jih opravljamo z duhovno zavzetostjo in pozornostjo, lahko te obi\u010dajne stvari postanejo na\u0161a pot do razsvetljenja. Duhovna \u0161ola Joga neizmerne sre\u010de in zdravja vam pri tem ponuja pomo\u010d in popolno podporo.<\/p>\n<p>[\/et_pb_text][et_pb_text _builder_version=&#8221;4.24.2&#8243; _module_preset=&#8221;default&#8221; header_font=&#8221;Montserrat|800|||||||&#8221; header_text_align=&#8221;center&#8221; header_text_color=&#8221;#030272&#8243; header_font_size=&#8221;22px&#8221; custom_margin=&#8221;28px||||false|false&#8221; global_colors_info=&#8221;{}&#8221;]<\/p>\n<h1><strong>DEJAVNOSTI<\/strong><\/h1>\n<p>[\/et_pb_text][et_pb_text _builder_version=&#8221;4.24.2&#8243; _module_preset=&#8221;default&#8221; text_font=&#8221;Montserrat||||||||&#8221; text_text_color=&#8221;#000000&#8243; text_font_size=&#8221;15px&#8221; header_font=&#8221;|800|||||||&#8221; header_text_align=&#8221;center&#8221; header_text_color=&#8221;#030272&#8243; header_font_size=&#8221;31px&#8221; custom_margin=&#8221;21px||||false|false&#8221; custom_padding=&#8221;|150px||150px|false|false&#8221; custom_padding_tablet=&#8221;|150px||150px|false|false&#8221; custom_padding_phone=&#8221;|10px||10px|false|false&#8221; custom_padding_last_edited=&#8221;on|phone&#8221; global_colors_info=&#8221;{}&#8221;]<\/p>\n<p><span style=\"font-weight: 400;\">Cilj duhovne \u0161ole Joga neizmerne sre\u010de in zdravja je pribli\u017eati izvirne avtenti\u010dne vrednote joge in tantre zahodnemu \u010dloveku na objektiven in razumljiv na\u010din.<\/span><\/p>\n<p><span style=\"font-weight: 400;\">V ta namen poleg celoletnih te\u010dajev, ki so glavni poudarek na\u0161ega pou\u010devanja, izvajamo tudi dopolnilne dejavnosti, kot so razli\u010dne podporne skupine, dru\u017eenja, seminarji in tabori.<\/span><\/p>\n<p>[\/et_pb_text][\/et_pb_column][\/et_pb_row][et_pb_row column_structure=&#8221;1_2,1_2&#8243; _builder_version=&#8221;4.23.1&#8243; _module_preset=&#8221;default&#8221; width=&#8221;63%&#8221; module_alignment=&#8221;center&#8221; custom_margin=&#8221;0px||||false|false&#8221; global_colors_info=&#8221;{}&#8221;][et_pb_column type=&#8221;1_2&#8243; _builder_version=&#8221;4.23.1&#8243; _module_preset=&#8221;default&#8221; global_colors_info=&#8221;{}&#8221;][et_pb_image src=&#8221;https:\/\/joga-nsz.si\/wp-content\/uploads\/2023\/11\/2023-11-23-01.49.00.jpg&#8221; title_text=&#8221;2023-11-23 01.49.00&#8243; _builder_version=&#8221;4.23.1&#8243; _module_preset=&#8221;default&#8221; width=&#8221;57%&#8221; module_alignment=&#8221;center&#8221; global_colors_info=&#8221;{}&#8221;][\/et_pb_image][\/et_pb_column][et_pb_column type=&#8221;1_2&#8243; _builder_version=&#8221;4.23.1&#8243; _module_preset=&#8221;default&#8221; global_colors_info=&#8221;{}&#8221;][et_pb_image src=&#8221;https:\/\/joga-nsz.si\/wp-content\/uploads\/2023\/11\/2023-11-23-01.48.30.jpg&#8221; title_text=&#8221;2023-11-23 01.48.30&#8243; _builder_version=&#8221;4.23.1&#8243; _module_preset=&#8221;default&#8221; width=&#8221;56%&#8221; module_alignment=&#8221;center&#8221; custom_margin=&#8221;||0px|||&#8221; custom_padding_tablet=&#8221;&#8221; custom_padding_phone=&#8221;17px|0px|||false|false&#8221; custom_padding_last_edited=&#8221;on|phone&#8221; global_colors_info=&#8221;{}&#8221;][\/et_pb_image][\/et_pb_column][\/et_pb_row][\/et_pb_section]<\/p>\n","protected":false},"excerpt":{"rendered":"<p>U\u010cENJA IN CILJIOsnovni nauki te \u0161ole vklju\u010dujejo spodbujanje telesne, du\u0161evne in duhovne ravni u\u010dencev in aspirantov s prebujanjem njihovih skritih notranjih potencialov. Na\u0161 cilj je pomagati u\u010dencem, da s pomo\u010djo pou\u010devanja, posredovanih izku\u0161enj in teoreti\u010dnih informacij postanejo mo\u010dni, zavestni in popolnoma neodvisni posamezniki, ki lahko v svojem \u017eivljenju prepoznajo globlji pomen in namen.Sledimo tradicionalnim in [&hellip;]<\/p>\n","protected":false},"author":1,"featured_media":0,"parent":0,"menu_order":0,"comment_status":"closed","ping_status":"closed","template":"","meta":{"_et_pb_use_builder":"on","_et_pb_old_content":"","_et_gb_content_width":"","footnotes":""},"yoast_head":"<!-- This site is optimized with the Yoast SEO plugin v23.3 - https:\/\/yoast.com\/wordpress\/plugins\/seo\/ -->\n<title>U\u010cENJA IN CILJI - Joga neizmerne sre\u010de in zdravja<\/title>\n<meta name=\"description\" content=\"Osnovni nauki te \u0161ole vklju\u010dujejo spodbujanje telesne, du\u0161evne in duhovne ravni u\u010dencev in aspirantov s prebujanjem njih...\" \/>\n<meta name=\"robots\" content=\"index, follow, max-snippet:-1, max-image-preview:large, max-video-preview:-1\" \/>\n<link rel=\"canonical\" href=\"https:\/\/joga-nsz.si\/?page_id=1640\" \/>\n<meta property=\"og:locale\" content=\"en_GB\" \/>\n<meta property=\"og:type\" content=\"article\" \/>\n<meta property=\"og:title\" content=\"U\u010cENJA IN CILJI - Joga neizmerne sre\u010de in zdravja\" \/>\n<meta property=\"og:description\" content=\"Osnovni nauki te \u0161ole vklju\u010dujejo spodbujanje telesne, du\u0161evne in duhovne ravni u\u010dencev in aspirantov s prebujanjem njih...\" \/>\n<meta property=\"og:url\" content=\"https:\/\/joga-nsz.si\/?page_id=1640\" \/>\n<meta property=\"og:site_name\" content=\"Joga neizmerne sre\u010de in zdravja\" \/>\n<meta property=\"article:modified_time\" content=\"2025-01-20T20:12:38+00:00\" \/>\n<meta name=\"twitter:card\" content=\"summary_large_image\" \/>\n<script type=\"application\/ld+json\" class=\"yoast-schema-graph\">{\"@context\":\"https:\/\/schema.org\",\"@graph\":[{\"@type\":\"WebPage\",\"@id\":\"https:\/\/joga-nsz.si\/?page_id=1640\",\"url\":\"https:\/\/joga-nsz.si\/?page_id=1640\",\"name\":\"U\u010cENJA IN CILJI - Joga neizmerne sre\u010de in zdravja\",\"isPartOf\":{\"@id\":\"https:\/\/joga-nsz.si\/#website\"},\"datePublished\":\"2023-11-15T18:33:37+00:00\",\"dateModified\":\"2025-01-20T20:12:38+00:00\",\"description\":\"Osnovni nauki te \u0161ole vklju\u010dujejo spodbujanje telesne, du\u0161evne in duhovne ravni u\u010dencev in aspirantov s prebujanjem njih...\",\"breadcrumb\":{\"@id\":\"https:\/\/joga-nsz.si\/?page_id=1640#breadcrumb\"},\"inLanguage\":\"en-GB\",\"potentialAction\":[{\"@type\":\"ReadAction\",\"target\":[\"https:\/\/joga-nsz.si\/?page_id=1640\"]}]},{\"@type\":\"BreadcrumbList\",\"@id\":\"https:\/\/joga-nsz.si\/?page_id=1640#breadcrumb\",\"itemListElement\":[{\"@type\":\"ListItem\",\"position\":1,\"name\":\"Home\",\"item\":\"https:\/\/joga-nsz.si\/\"},{\"@type\":\"ListItem\",\"position\":2,\"name\":\"U\u010cENJA IN CILJI\"}]},{\"@type\":\"WebSite\",\"@id\":\"https:\/\/joga-nsz.si\/#website\",\"url\":\"https:\/\/joga-nsz.si\/\",\"name\":\"Joga neizmerne sre\u010de in zdravja\",\"description\":\"Do\u017eivi se in odkrij radost \u017eivljenja!\",\"potentialAction\":[{\"@type\":\"SearchAction\",\"target\":{\"@type\":\"EntryPoint\",\"urlTemplate\":\"https:\/\/joga-nsz.si\/?s={search_term_string}\"},\"query-input\":\"required name=search_term_string\"}],\"inLanguage\":\"en-GB\"}]}<\/script>\n<!-- \/ Yoast SEO plugin. -->","yoast_head_json":{"title":"U\u010cENJA IN CILJI - Joga neizmerne sre\u010de in zdravja","description":"Osnovni nauki te \u0161ole vklju\u010dujejo spodbujanje telesne, du\u0161evne in duhovne ravni u\u010dencev in aspirantov s prebujanjem njih...","robots":{"index":"index","follow":"follow","max-snippet":"max-snippet:-1","max-image-preview":"max-image-preview:large","max-video-preview":"max-video-preview:-1"},"canonical":"https:\/\/joga-nsz.si\/?page_id=1640","og_locale":"en_GB","og_type":"article","og_title":"U\u010cENJA IN CILJI - Joga neizmerne sre\u010de in zdravja","og_description":"Osnovni nauki te \u0161ole vklju\u010dujejo spodbujanje telesne, du\u0161evne in duhovne ravni u\u010dencev in aspirantov s prebujanjem njih...","og_url":"https:\/\/joga-nsz.si\/?page_id=1640","og_site_name":"Joga neizmerne sre\u010de in zdravja","article_modified_time":"2025-01-20T20:12:38+00:00","twitter_card":"summary_large_image","schema":{"@context":"https:\/\/schema.org","@graph":[{"@type":"WebPage","@id":"https:\/\/joga-nsz.si\/?page_id=1640","url":"https:\/\/joga-nsz.si\/?page_id=1640","name":"U\u010cENJA IN CILJI - Joga neizmerne sre\u010de in zdravja","isPartOf":{"@id":"https:\/\/joga-nsz.si\/#website"},"datePublished":"2023-11-15T18:33:37+00:00","dateModified":"2025-01-20T20:12:38+00:00","description":"Osnovni nauki te \u0161ole vklju\u010dujejo spodbujanje telesne, du\u0161evne in duhovne ravni u\u010dencev in aspirantov s prebujanjem njih...","breadcrumb":{"@id":"https:\/\/joga-nsz.si\/?page_id=1640#breadcrumb"},"inLanguage":"en-GB","potentialAction":[{"@type":"ReadAction","target":["https:\/\/joga-nsz.si\/?page_id=1640"]}]},{"@type":"BreadcrumbList","@id":"https:\/\/joga-nsz.si\/?page_id=1640#breadcrumb","itemListElement":[{"@type":"ListItem","position":1,"name":"Home","item":"https:\/\/joga-nsz.si\/"},{"@type":"ListItem","position":2,"name":"U\u010cENJA IN CILJI"}]},{"@type":"WebSite","@id":"https:\/\/joga-nsz.si\/#website","url":"https:\/\/joga-nsz.si\/","name":"Joga neizmerne sre\u010de in zdravja","description":"Do\u017eivi se in odkrij radost \u017eivljenja!","potentialAction":[{"@type":"SearchAction","target":{"@type":"EntryPoint","urlTemplate":"https:\/\/joga-nsz.si\/?s={search_term_string}"},"query-input":"required name=search_term_string"}],"inLanguage":"en-GB"}]}},"_links":{"self":[{"href":"https:\/\/joga-nsz.si\/index.php?rest_route=\/wp\/v2\/pages\/1640"}],"collection":[{"href":"https:\/\/joga-nsz.si\/index.php?rest_route=\/wp\/v2\/pages"}],"about":[{"href":"https:\/\/joga-nsz.si\/index.php?rest_route=\/wp\/v2\/types\/page"}],"author":[{"embeddable":true,"href":"https:\/\/joga-nsz.si\/index.php?rest_route=\/wp\/v2\/users\/1"}],"replies":[{"embeddable":true,"href":"https:\/\/joga-nsz.si\/index.php?rest_route=%2Fwp%2Fv2%2Fcomments&post=1640"}],"version-history":[{"count":7,"href":"https:\/\/joga-nsz.si\/index.php?rest_route=\/wp\/v2\/pages\/1640\/revisions"}],"predecessor-version":[{"id":2356,"href":"https:\/\/joga-nsz.si\/index.php?rest_route=\/wp\/v2\/pages\/1640\/revisions\/2356"}],"wp:attachment":[{"href":"https:\/\/joga-nsz.si\/index.php?rest_route=%2Fwp%2Fv2%2Fmedia&parent=1640"}],"curies":[{"name":"wp","href":"https:\/\/api.w.org\/{rel}","templated":true}]}}