{"id":1645,"date":"2023-11-15T19:55:19","date_gmt":"2023-11-15T18:55:19","guid":{"rendered":"https:\/\/joga-nsz.si\/?page_id=1645"},"modified":"2025-05-25T12:24:43","modified_gmt":"2025-05-25T11:24:43","slug":"duhovna-svoboda","status":"publish","type":"page","link":"https:\/\/joga-nsz.si\/?page_id=1645","title":{"rendered":"DUHOVNA SVOBODA"},"content":{"rendered":"<p>[et_pb_section fb_built=&#8221;1&#8243; _builder_version=&#8221;4.23.1&#8243; _module_preset=&#8221;default&#8221; custom_padding=&#8221;1px||0px|||&#8221; global_colors_info=&#8221;{}&#8221;][et_pb_row _builder_version=&#8221;4.23.1&#8243; _module_preset=&#8221;default&#8221; global_colors_info=&#8221;{}&#8221;][et_pb_column type=&#8221;4_4&#8243; _builder_version=&#8221;4.23.1&#8243; _module_preset=&#8221;default&#8221; global_colors_info=&#8221;{}&#8221;][et_pb_text _builder_version=&#8221;4.27.0&#8243; _module_preset=&#8221;default&#8221; text_font=&#8221;Montserrat||||||||&#8221; header_font=&#8221;League Spartan|800|||||||&#8221; header_text_align=&#8221;center&#8221; header_text_color=&#8221;#030272&#8243; header_font_size=&#8221;35px&#8221; header_2_text_align=&#8221;center&#8221; global_colors_info=&#8221;{}&#8221;]<\/p>\n<h1><strong>DUHOVNA SVOBODA<\/strong><\/h1>\n<p>[\/et_pb_text][et_pb_image src=&#8221;https:\/\/joga-nsz.si\/wp-content\/uploads\/2023\/11\/2023-11-23-02.18.17.jpg&#8221; title_text=&#8221;2023-11-23 02.18.17&#8243; _builder_version=&#8221;4.23.1&#8243; _module_preset=&#8221;default&#8221; width=&#8221;12%&#8221; width_tablet=&#8221;12%&#8221; width_phone=&#8221;43%&#8221; width_last_edited=&#8221;on|desktop&#8221; module_alignment=&#8221;center&#8221; global_colors_info=&#8221;{}&#8221;][\/et_pb_image][\/et_pb_column][\/et_pb_row][et_pb_row _builder_version=&#8221;4.23.1&#8243; _module_preset=&#8221;default&#8221; custom_margin=&#8221;-53px|auto|-7px|auto||&#8221; global_colors_info=&#8221;{}&#8221;][et_pb_column type=&#8221;4_4&#8243; _builder_version=&#8221;4.23.1&#8243; _module_preset=&#8221;default&#8221; global_colors_info=&#8221;{}&#8221;][et_pb_text _builder_version=&#8221;4.27.0&#8243; _module_preset=&#8221;default&#8221; text_font=&#8221;Montserrat||||||||&#8221; text_text_color=&#8221;#000000&#8243; text_font_size=&#8221;15px&#8221; link_font=&#8221;||||on||||&#8221; link_text_color=&#8221;#E09900&#8243; header_font=&#8221;|800|||||||&#8221; header_text_align=&#8221;center&#8221; header_text_color=&#8221;#030272&#8243; header_font_size=&#8221;35px&#8221; header_2_text_align=&#8221;center&#8221; custom_margin=&#8221;11px||||false|false&#8221; custom_padding=&#8221;|150px|27px|150px|false|false&#8221; custom_padding_tablet=&#8221;|150px||150px|false|false&#8221; custom_padding_phone=&#8221;|10px||10px|false|false&#8221; custom_padding_last_edited=&#8221;on|phone&#8221; global_colors_info=&#8221;{}&#8221;]<\/p>\n<p><span style=\"font-weight: 400;\">Boj za versko in duhovno svobodo traja \u017ee stoletja in je v mnogih avtenti\u010dnih duhovnih \u0161olah in organizacijah privedel do ne\u0161tetih in pogosto tragi\u010dnih sporov in \u0161kandalov. Duhovni u\u010ditelji in vodniki razli\u010dnih duhovnih tradicij so bili v zgodovini vedno tar\u010da preganjanja, dandanes pa tudi medijskih in spletnih \u0161kandalov ter obrekovanj v dru\u017ebi.\u00a0<\/span><\/p>\n<p><span style=\"font-weight: 400;\">Romunska \u0161ola joge MISA, katere u\u010denja prevzema tudi duhovna \u0161ola Joga neizmerne sre\u010de in zdravja, se je v svoji domovini Romuniji skoraj od svoje ustanovitve soo\u010dala s \u0161tevilnimi napadi, tako s strani romunskih oblasti in dr\u017eavnih organov, ki jih zastopa policija, kot tudi s strani medijev. Ti sistemati\u010dni pritiski in la\u017ene obto\u017ebe zoper ustanovitelja joga \u0161ole MISA <\/span><strong><a href=\"https:\/\/bozanski-atributi.com\/kdo-smo\/o-ucitelju-joge-gregorianu-bivolaru\/\" target=\"_blank\" rel=\"noopener\">Gregoriana Bivolaruja <\/a><\/strong><span style=\"font-weight: 400;\">in u\u010dence te \u0161ole trajajo \u017ee ve\u010d let in se tudi danes nadaljujejo. Organizacije za \u010dlovekove pravice se aktivno zanimajo za primere kr\u0161itev \u010dlovekovih pravic \u0161tudentov joge ne le v Romuniji, temve\u010d tudi drugod po svetu.<\/span><\/p>\n<p>[\/et_pb_text][et_pb_image src=&#8221;https:\/\/joga-nsz.si\/wp-content\/uploads\/2023\/11\/2023-11-23-02.13.57.jpg&#8221; title_text=&#8221;2023-11-23 02.13.57&#8243; _builder_version=&#8221;4.23.1&#8243; _module_preset=&#8221;default&#8221; width=&#8221;55%&#8221; module_alignment=&#8221;center&#8221; global_colors_info=&#8221;{}&#8221;][\/et_pb_image][et_pb_text _builder_version=&#8221;4.27.0&#8243; _module_preset=&#8221;default&#8221; text_font=&#8221;Montserrat||||||||&#8221; text_text_color=&#8221;#000000&#8243; text_font_size=&#8221;15px&#8221; link_font=&#8221;||||on||||&#8221; link_text_color=&#8221;#E09900&#8243; header_font=&#8221;|800|||||||&#8221; header_text_align=&#8221;center&#8221; header_text_color=&#8221;#030272&#8243; header_font_size=&#8221;35px&#8221; header_2_text_align=&#8221;center&#8221; custom_margin=&#8221;11px||||false|false&#8221; custom_padding=&#8221;20px|150px||150px|false|false&#8221; custom_padding_tablet=&#8221;|150px||150px|false|false&#8221; custom_padding_phone=&#8221;|10px||10px|false|false&#8221; custom_padding_last_edited=&#8221;on|phone&#8221; hover_enabled=&#8221;0&#8243; global_colors_info=&#8221;{}&#8221; sticky_enabled=&#8221;0&#8243;]<\/p>\n<p>Za nadaljnje raziskovanje te tematike in iskanje objektivnosti in resnice priporo\u010damo naslednje povezave, kjer lahko najdete \u0161e ve\u010d razlag, perspektiv ter direktnih pri\u010devanj u\u010dencev razli\u010dnih joga \u0161ol po svetu, ki se soo\u010dajo s podobnimi izzivi:<\/p>\n<p>Kaj pravijo strokovnjaki za \u010dlovekove pravice, sociologijo in verska gibanja:<\/p>\n<p>1. <a href=\"https:\/\/atmanyogafederation.org\/experts-about-atman\/\" target=\"_blank\" rel=\"noopener\">Povezava.<\/a><\/p>\n<p>2. <a href=\"https:\/\/soteriainternational.org\/%20\" target=\"_blank\" rel=\"noopener\">Povezava.<\/a><\/p>\n<p>3. <a href=\"http:\/\/www.youtube.com\/watch?v=t4ISvUTkuGs\" target=\"_blank\" rel=\"noopener\">Povezava.<\/a><\/p>\n<p>4. <a href=\"https:\/\/www.youtube.com\/watch?v=ZkKIpkrkyk4\" target=\"_blank\" rel=\"noopener\">Povezava.<\/a><\/p>\n<p>5. <a href=\"https:\/\/www.youtube.com\/watch?v=CVRqWiC_xoU\" target=\"_blank\" rel=\"noopener\">Povezava.<\/a><\/p>\n<p>[\/et_pb_text][\/et_pb_column][\/et_pb_row][\/et_pb_section]<\/p>\n","protected":false},"excerpt":{"rendered":"<p>DUHOVNA SVOBODABoj za versko in duhovno svobodo traja \u017ee stoletja in je v mnogih avtenti\u010dnih duhovnih \u0161olah in organizacijah privedel do ne\u0161tetih in pogosto tragi\u010dnih sporov in \u0161kandalov. Duhovni u\u010ditelji in vodniki razli\u010dnih duhovnih tradicij so bili v zgodovini vedno tar\u010da preganjanja, dandanes pa tudi medijskih in spletnih \u0161kandalov ter obrekovanj v dru\u017ebi.\u00a0 Romunska \u0161ola [&hellip;]<\/p>\n","protected":false},"author":1,"featured_media":0,"parent":0,"menu_order":0,"comment_status":"closed","ping_status":"closed","template":"","meta":{"_et_pb_use_builder":"on","_et_pb_old_content":"","_et_gb_content_width":"","footnotes":""},"yoast_head":"<!-- This site is optimized with the Yoast SEO plugin v23.3 - https:\/\/yoast.com\/wordpress\/plugins\/seo\/ -->\n<title>DUHOVNA SVOBODA - Joga neizmerne sre\u010de in zdravja<\/title>\n<meta name=\"description\" content=\"Boj za versko in duhovno svobodo traja \u017ee stoletja in je v mnogih avtenti\u010dnih duhovnih \u0161olah in organizacijah privedel do ne\u0161t...\" \/>\n<meta name=\"robots\" content=\"index, follow, max-snippet:-1, max-image-preview:large, max-video-preview:-1\" \/>\n<link rel=\"canonical\" href=\"https:\/\/joga-nsz.si\/?page_id=1645\" \/>\n<meta property=\"og:locale\" content=\"en_GB\" \/>\n<meta property=\"og:type\" content=\"article\" \/>\n<meta property=\"og:title\" content=\"DUHOVNA SVOBODA - Joga neizmerne sre\u010de in zdravja\" \/>\n<meta property=\"og:description\" content=\"Boj za versko in duhovno svobodo traja \u017ee stoletja in je v mnogih avtenti\u010dnih duhovnih \u0161olah in organizacijah privedel do ne\u0161t...\" \/>\n<meta property=\"og:url\" content=\"https:\/\/joga-nsz.si\/?page_id=1645\" \/>\n<meta property=\"og:site_name\" content=\"Joga neizmerne sre\u010de in zdravja\" \/>\n<meta property=\"article:modified_time\" content=\"2025-05-25T11:24:43+00:00\" \/>\n<meta name=\"twitter:card\" content=\"summary_large_image\" \/>\n<script type=\"application\/ld+json\" class=\"yoast-schema-graph\">{\"@context\":\"https:\/\/schema.org\",\"@graph\":[{\"@type\":\"WebPage\",\"@id\":\"https:\/\/joga-nsz.si\/?page_id=1645\",\"url\":\"https:\/\/joga-nsz.si\/?page_id=1645\",\"name\":\"DUHOVNA SVOBODA - Joga neizmerne sre\u010de in zdravja\",\"isPartOf\":{\"@id\":\"https:\/\/joga-nsz.si\/#website\"},\"datePublished\":\"2023-11-15T18:55:19+00:00\",\"dateModified\":\"2025-05-25T11:24:43+00:00\",\"description\":\"Boj za versko in duhovno svobodo traja \u017ee stoletja in je v mnogih avtenti\u010dnih duhovnih \u0161olah in organizacijah privedel do ne\u0161t...\",\"breadcrumb\":{\"@id\":\"https:\/\/joga-nsz.si\/?page_id=1645#breadcrumb\"},\"inLanguage\":\"en-GB\",\"potentialAction\":[{\"@type\":\"ReadAction\",\"target\":[\"https:\/\/joga-nsz.si\/?page_id=1645\"]}]},{\"@type\":\"BreadcrumbList\",\"@id\":\"https:\/\/joga-nsz.si\/?page_id=1645#breadcrumb\",\"itemListElement\":[{\"@type\":\"ListItem\",\"position\":1,\"name\":\"Home\",\"item\":\"https:\/\/joga-nsz.si\/\"},{\"@type\":\"ListItem\",\"position\":2,\"name\":\"DUHOVNA SVOBODA\"}]},{\"@type\":\"WebSite\",\"@id\":\"https:\/\/joga-nsz.si\/#website\",\"url\":\"https:\/\/joga-nsz.si\/\",\"name\":\"Joga neizmerne sre\u010de in zdravja\",\"description\":\"Do\u017eivi se in odkrij radost \u017eivljenja!\",\"potentialAction\":[{\"@type\":\"SearchAction\",\"target\":{\"@type\":\"EntryPoint\",\"urlTemplate\":\"https:\/\/joga-nsz.si\/?s={search_term_string}\"},\"query-input\":\"required name=search_term_string\"}],\"inLanguage\":\"en-GB\"}]}<\/script>\n<!-- \/ Yoast SEO plugin. -->","yoast_head_json":{"title":"DUHOVNA SVOBODA - Joga neizmerne sre\u010de in zdravja","description":"Boj za versko in duhovno svobodo traja \u017ee stoletja in je v mnogih avtenti\u010dnih duhovnih \u0161olah in organizacijah privedel do ne\u0161t...","robots":{"index":"index","follow":"follow","max-snippet":"max-snippet:-1","max-image-preview":"max-image-preview:large","max-video-preview":"max-video-preview:-1"},"canonical":"https:\/\/joga-nsz.si\/?page_id=1645","og_locale":"en_GB","og_type":"article","og_title":"DUHOVNA SVOBODA - Joga neizmerne sre\u010de in zdravja","og_description":"Boj za versko in duhovno svobodo traja \u017ee stoletja in je v mnogih avtenti\u010dnih duhovnih \u0161olah in organizacijah privedel do ne\u0161t...","og_url":"https:\/\/joga-nsz.si\/?page_id=1645","og_site_name":"Joga neizmerne sre\u010de in zdravja","article_modified_time":"2025-05-25T11:24:43+00:00","twitter_card":"summary_large_image","schema":{"@context":"https:\/\/schema.org","@graph":[{"@type":"WebPage","@id":"https:\/\/joga-nsz.si\/?page_id=1645","url":"https:\/\/joga-nsz.si\/?page_id=1645","name":"DUHOVNA SVOBODA - Joga neizmerne sre\u010de in zdravja","isPartOf":{"@id":"https:\/\/joga-nsz.si\/#website"},"datePublished":"2023-11-15T18:55:19+00:00","dateModified":"2025-05-25T11:24:43+00:00","description":"Boj za versko in duhovno svobodo traja \u017ee stoletja in je v mnogih avtenti\u010dnih duhovnih \u0161olah in organizacijah privedel do ne\u0161t...","breadcrumb":{"@id":"https:\/\/joga-nsz.si\/?page_id=1645#breadcrumb"},"inLanguage":"en-GB","potentialAction":[{"@type":"ReadAction","target":["https:\/\/joga-nsz.si\/?page_id=1645"]}]},{"@type":"BreadcrumbList","@id":"https:\/\/joga-nsz.si\/?page_id=1645#breadcrumb","itemListElement":[{"@type":"ListItem","position":1,"name":"Home","item":"https:\/\/joga-nsz.si\/"},{"@type":"ListItem","position":2,"name":"DUHOVNA SVOBODA"}]},{"@type":"WebSite","@id":"https:\/\/joga-nsz.si\/#website","url":"https:\/\/joga-nsz.si\/","name":"Joga neizmerne sre\u010de in zdravja","description":"Do\u017eivi se in odkrij radost \u017eivljenja!","potentialAction":[{"@type":"SearchAction","target":{"@type":"EntryPoint","urlTemplate":"https:\/\/joga-nsz.si\/?s={search_term_string}"},"query-input":"required name=search_term_string"}],"inLanguage":"en-GB"}]}},"_links":{"self":[{"href":"https:\/\/joga-nsz.si\/index.php?rest_route=\/wp\/v2\/pages\/1645"}],"collection":[{"href":"https:\/\/joga-nsz.si\/index.php?rest_route=\/wp\/v2\/pages"}],"about":[{"href":"https:\/\/joga-nsz.si\/index.php?rest_route=\/wp\/v2\/types\/page"}],"author":[{"embeddable":true,"href":"https:\/\/joga-nsz.si\/index.php?rest_route=\/wp\/v2\/users\/1"}],"replies":[{"embeddable":true,"href":"https:\/\/joga-nsz.si\/index.php?rest_route=%2Fwp%2Fv2%2Fcomments&post=1645"}],"version-history":[{"count":16,"href":"https:\/\/joga-nsz.si\/index.php?rest_route=\/wp\/v2\/pages\/1645\/revisions"}],"predecessor-version":[{"id":2479,"href":"https:\/\/joga-nsz.si\/index.php?rest_route=\/wp\/v2\/pages\/1645\/revisions\/2479"}],"wp:attachment":[{"href":"https:\/\/joga-nsz.si\/index.php?rest_route=%2Fwp%2Fv2%2Fmedia&parent=1645"}],"curies":[{"name":"wp","href":"https:\/\/api.w.org\/{rel}","templated":true}]}}