{"id":1659,"date":"2023-11-15T20:18:26","date_gmt":"2023-11-15T19:18:26","guid":{"rendered":"https:\/\/joga-nsz.si\/?page_id=1659"},"modified":"2024-08-22T12:22:03","modified_gmt":"2024-08-22T11:22:03","slug":"pomembno-razkritje-o-novi-podli-zaroti-proti-duhovnosti-na-splosno-in-se-posebej-proti-uglednemu-ucitelju-joge-gregorianu-bivolaru","status":"publish","type":"page","link":"https:\/\/joga-nsz.si\/?page_id=1659","title":{"rendered":"Pomembno razkritje o novi podli zaroti proti duhovnosti na splo\u0161no in \u0161e posebej proti uglednemu u\u010ditelju joge Gregorianu Bivolaru"},"content":{"rendered":"<p>[et_pb_section fb_built=&#8221;1&#8243; _builder_version=&#8221;4.23.1&#8243; _module_preset=&#8221;default&#8221; custom_padding=&#8221;0px||22px|||&#8221; global_colors_info=&#8221;{}&#8221;][et_pb_row _builder_version=&#8221;4.23.1&#8243; _module_preset=&#8221;default&#8221; global_colors_info=&#8221;{}&#8221;][et_pb_column type=&#8221;4_4&#8243; _builder_version=&#8221;4.23.1&#8243; _module_preset=&#8221;default&#8221; global_colors_info=&#8221;{}&#8221;][et_pb_text content_tablet=&#8221;<\/p>\n<h1><b>Pomembno razkritje o novi podli zaroti proti duhovnosti <\/b><b>na splo\u0161no in \u0161e posebej proti uglednemuu\u010ditelju joge Gregorianu Bivolaru<\/b><\/h1>\n<p>&#8221; content_phone=&#8221;<\/p>\n<h1><b>Pomembno razkritje o novi podli zaroti proti duhovnosti <\/b><b>na splo\u0161no in \u0161e posebej proti uglednemuu\u010ditelju joge Gregorianu Bivolaru<\/b><\/h1>\n<p>&#8221; content_last_edited=&#8221;on|desktop&#8221; _builder_version=&#8221;4.27.0&#8243; _module_preset=&#8221;default&#8221; header_font=&#8221;League Spartan||||||||&#8221; header_text_align=&#8221;center&#8221; header_text_color=&#8221;#030272&#8243; header_font_size=&#8221;31px&#8221; header_line_height=&#8221;0.8em&#8221; width=&#8221;64%&#8221; width_tablet=&#8221;62%&#8221; width_phone=&#8221;62%&#8221; width_last_edited=&#8221;on|desktop&#8221; module_alignment=&#8221;center&#8221; custom_margin=&#8221;||24px|||&#8221; hover_enabled=&#8221;0&#8243; header_font_size_tablet=&#8221;31px&#8221; header_font_size_phone=&#8221;20px&#8221; header_font_size_last_edited=&#8221;on|phone&#8221; header_line_height_phone=&#8221;1em&#8221; header_line_height_last_edited=&#8221;off|desktop&#8221; global_colors_info=&#8221;{}&#8221; sticky_enabled=&#8221;0&#8243;]<\/p>\n<h1>Pomembno razkritje o novi podli zaroti proti duhovnosti na splo\u0161no in \u0161e posebej proti uglednemu u\u010ditelju joge Gregorianu Bivolaru<\/h1>\n<p>[\/et_pb_text][et_pb_text _builder_version=&#8221;4.24.2&#8243; _module_preset=&#8221;default&#8221; text_font=&#8221;Montserrat||||||||&#8221; text_text_color=&#8221;#000000&#8243; text_font_size=&#8221;15px&#8221; link_font=&#8221;|700|||on|||#E09900|&#8221; link_text_color=&#8221;#E09900&#8243; header_text_align=&#8221;center&#8221; header_text_color=&#8221;#030272&#8243; header_font_size=&#8221;31px&#8221; custom_margin=&#8221;10px||||false|false&#8221; custom_padding=&#8221;|150px||150px|false|false&#8221; custom_padding_tablet=&#8221;|150px||150px|false|false&#8221; custom_padding_phone=&#8221;|10px||10px|false|false&#8221; custom_padding_last_edited=&#8221;on|phone&#8221; global_colors_info=&#8221;{}&#8221;]<\/p>\n<p><span style=\"font-weight: 400;\">M\u0103d\u0103lina Dumitru je avtorica avtobiografske knjige &#8220;Zlomljeni polet&#8221;, v kateri razkriva izmi\u0161ljena dejstva, s katerimi oblasti napadajo na\u0161o ezoteri\u010dno duhovno \u0161olo in uglednega u\u010ditelja joge Gregoriana Bivolarja.\u00a0<\/span><\/p>\n<p><span style=\"font-weight: 400;\">Pred kratkim so z njo stopili v stik in ji ponudili velike vsote denarja (350.000 evrov), da bi dala intervju z la\u017enimi obto\u017ebami proti gospodu Bivolaruju in ezoteri\u010dni duhovni \u0161oli, ki je zrasla okoli njegovih duhovnih naukov. Klicatelj ji je povedal, da je &#8220;del koordinacijske skupine projekta, ki vklju\u010duje zbiranje tak\u0161nih pri\u010devanj drugih ljudi&#8221;. Pogovor je kazal na prihajajo\u010do medijsko kampanjo, zelo verjetno v obliki obrekovalnega dokumentarca, ki jo na\u010drtujejo tisti &#8220;sovra\u017eniki&#8221; pristne duhovnosti, ki svoje mahinacije prena\u0161ajo v ve\u010dji obseg.<\/span><\/p>\n<p><span style=\"font-weight: 400;\">Zato pri\u010dakujemo \u0161kandalozni dokumentarec, poln la\u017ei zoper uglednega u\u010ditelja joge Gregoriana Bivolarja in ezoteri\u010dne duhovne \u0161ole, ki pripadajo Mednarodni zvezi za jogo in meditacijo Atman (ki je pravni organ, ki v skladu z njegovimi te\u010daji pou\u010duje o jogi, tantri in drugih duhovnih temah).<\/span><\/p>\n<p><span style=\"font-weight: 400;\">M\u0103d\u0103lina Dumitru je ponudbo zavrnila in se odlo\u010dila, da bo razkrila ta poziv ter o njem obvestila \u0161ir\u0161o javnost, da bi opozorila mednarodno skupnost \u0161ol, ki pripadajo zvezi Atman, na to podlo pobudo, ki se trenutno pripravlja. Ne le gospa Dumitru, ampak tudi drugi u\u010denci na\u0161ih \u0161ol so bili v zadnjem \u010dasu kontaktirani s strani novinarjev ali ljudi, dejavnih na senzacionalisti\u010dnih kanalih dru\u017ebenih medijev, z enakimi nameni.<\/span><\/p>\n<p><span style=\"font-weight: 400;\">Njeno razkritje najdete tukaj:<\/span><\/p>\n<p>[\/et_pb_text][et_pb_video src=&#8221;https:\/\/youtu.be\/SDE8JrY5Fjg&#8221; _builder_version=&#8221;4.23.1&#8243; _module_preset=&#8221;default&#8221; width=&#8221;60%&#8221; module_alignment=&#8221;center&#8221; custom_padding=&#8221;36px||20px||false|false&#8221; global_colors_info=&#8221;{}&#8221;][\/et_pb_video][\/et_pb_column][\/et_pb_row][et_pb_row column_structure=&#8221;1_2,1_2&#8243; _builder_version=&#8221;4.23.1&#8243; _module_preset=&#8221;default&#8221; custom_margin=&#8221;-29px|auto||auto||&#8221; custom_padding=&#8221;2px|||||&#8221; global_colors_info=&#8221;{}&#8221;][et_pb_column type=&#8221;1_2&#8243; _builder_version=&#8221;4.23.1&#8243; _module_preset=&#8221;default&#8221; global_colors_info=&#8221;{}&#8221;][et_pb_image src=&#8221;https:\/\/joga-nsz.si\/wp-content\/uploads\/2023\/11\/2023-11-23-02.04.41.jpg&#8221; title_text=&#8221;2023-11-23 02.04.41&#8243; _builder_version=&#8221;4.23.1&#8243; _module_preset=&#8221;default&#8221; width=&#8221;48%&#8221; width_tablet=&#8221;48%&#8221; width_phone=&#8221;48%&#8221; width_last_edited=&#8221;on|phone&#8221; module_alignment=&#8221;center&#8221; custom_margin=&#8221;|-368px|||false|false&#8221; custom_padding=&#8221;0px|1px|0px|7px|false|false&#8221; global_colors_info=&#8221;{}&#8221;][\/et_pb_image][\/et_pb_column][et_pb_column type=&#8221;1_2&#8243; _builder_version=&#8221;4.23.1&#8243; _module_preset=&#8221;default&#8221; global_colors_info=&#8221;{}&#8221;][et_pb_text _builder_version=&#8221;4.24.2&#8243; _module_preset=&#8221;default&#8221; text_font=&#8221;Montserrat||||||||&#8221; text_text_color=&#8221;#000000&#8243; text_font_size=&#8221;15px&#8221; link_font=&#8221;|700|||on|||#E09900|&#8221; link_text_color=&#8221;#E09900&#8243; header_text_align=&#8221;center&#8221; header_text_color=&#8221;#030272&#8243; header_font_size=&#8221;31px&#8221; custom_margin=&#8221;10px|||-118px|false|false&#8221; custom_margin_tablet=&#8221;10px|||-118px|false|false&#8221; custom_margin_phone=&#8221;21px|||0px|false|false&#8221; custom_margin_last_edited=&#8221;on|desktop&#8221; custom_padding=&#8221;|87px||0px|false|false&#8221; custom_padding_tablet=&#8221;|150px||150px|false|false&#8221; custom_padding_phone=&#8221;|10px||10px|false|false&#8221; custom_padding_last_edited=&#8221;on|phone&#8221; global_colors_info=&#8221;{}&#8221;]<\/p>\n<p><span style=\"font-weight: 400;\">Knjiga gospe Dumitru o njeni celotni zgodbi o zlorabah in mu\u010denju, ki so jih izvajale romunske oblasti, je na voljo kot e-knjiga na <a href=\"https:\/\/nathabooks.com\/product\/the-broken-flight\/\" target=\"_blank\" rel=\"noopener\">POVEZAVI<\/a><\/span><span style=\"font-weight: 400;\">.<\/span><\/p>\n<p><span style=\"font-weight: 400;\">Ta knjiga ponuja pomemben in neposreden vpogled v mehanizme v ozadju korupcije romunskega pravosodnega sistema v zvezi s \u0161olo joge in gospodom Gregorianom Bivolarjem, ki o\u010ditno sega na globalno raven.<\/span><\/p>\n<p><span style=\"font-weight: 400;\">Podobno se je zgodilo tudi v primeru drugih duhovnih \u0161ol, ki so bile diskriminirane brez kakr\u0161nih koli dokazov ali resni\u010dnih dejstev, kar je povzro\u010dilo veliko izgubo u\u010dencev, \u0161kodovalo javni podobi itd.\u00a0<\/span><\/p>\n<p><span style=\"font-weight: 400;\">Ker smo pripravljeni in vemo za tak\u0161ne podle na\u010drte, ki se pripravljajo proti ezoteri\u010dnim \u0161olam pristne duhovnosti (tokrat proti zvezi Atman in uglednemu u\u010ditelju joge Gregorianu Bivolarju), upamo, da bomo prepre\u010dili veliko \u0161kode, ki jo nameravajo povzro\u010diti tak\u0161na podla in nizkotna dejanja.<\/span><\/p>\n<p><span style=\"font-weight: 400;\"><\/span><\/p>\n<p><span style=\"font-weight: 400;\"><\/span><\/p>\n<p>[\/et_pb_text][\/et_pb_column][\/et_pb_row][\/et_pb_section]<\/p>\n","protected":false},"excerpt":{"rendered":"<p>Pomembno razkritje o novi podli zaroti proti duhovnosti na splo\u0161no in \u0161e posebej proti uglednemu u\u010ditelju joge Gregorianu BivolaruM\u0103d\u0103lina Dumitru je avtorica avtobiografske knjige &#8220;Zlomljeni polet&#8221;, v kateri razkriva izmi\u0161ljena dejstva, s katerimi oblasti napadajo na\u0161o ezoteri\u010dno duhovno \u0161olo in uglednega u\u010ditelja joge Gregoriana Bivolarja.\u00a0 Pred kratkim so z njo stopili v stik in ji [&hellip;]<\/p>\n","protected":false},"author":1,"featured_media":0,"parent":0,"menu_order":0,"comment_status":"closed","ping_status":"closed","template":"","meta":{"_et_pb_use_builder":"on","_et_pb_old_content":"","_et_gb_content_width":"","footnotes":""},"yoast_head":"<!-- This site is optimized with the Yoast SEO plugin v23.3 - https:\/\/yoast.com\/wordpress\/plugins\/seo\/ -->\n<title>Pomembno razkritje o novi podli zaroti proti duhovnosti na splo\u0161no in \u0161e posebej proti uglednemu u\u010ditelju joge Gregorianu Bivolaru - Joga neizmerne sre\u010de in zdravja<\/title>\n<meta name=\"description\" content=\"M\u0103d\u0103lina Dumitru je avtorica avtobiografske knjige &quot;Zlomljeni polet&quot;, v kateri razkriva izmi\u0161ljena dejstva, s katerimi oblasti na....\" \/>\n<meta name=\"robots\" content=\"index, follow, max-snippet:-1, max-image-preview:large, max-video-preview:-1\" \/>\n<link rel=\"canonical\" href=\"https:\/\/joga-nsz.si\/?page_id=1659\" \/>\n<meta property=\"og:locale\" content=\"en_GB\" \/>\n<meta property=\"og:type\" content=\"article\" \/>\n<meta property=\"og:title\" content=\"Pomembno razkritje o novi podli zaroti proti duhovnosti na splo\u0161no in \u0161e posebej proti uglednemu u\u010ditelju joge Gregorianu Bivolaru - Joga neizmerne sre\u010de in zdravja\" \/>\n<meta property=\"og:description\" content=\"M\u0103d\u0103lina Dumitru je avtorica avtobiografske knjige &quot;Zlomljeni polet&quot;, v kateri razkriva izmi\u0161ljena dejstva, s katerimi oblasti na....\" \/>\n<meta property=\"og:url\" content=\"https:\/\/joga-nsz.si\/?page_id=1659\" \/>\n<meta property=\"og:site_name\" content=\"Joga neizmerne sre\u010de in zdravja\" \/>\n<meta property=\"article:modified_time\" content=\"2024-08-22T11:22:03+00:00\" \/>\n<meta name=\"twitter:card\" content=\"summary_large_image\" \/>\n<script type=\"application\/ld+json\" class=\"yoast-schema-graph\">{\"@context\":\"https:\/\/schema.org\",\"@graph\":[{\"@type\":\"WebPage\",\"@id\":\"https:\/\/joga-nsz.si\/?page_id=1659\",\"url\":\"https:\/\/joga-nsz.si\/?page_id=1659\",\"name\":\"Pomembno razkritje o novi podli zaroti proti duhovnosti na splo\u0161no in \u0161e posebej proti uglednemu u\u010ditelju joge Gregorianu Bivolaru - Joga neizmerne sre\u010de in zdravja\",\"isPartOf\":{\"@id\":\"https:\/\/joga-nsz.si\/#website\"},\"datePublished\":\"2023-11-15T19:18:26+00:00\",\"dateModified\":\"2024-08-22T11:22:03+00:00\",\"description\":\"M\u0103d\u0103lina Dumitru je avtorica avtobiografske knjige \\\"Zlomljeni polet\\\", v kateri razkriva izmi\u0161ljena dejstva, s katerimi oblasti na....\",\"breadcrumb\":{\"@id\":\"https:\/\/joga-nsz.si\/?page_id=1659#breadcrumb\"},\"inLanguage\":\"en-GB\",\"potentialAction\":[{\"@type\":\"ReadAction\",\"target\":[\"https:\/\/joga-nsz.si\/?page_id=1659\"]}]},{\"@type\":\"BreadcrumbList\",\"@id\":\"https:\/\/joga-nsz.si\/?page_id=1659#breadcrumb\",\"itemListElement\":[{\"@type\":\"ListItem\",\"position\":1,\"name\":\"Home\",\"item\":\"https:\/\/joga-nsz.si\/\"},{\"@type\":\"ListItem\",\"position\":2,\"name\":\"Pomembno razkritje o novi podli zaroti proti duhovnosti na splo\u0161no in \u0161e posebej proti uglednemu u\u010ditelju joge Gregorianu Bivolaru\"}]},{\"@type\":\"WebSite\",\"@id\":\"https:\/\/joga-nsz.si\/#website\",\"url\":\"https:\/\/joga-nsz.si\/\",\"name\":\"Joga neizmerne sre\u010de in zdravja\",\"description\":\"Do\u017eivi se in odkrij radost \u017eivljenja!\",\"potentialAction\":[{\"@type\":\"SearchAction\",\"target\":{\"@type\":\"EntryPoint\",\"urlTemplate\":\"https:\/\/joga-nsz.si\/?s={search_term_string}\"},\"query-input\":\"required name=search_term_string\"}],\"inLanguage\":\"en-GB\"}]}<\/script>\n<!-- \/ Yoast SEO plugin. -->","yoast_head_json":{"title":"Pomembno razkritje o novi podli zaroti proti duhovnosti na splo\u0161no in \u0161e posebej proti uglednemu u\u010ditelju joge Gregorianu Bivolaru - Joga neizmerne sre\u010de in zdravja","description":"M\u0103d\u0103lina Dumitru je avtorica avtobiografske knjige \"Zlomljeni polet\", v kateri razkriva izmi\u0161ljena dejstva, s katerimi oblasti na....","robots":{"index":"index","follow":"follow","max-snippet":"max-snippet:-1","max-image-preview":"max-image-preview:large","max-video-preview":"max-video-preview:-1"},"canonical":"https:\/\/joga-nsz.si\/?page_id=1659","og_locale":"en_GB","og_type":"article","og_title":"Pomembno razkritje o novi podli zaroti proti duhovnosti na splo\u0161no in \u0161e posebej proti uglednemu u\u010ditelju joge Gregorianu Bivolaru - Joga neizmerne sre\u010de in zdravja","og_description":"M\u0103d\u0103lina Dumitru je avtorica avtobiografske knjige \"Zlomljeni polet\", v kateri razkriva izmi\u0161ljena dejstva, s katerimi oblasti na....","og_url":"https:\/\/joga-nsz.si\/?page_id=1659","og_site_name":"Joga neizmerne sre\u010de in zdravja","article_modified_time":"2024-08-22T11:22:03+00:00","twitter_card":"summary_large_image","schema":{"@context":"https:\/\/schema.org","@graph":[{"@type":"WebPage","@id":"https:\/\/joga-nsz.si\/?page_id=1659","url":"https:\/\/joga-nsz.si\/?page_id=1659","name":"Pomembno razkritje o novi podli zaroti proti duhovnosti na splo\u0161no in \u0161e posebej proti uglednemu u\u010ditelju joge Gregorianu Bivolaru - Joga neizmerne sre\u010de in zdravja","isPartOf":{"@id":"https:\/\/joga-nsz.si\/#website"},"datePublished":"2023-11-15T19:18:26+00:00","dateModified":"2024-08-22T11:22:03+00:00","description":"M\u0103d\u0103lina Dumitru je avtorica avtobiografske knjige \"Zlomljeni polet\", v kateri razkriva izmi\u0161ljena dejstva, s katerimi oblasti na....","breadcrumb":{"@id":"https:\/\/joga-nsz.si\/?page_id=1659#breadcrumb"},"inLanguage":"en-GB","potentialAction":[{"@type":"ReadAction","target":["https:\/\/joga-nsz.si\/?page_id=1659"]}]},{"@type":"BreadcrumbList","@id":"https:\/\/joga-nsz.si\/?page_id=1659#breadcrumb","itemListElement":[{"@type":"ListItem","position":1,"name":"Home","item":"https:\/\/joga-nsz.si\/"},{"@type":"ListItem","position":2,"name":"Pomembno razkritje o novi podli zaroti proti duhovnosti na splo\u0161no in \u0161e posebej proti uglednemu u\u010ditelju joge Gregorianu Bivolaru"}]},{"@type":"WebSite","@id":"https:\/\/joga-nsz.si\/#website","url":"https:\/\/joga-nsz.si\/","name":"Joga neizmerne sre\u010de in zdravja","description":"Do\u017eivi se in odkrij radost \u017eivljenja!","potentialAction":[{"@type":"SearchAction","target":{"@type":"EntryPoint","urlTemplate":"https:\/\/joga-nsz.si\/?s={search_term_string}"},"query-input":"required name=search_term_string"}],"inLanguage":"en-GB"}]}},"_links":{"self":[{"href":"https:\/\/joga-nsz.si\/index.php?rest_route=\/wp\/v2\/pages\/1659"}],"collection":[{"href":"https:\/\/joga-nsz.si\/index.php?rest_route=\/wp\/v2\/pages"}],"about":[{"href":"https:\/\/joga-nsz.si\/index.php?rest_route=\/wp\/v2\/types\/page"}],"author":[{"embeddable":true,"href":"https:\/\/joga-nsz.si\/index.php?rest_route=\/wp\/v2\/users\/1"}],"replies":[{"embeddable":true,"href":"https:\/\/joga-nsz.si\/index.php?rest_route=%2Fwp%2Fv2%2Fcomments&post=1659"}],"version-history":[{"count":10,"href":"https:\/\/joga-nsz.si\/index.php?rest_route=\/wp\/v2\/pages\/1659\/revisions"}],"predecessor-version":[{"id":2245,"href":"https:\/\/joga-nsz.si\/index.php?rest_route=\/wp\/v2\/pages\/1659\/revisions\/2245"}],"wp:attachment":[{"href":"https:\/\/joga-nsz.si\/index.php?rest_route=%2Fwp%2Fv2%2Fmedia&parent=1659"}],"curies":[{"name":"wp","href":"https:\/\/api.w.org\/{rel}","templated":true}]}}