{"id":2275,"date":"2024-10-07T11:24:15","date_gmt":"2024-10-07T10:24:15","guid":{"rendered":"https:\/\/joga-nsz.si\/?page_id=2275"},"modified":"2024-10-07T11:27:45","modified_gmt":"2024-10-07T10:27:45","slug":"zenski-krog-zazivi-carobnost-trenutkov","status":"publish","type":"page","link":"https:\/\/joga-nsz.si\/?page_id=2275","title":{"rendered":"\u017dENSKI KROG \u2013 Za\u017eivi \u010darobnost trenutkov"},"content":{"rendered":"<p>[et_pb_section fb_built=&#8221;1&#8243; _builder_version=&#8221;4.27.0&#8243; _module_preset=&#8221;default&#8221; custom_padding=&#8221;21px||6px|||&#8221; global_colors_info=&#8221;{}&#8221;][et_pb_row _builder_version=&#8221;4.27.0&#8243; _module_preset=&#8221;default&#8221; custom_padding=&#8221;3px|||||&#8221; global_colors_info=&#8221;{}&#8221;][et_pb_column type=&#8221;4_4&#8243; _builder_version=&#8221;4.27.0&#8243; _module_preset=&#8221;default&#8221; global_colors_info=&#8221;{}&#8221;][et_pb_image src=&#8221;https:\/\/joga-nsz.si\/wp-content\/uploads\/2024\/10\/2.jpg&#8221; title_text=&#8221;\u010carobnost trenutkov&#8221; _builder_version=&#8221;4.27.0&#8243; _module_preset=&#8221;default&#8221; width=&#8221;51%&#8221; module_alignment=&#8221;center&#8221; global_colors_info=&#8221;{}&#8221;][\/et_pb_image][et_pb_text _builder_version=&#8221;4.27.0&#8243; _module_preset=&#8221;default&#8221; text_font=&#8221;Montserrat|500|||||||&#8221; text_text_color=&#8221;#000000&#8243; custom_margin=&#8221;23px|||||&#8221; custom_padding=&#8221;|200px||250px|false|false&#8221; custom_padding_tablet=&#8221;|200px||250px|false|false&#8221; custom_padding_phone=&#8221;|0px||0px|false|false&#8221; custom_padding_last_edited=&#8221;on|desktop&#8221; hover_enabled=&#8221;0&#8243; global_colors_info=&#8221;{}&#8221; sticky_enabled=&#8221;0&#8243;]<\/p>\n<p class=\"p1\">V vsem, kar po\u010dne\u0161, vidi Bo\u017eansko,<\/p>\n<p class=\"p1\">Si \u017eeli\u0161 videti onkraj tega, kar je o\u010ditno?<\/p>\n<p class=\"p1\">Na drugem \u017denskem krogu se bomo u\u010dile o tem:<\/p>\n<p class=\"p1\">&#8211; kaj je transfiguracija<\/p>\n<p class=\"p1\">&#8211; kako vsakdan transfigurirati v nekaj svetega<\/p>\n<p class=\"p1\">&#8211; kaj je razlika med domi\u0161ljijo in transfiguracijo<\/p>\n<p class=\"p1\">+ prakti\u010dne vaje, ki nam lahko pomagajo videti vsak trenutek kot nekaj svetega in \u010darobnega.<\/p>\n<p class=\"p1\">\u010ce se \u017ee dolgo spra\u0161uje\u0161, kako biti bolj prisotna v trenutku in kako videti \u0161e najmanj\u0161o stvar kot nekaj \u010dudovitega ali pa se ti ob branju tega vzbudi zanimanje za transfiguracijo, te lepo vabimo na ta dogodek.<\/p>\n<p class=\"p1\"><strong>O DOGODKIH:<\/strong><\/p>\n<p class=\"p1\">\u017denski krogi so posami\u010dne delavnice, na katere ste vabljene \u010disto vse \u017eenske, ki vas kli\u010de odkrivanje \u017eenstvenosti, svoje notranje mo\u010di, povezovanje z drugimi \u017eenskami preko razli\u010dnih vaj, odkrivanje ljubezni, duhovne vloge \u017eenske v tem svetu in \u0161e veliko ve\u010d! Vabljene prav vse, tiste, ki \u0161e niste del na\u0161ih Shakti krogov, pa vas taki krogi zanimajo in seveda tudi vse, ki na\u0161e Shakti kroge \u017ee obiskujete ali ste jih obiskovale v preteklosti.<\/p>\n<p class=\"p1\">Enkratne delavnice vam omogo\u010dajo, da ste del na\u0161e skupnosti \u010dudovitih \u017eensk na tantri\u010dni poti in morda ugotovite, da je ta pot tudi za vas. Delavnice se bodo dogajale enkrat mese\u010dno udele\u017eite pa se jih lahko same ali pa pripeljete \u0161e svoje prijateljice!<\/p>\n<p class=\"p1\"><strong>CENA: 20\u20ac<\/strong><\/p>\n<p class=\"p1\">(Za aktivne \u010dlanice Shakti krogov v \u0161oli JNSZ &#8211; brezpla\u010dno)<\/p>\n<p class=\"p3\"><strong><span class=\"s1\">PRIJAVE: <\/span><\/strong>info@joga-nsz.si<\/p>\n<p>[\/et_pb_text][et_pb_divider color=&#8221;#000000&#8243; divider_style=&#8221;dotted&#8221; divider_position=&#8221;center&#8221; _builder_version=&#8221;4.27.0&#8243; _module_preset=&#8221;default&#8221; custom_margin=&#8221;||-2px|||&#8221; locked=&#8221;off&#8221; global_colors_info=&#8221;{}&#8221;][\/et_pb_divider][et_pb_text _builder_version=&#8221;4.27.0&#8243; _module_preset=&#8221;default&#8221; text_font=&#8221;Montserrat|500|||||||&#8221; text_text_color=&#8221;#000000&#8243; custom_margin=&#8221;23px|||||&#8221; custom_padding=&#8221;|200px||250px|false|false&#8221; custom_padding_tablet=&#8221;|200px||250px|false|false&#8221; custom_padding_phone=&#8221;|0px||0px|false|false&#8221; custom_padding_last_edited=&#8221;on|desktop&#8221; hover_enabled=&#8221;0&#8243; global_colors_info=&#8221;{}&#8221; sticky_enabled=&#8221;0&#8243;]<\/p>\n<p class=\"p1\">Eva je u\u010denka 4. letnika joge in 3. letnika tantre v \u0161oli JNSZ. Od nekdaj so jo zanimale stvari, povezane z izra\u017eanjem \u017eenstvenosti, kar je \u0161e poglobila na za\u010detnem in naprednem Shakti krogu, ki ga prav tako obiskuje \u017ee nekaj let.<\/p>\n<p>Zmeraj znova se spra\u0161uje o namenu \u017eenske v tem svetu in s tem odkriva nove vidike svojega bogatega notranjega sveta, kar jo je navdahnilo, da to deli tudi z drugimi \u017eenskami.<\/p>\n<p>Njena misija je \u017eenske povezati z vso lepoto, spontanostjo in radostjo ter jih spomniti na njihov prvotni namen &#8211; utele\u0161anje \u017eenske esence na Zemlji.<\/p>\n<p>\u017deli si ustvariti skupnost \u017eensk, ki so si v podporo na poti odkrivanja svojih globin.<\/p>\n<p>[\/et_pb_text][\/et_pb_column][\/et_pb_row][\/et_pb_section]<\/p>\n","protected":false},"excerpt":{"rendered":"<p>V vsem, kar po\u010dne\u0161, vidi Bo\u017eansko, Si \u017eeli\u0161 videti onkraj tega, kar je o\u010ditno? Na drugem \u017denskem krogu se bomo u\u010dile o tem: &#8211; kaj je transfiguracija &#8211; kako vsakdan transfigurirati v nekaj svetega &#8211; kaj je razlika med domi\u0161ljijo in transfiguracijo + prakti\u010dne vaje, ki nam lahko pomagajo videti vsak trenutek kot nekaj svetega [&hellip;]<\/p>\n","protected":false},"author":1,"featured_media":0,"parent":0,"menu_order":0,"comment_status":"closed","ping_status":"closed","template":"","meta":{"_et_pb_use_builder":"on","_et_pb_old_content":"","_et_gb_content_width":"","footnotes":""},"yoast_head":"<!-- This site is optimized with the Yoast SEO plugin v23.3 - https:\/\/yoast.com\/wordpress\/plugins\/seo\/ -->\n<title>\u017dENSKI KROG \u2013 Za\u017eivi \u010darobnost trenutkov - Joga neizmerne sre\u010de in zdravja<\/title>\n<meta name=\"robots\" content=\"index, follow, max-snippet:-1, max-image-preview:large, max-video-preview:-1\" \/>\n<link rel=\"canonical\" href=\"https:\/\/joga-nsz.si\/?page_id=2275\" \/>\n<meta property=\"og:locale\" content=\"en_GB\" \/>\n<meta property=\"og:type\" content=\"article\" \/>\n<meta property=\"og:title\" content=\"\u017dENSKI KROG \u2013 Za\u017eivi \u010darobnost trenutkov - Joga neizmerne sre\u010de in zdravja\" \/>\n<meta property=\"og:description\" content=\"V vsem, kar po\u010dne\u0161, vidi Bo\u017eansko, Si \u017eeli\u0161 videti onkraj tega, kar je o\u010ditno? Na drugem \u017denskem krogu se bomo u\u010dile o tem: - kaj je transfiguracija - kako vsakdan transfigurirati v nekaj svetega - kaj je razlika med domi\u0161ljijo in transfiguracijo + prakti\u010dne vaje, ki nam lahko pomagajo videti vsak trenutek kot nekaj svetega [&hellip;]\" \/>\n<meta property=\"og:url\" content=\"https:\/\/joga-nsz.si\/?page_id=2275\" \/>\n<meta property=\"og:site_name\" content=\"Joga neizmerne sre\u010de in zdravja\" \/>\n<meta property=\"article:modified_time\" content=\"2024-10-07T10:27:45+00:00\" \/>\n<meta name=\"twitter:card\" content=\"summary_large_image\" \/>\n<script type=\"application\/ld+json\" class=\"yoast-schema-graph\">{\"@context\":\"https:\/\/schema.org\",\"@graph\":[{\"@type\":\"WebPage\",\"@id\":\"https:\/\/joga-nsz.si\/?page_id=2275\",\"url\":\"https:\/\/joga-nsz.si\/?page_id=2275\",\"name\":\"\u017dENSKI KROG \u2013 Za\u017eivi \u010darobnost trenutkov - Joga neizmerne sre\u010de in zdravja\",\"isPartOf\":{\"@id\":\"https:\/\/joga-nsz.si\/#website\"},\"datePublished\":\"2024-10-07T10:24:15+00:00\",\"dateModified\":\"2024-10-07T10:27:45+00:00\",\"breadcrumb\":{\"@id\":\"https:\/\/joga-nsz.si\/?page_id=2275#breadcrumb\"},\"inLanguage\":\"en-GB\",\"potentialAction\":[{\"@type\":\"ReadAction\",\"target\":[\"https:\/\/joga-nsz.si\/?page_id=2275\"]}]},{\"@type\":\"BreadcrumbList\",\"@id\":\"https:\/\/joga-nsz.si\/?page_id=2275#breadcrumb\",\"itemListElement\":[{\"@type\":\"ListItem\",\"position\":1,\"name\":\"Home\",\"item\":\"https:\/\/joga-nsz.si\/\"},{\"@type\":\"ListItem\",\"position\":2,\"name\":\"\u017dENSKI KROG \u2013 Za\u017eivi \u010darobnost trenutkov\"}]},{\"@type\":\"WebSite\",\"@id\":\"https:\/\/joga-nsz.si\/#website\",\"url\":\"https:\/\/joga-nsz.si\/\",\"name\":\"Joga neizmerne sre\u010de in zdravja\",\"description\":\"Do\u017eivi se in odkrij radost \u017eivljenja!\",\"potentialAction\":[{\"@type\":\"SearchAction\",\"target\":{\"@type\":\"EntryPoint\",\"urlTemplate\":\"https:\/\/joga-nsz.si\/?s={search_term_string}\"},\"query-input\":\"required name=search_term_string\"}],\"inLanguage\":\"en-GB\"}]}<\/script>\n<!-- \/ Yoast SEO plugin. -->","yoast_head_json":{"title":"\u017dENSKI KROG \u2013 Za\u017eivi \u010darobnost trenutkov - Joga neizmerne sre\u010de in zdravja","robots":{"index":"index","follow":"follow","max-snippet":"max-snippet:-1","max-image-preview":"max-image-preview:large","max-video-preview":"max-video-preview:-1"},"canonical":"https:\/\/joga-nsz.si\/?page_id=2275","og_locale":"en_GB","og_type":"article","og_title":"\u017dENSKI KROG \u2013 Za\u017eivi \u010darobnost trenutkov - Joga neizmerne sre\u010de in zdravja","og_description":"V vsem, kar po\u010dne\u0161, vidi Bo\u017eansko, Si \u017eeli\u0161 videti onkraj tega, kar je o\u010ditno? Na drugem \u017denskem krogu se bomo u\u010dile o tem: - kaj je transfiguracija - kako vsakdan transfigurirati v nekaj svetega - kaj je razlika med domi\u0161ljijo in transfiguracijo + prakti\u010dne vaje, ki nam lahko pomagajo videti vsak trenutek kot nekaj svetega [&hellip;]","og_url":"https:\/\/joga-nsz.si\/?page_id=2275","og_site_name":"Joga neizmerne sre\u010de in zdravja","article_modified_time":"2024-10-07T10:27:45+00:00","twitter_card":"summary_large_image","schema":{"@context":"https:\/\/schema.org","@graph":[{"@type":"WebPage","@id":"https:\/\/joga-nsz.si\/?page_id=2275","url":"https:\/\/joga-nsz.si\/?page_id=2275","name":"\u017dENSKI KROG \u2013 Za\u017eivi \u010darobnost trenutkov - Joga neizmerne sre\u010de in zdravja","isPartOf":{"@id":"https:\/\/joga-nsz.si\/#website"},"datePublished":"2024-10-07T10:24:15+00:00","dateModified":"2024-10-07T10:27:45+00:00","breadcrumb":{"@id":"https:\/\/joga-nsz.si\/?page_id=2275#breadcrumb"},"inLanguage":"en-GB","potentialAction":[{"@type":"ReadAction","target":["https:\/\/joga-nsz.si\/?page_id=2275"]}]},{"@type":"BreadcrumbList","@id":"https:\/\/joga-nsz.si\/?page_id=2275#breadcrumb","itemListElement":[{"@type":"ListItem","position":1,"name":"Home","item":"https:\/\/joga-nsz.si\/"},{"@type":"ListItem","position":2,"name":"\u017dENSKI KROG \u2013 Za\u017eivi \u010darobnost trenutkov"}]},{"@type":"WebSite","@id":"https:\/\/joga-nsz.si\/#website","url":"https:\/\/joga-nsz.si\/","name":"Joga neizmerne sre\u010de in zdravja","description":"Do\u017eivi se in odkrij radost \u017eivljenja!","potentialAction":[{"@type":"SearchAction","target":{"@type":"EntryPoint","urlTemplate":"https:\/\/joga-nsz.si\/?s={search_term_string}"},"query-input":"required name=search_term_string"}],"inLanguage":"en-GB"}]}},"_links":{"self":[{"href":"https:\/\/joga-nsz.si\/index.php?rest_route=\/wp\/v2\/pages\/2275"}],"collection":[{"href":"https:\/\/joga-nsz.si\/index.php?rest_route=\/wp\/v2\/pages"}],"about":[{"href":"https:\/\/joga-nsz.si\/index.php?rest_route=\/wp\/v2\/types\/page"}],"author":[{"embeddable":true,"href":"https:\/\/joga-nsz.si\/index.php?rest_route=\/wp\/v2\/users\/1"}],"replies":[{"embeddable":true,"href":"https:\/\/joga-nsz.si\/index.php?rest_route=%2Fwp%2Fv2%2Fcomments&post=2275"}],"version-history":[{"count":6,"href":"https:\/\/joga-nsz.si\/index.php?rest_route=\/wp\/v2\/pages\/2275\/revisions"}],"predecessor-version":[{"id":2287,"href":"https:\/\/joga-nsz.si\/index.php?rest_route=\/wp\/v2\/pages\/2275\/revisions\/2287"}],"wp:attachment":[{"href":"https:\/\/joga-nsz.si\/index.php?rest_route=%2Fwp%2Fv2%2Fmedia&parent=2275"}],"curies":[{"name":"wp","href":"https:\/\/api.w.org\/{rel}","templated":true}]}}