{"id":2310,"date":"2024-11-07T15:24:09","date_gmt":"2024-11-07T14:24:09","guid":{"rendered":"https:\/\/joga-nsz.si\/?page_id=2310"},"modified":"2025-05-13T11:07:15","modified_gmt":"2025-05-13T10:07:15","slug":"jogijska-sprostitev","status":"publish","type":"page","link":"https:\/\/joga-nsz.si\/?page_id=2310","title":{"rendered":"Jogijska sprostitev"},"content":{"rendered":"<p>[et_pb_section fb_built=&#8221;1&#8243; _builder_version=&#8221;4.27.0&#8243; _module_preset=&#8221;default&#8221; custom_padding=&#8221;16px||4px|||&#8221; global_colors_info=&#8221;{}&#8221;][et_pb_row _builder_version=&#8221;4.27.0&#8243; _module_preset=&#8221;default&#8221; custom_padding=&#8221;0px|||||&#8221; global_colors_info=&#8221;{}&#8221;][et_pb_column type=&#8221;4_4&#8243; _builder_version=&#8221;4.27.0&#8243; _module_preset=&#8221;default&#8221; global_colors_info=&#8221;{}&#8221;][et_pb_text _builder_version=&#8221;4.27.0&#8243; _module_preset=&#8221;default&#8221; text_font=&#8221;Quicksand|700|||||||&#8221; text_text_color=&#8221;#000000&#8243; text_orientation=&#8221;center&#8221; global_colors_info=&#8221;{}&#8221;]<\/p>\n<p>10.11.2025 | Joga neizmerne sre\u010de in zdravja<\/p>\n<p>[\/et_pb_text][et_pb_text content_tablet=&#8221;<\/p>\n<h1 class=%22p1%22><b>KAJ JE NAMEN AVTENTI\u010cNE<\/b><\/h1>\n<h1 class=%22p1%22><b>JOGIJSKE PRAKSE?<\/b><\/h1>\n<p>&#8221; content_phone=&#8221;<\/p>\n<h1 class=%22p1%22>JOGIJSKA SPROSTITEV<\/h1>\n<p>&#8221; content_last_edited=&#8221;on|phone&#8221; _builder_version=&#8221;4.27.0&#8243; _module_preset=&#8221;default&#8221; text_font=&#8221;Quicksand|700|||||||&#8221; text_text_color=&#8221;#0C71C3&#8243; header_font=&#8221;Quicksand|700|||||||&#8221; header_text_color=&#8221;#061c9b&#8221; header_font_size=&#8221;34px&#8221; text_orientation=&#8221;center&#8221; custom_padding=&#8221;20px||||false|false&#8221; header_letter_spacing_tablet=&#8221;&#8221; header_letter_spacing_phone=&#8221;&#8221; header_letter_spacing_last_edited=&#8221;on|desktop&#8221; header_line_height_tablet=&#8221;&#8221; header_line_height_phone=&#8221;1em&#8221; header_line_height_last_edited=&#8221;on|phone&#8221; global_colors_info=&#8221;{}&#8221;]<\/p>\n<h1 class=\"p1\">JOGIJSKA SPROSTITEV<\/h1>\n<p>[\/et_pb_text][et_pb_text _builder_version=&#8221;4.27.0&#8243; _module_preset=&#8221;default&#8221; text_font=&#8221;Quicksand||||||||&#8221; text_text_color=&#8221;#000000&#8243; text_font_size=&#8221;15px&#8221; header_text_align=&#8221;center&#8221; header_text_color=&#8221;#000000&#8243; custom_padding=&#8221;20px|200px||200px|false|false&#8221; custom_padding_tablet=&#8221;|200px|16px|200px|false|false&#8221; custom_padding_phone=&#8221;|5px|16px|10px|false|false&#8221; custom_padding_last_edited=&#8221;on|phone&#8221; global_colors_info=&#8221;{}&#8221;]<\/p>\n<p class=\"p1\"><strong>Kaj tebi pomeni sprostitev?<\/strong><\/p>\n<p class=\"p2\">Za mnoge ljudi danes to pomeni, da se ule\u017eemo na kav\u010d, pri\u017egemo televizijo ali pa brskamo po telefonu &#8211; velikokrat tja v prazno. Tak\u0161en na\u010din &#8220;spro\u0161\u010danja&#8221; nas po navadi le \u0161e dodatno obremeni, in nikakor ne prispeva h globlji sprostitvi in regeneraciji, ki jo danes v hitrem tempu \u017eivljenja \u0161e tako zelo potrebujemo.<\/p>\n<p class=\"p1\"><strong>Ni prave sre\u010de brez sprostitve! <\/strong><b><\/b>Pomembno se je zavedati, da sta stanje sre\u010de in stanje spro\u0161\u010denosti med seboj tesno povezana. Ko dose\u017eemo eno, bo naravno sledilo \u0161e drugo.<\/p>\n<p class=\"p1\"><strong>Zakaj je sprostitev tako pomembna za sre\u010do?<\/strong><\/p>\n<p class=\"p2\">Sprostitev je temeljna potreba za do\u017eivljanje stanja resni\u010dne sre\u010de in doseganja uspeha na vseh podro\u010djih. V sodobnem \u010dasu, kjer sta stres in napetost velik del vsakodnevnega \u017eivljenja, postaja sprostitev zelo pomemben klju\u010d, ki odpira vrata do notranjega miru, sre\u010de in izpolnjenosti. Zavestna in aktivna jogijska sprostitev nam pomaga, da v celoti zau\u017eijemo bogastvo vsakega trenutka, ne da bi nas pri tem ovirale tesnobe iz preteklosti ali skrbi glede prihodnosti. V tem spro\u0161\u010denem stanju raz\u0161irjenega zavedanja, postanemo bolj pozorni na lepoto in \u010darobnost, ki nas obkro\u017eata. Tako lahko najdemo veselje v preprostih radostih, ki nam jih \u017eivljenje ponuja v vsakem trenutku.\u00a0<\/p>\n<p class=\"p2\"><strong><\/strong><\/p>\n<p>[\/et_pb_text][et_pb_image src=&#8221;https:\/\/joga-nsz.si\/wp-content\/uploads\/2024\/11\/photo_2024-11-07-15.22.49.jpeg&#8221; title_text=&#8221;Sprostitev&#8221; align=&#8221;center&#8221; _builder_version=&#8221;4.27.0&#8243; _module_preset=&#8221;default&#8221; width=&#8221;47%&#8221; module_alignment=&#8221;center&#8221; global_colors_info=&#8221;{}&#8221;][\/et_pb_image][et_pb_text _builder_version=&#8221;4.27.0&#8243; _module_preset=&#8221;default&#8221; text_font=&#8221;Quicksand||||||||&#8221; text_text_color=&#8221;#000000&#8243; text_font_size=&#8221;15px&#8221; header_text_align=&#8221;center&#8221; header_text_color=&#8221;#000000&#8243; custom_padding=&#8221;19px|200px||200px|false|false&#8221; custom_padding_tablet=&#8221;19px|200px||200px|false|false&#8221; custom_padding_phone=&#8221;15px|5px||10px|false|false&#8221; custom_padding_last_edited=&#8221;on|phone&#8221; global_colors_info=&#8221;{}&#8221;]<\/p>\n<p class=\"p2\"><strong>Tradicionalna, avtenti\u010dna joga nas u\u010di, da je prava sprostitev mo\u017ena le s popolnim zavedanjem.<\/strong><\/p>\n<p class=\"p2\">Sprostitev je namre\u010d proces, v katerem je stres in tesnobo, ki jo mnogokrat nezavedno nabiramo v svojem telesu in tudi globlje v na\u0161em bitju, potrebno najprej ozavestiti. \u0160ele po tem se lahko zavestno odlo\u010dimo, da bomo vse, kar nas ovira pri globlji sprostitvi, opustili.<\/p>\n<p class=\"p2\"><strong>Po na\u0161ih izku\u0161njah, sprostitev pomeni mnogo ve\u010d kot samo opustitev dnevnega stresa in tesnob!<br \/><\/strong>Redna vadba jogijske sprostitve nam na zelo naraven in enostaven na\u010din poka\u017ee pot do globin svojega bitja. Velikokrat izkusimo, da nas vadba sprostitve pripelje do globljih stanj in spoznanj kot vadba meditacije. Spoznavamo, da s tem, ko ozavestimo in opustimo vse to kar nismo, se pribli\u017eamo temu, kar v resnici smo. Na ta na\u010din postanemo lahkotnej\u0161i in vse bolj svobodni!<\/p>\n<p class=\"p1\"><em><strong>&#8220;Najbolj produktivna stvar, ki jo lahko v\u010dasih naredi\u0161 je, da se sprosti\u0161.&#8221; &#8211; Mark Black<\/strong><\/em><\/p>\n<p>[\/et_pb_text][\/et_pb_column][\/et_pb_row][\/et_pb_section]<\/p>\n","protected":false},"excerpt":{"rendered":"<p>10.11.2025 | Joga neizmerne sre\u010de in zdravjaJOGIJSKA SPROSTITEVKaj tebi pomeni sprostitev? Za mnoge ljudi danes to pomeni, da se ule\u017eemo na kav\u010d, pri\u017egemo televizijo ali pa brskamo po telefonu &#8211; velikokrat tja v prazno. Tak\u0161en na\u010din &#8220;spro\u0161\u010danja&#8221; nas po navadi le \u0161e dodatno obremeni, in nikakor ne prispeva h globlji sprostitvi in regeneraciji, ki jo [&hellip;]<\/p>\n","protected":false},"author":1,"featured_media":2314,"parent":0,"menu_order":0,"comment_status":"closed","ping_status":"closed","template":"","meta":{"_et_pb_use_builder":"on","_et_pb_old_content":"","_et_gb_content_width":"","footnotes":""},"yoast_head":"<!-- This site is optimized with the Yoast SEO plugin v23.3 - https:\/\/yoast.com\/wordpress\/plugins\/seo\/ -->\n<title>Jogijska sprostitev - Joga neizmerne sre\u010de in zdravja<\/title>\n<meta name=\"description\" content=\"Za mnoge ljudji danes to pomeni, da se vle\u017eemo na kav\u010d, pri\u017egemo televizijo ali pa brskamo po telefonu - veliko...\" \/>\n<meta name=\"robots\" content=\"index, follow, max-snippet:-1, max-image-preview:large, max-video-preview:-1\" \/>\n<link rel=\"canonical\" href=\"https:\/\/joga-nsz.si\/?page_id=2310\" \/>\n<meta property=\"og:locale\" content=\"en_GB\" \/>\n<meta property=\"og:type\" content=\"article\" \/>\n<meta property=\"og:title\" content=\"Jogijska sprostitev - Joga neizmerne sre\u010de in zdravja\" \/>\n<meta property=\"og:description\" content=\"Za mnoge ljudji danes to pomeni, da se vle\u017eemo na kav\u010d, pri\u017egemo televizijo ali pa brskamo po telefonu - veliko...\" \/>\n<meta property=\"og:url\" content=\"https:\/\/joga-nsz.si\/?page_id=2310\" \/>\n<meta property=\"og:site_name\" content=\"Joga neizmerne sre\u010de in zdravja\" \/>\n<meta property=\"article:modified_time\" content=\"2025-05-13T10:07:15+00:00\" \/>\n<meta property=\"og:image\" content=\"https:\/\/joga-nsz.si\/wp-content\/uploads\/2024\/11\/photo_2024-11-07-15.22.49.jpeg\" \/>\n\t<meta property=\"og:image:width\" content=\"1280\" \/>\n\t<meta property=\"og:image:height\" content=\"853\" \/>\n\t<meta property=\"og:image:type\" content=\"image\/jpeg\" \/>\n<meta name=\"twitter:card\" content=\"summary_large_image\" \/>\n<meta name=\"twitter:label1\" content=\"Estimated reading time\" \/>\n\t<meta name=\"twitter:data1\" content=\"2 minutes\" \/>\n<script type=\"application\/ld+json\" class=\"yoast-schema-graph\">{\"@context\":\"https:\/\/schema.org\",\"@graph\":[{\"@type\":\"WebPage\",\"@id\":\"https:\/\/joga-nsz.si\/?page_id=2310\",\"url\":\"https:\/\/joga-nsz.si\/?page_id=2310\",\"name\":\"Jogijska sprostitev - Joga neizmerne sre\u010de in zdravja\",\"isPartOf\":{\"@id\":\"https:\/\/joga-nsz.si\/#website\"},\"primaryImageOfPage\":{\"@id\":\"https:\/\/joga-nsz.si\/?page_id=2310#primaryimage\"},\"image\":{\"@id\":\"https:\/\/joga-nsz.si\/?page_id=2310#primaryimage\"},\"thumbnailUrl\":\"https:\/\/joga-nsz.si\/wp-content\/uploads\/2024\/11\/photo_2024-11-07-15.22.49.jpeg\",\"datePublished\":\"2024-11-07T14:24:09+00:00\",\"dateModified\":\"2025-05-13T10:07:15+00:00\",\"description\":\"Za mnoge ljudji danes to pomeni, da se vle\u017eemo na kav\u010d, pri\u017egemo televizijo ali pa brskamo po telefonu - veliko...\",\"breadcrumb\":{\"@id\":\"https:\/\/joga-nsz.si\/?page_id=2310#breadcrumb\"},\"inLanguage\":\"en-GB\",\"potentialAction\":[{\"@type\":\"ReadAction\",\"target\":[\"https:\/\/joga-nsz.si\/?page_id=2310\"]}]},{\"@type\":\"ImageObject\",\"inLanguage\":\"en-GB\",\"@id\":\"https:\/\/joga-nsz.si\/?page_id=2310#primaryimage\",\"url\":\"https:\/\/joga-nsz.si\/wp-content\/uploads\/2024\/11\/photo_2024-11-07-15.22.49.jpeg\",\"contentUrl\":\"https:\/\/joga-nsz.si\/wp-content\/uploads\/2024\/11\/photo_2024-11-07-15.22.49.jpeg\",\"width\":1280,\"height\":853},{\"@type\":\"BreadcrumbList\",\"@id\":\"https:\/\/joga-nsz.si\/?page_id=2310#breadcrumb\",\"itemListElement\":[{\"@type\":\"ListItem\",\"position\":1,\"name\":\"Home\",\"item\":\"https:\/\/joga-nsz.si\/\"},{\"@type\":\"ListItem\",\"position\":2,\"name\":\"Jogijska sprostitev\"}]},{\"@type\":\"WebSite\",\"@id\":\"https:\/\/joga-nsz.si\/#website\",\"url\":\"https:\/\/joga-nsz.si\/\",\"name\":\"Joga neizmerne sre\u010de in zdravja\",\"description\":\"Do\u017eivi se in odkrij radost \u017eivljenja!\",\"potentialAction\":[{\"@type\":\"SearchAction\",\"target\":{\"@type\":\"EntryPoint\",\"urlTemplate\":\"https:\/\/joga-nsz.si\/?s={search_term_string}\"},\"query-input\":\"required name=search_term_string\"}],\"inLanguage\":\"en-GB\"}]}<\/script>\n<!-- \/ Yoast SEO plugin. -->","yoast_head_json":{"title":"Jogijska sprostitev - Joga neizmerne sre\u010de in zdravja","description":"Za mnoge ljudji danes to pomeni, da se vle\u017eemo na kav\u010d, pri\u017egemo televizijo ali pa brskamo po telefonu - veliko...","robots":{"index":"index","follow":"follow","max-snippet":"max-snippet:-1","max-image-preview":"max-image-preview:large","max-video-preview":"max-video-preview:-1"},"canonical":"https:\/\/joga-nsz.si\/?page_id=2310","og_locale":"en_GB","og_type":"article","og_title":"Jogijska sprostitev - Joga neizmerne sre\u010de in zdravja","og_description":"Za mnoge ljudji danes to pomeni, da se vle\u017eemo na kav\u010d, pri\u017egemo televizijo ali pa brskamo po telefonu - veliko...","og_url":"https:\/\/joga-nsz.si\/?page_id=2310","og_site_name":"Joga neizmerne sre\u010de in zdravja","article_modified_time":"2025-05-13T10:07:15+00:00","og_image":[{"width":1280,"height":853,"url":"https:\/\/joga-nsz.si\/wp-content\/uploads\/2024\/11\/photo_2024-11-07-15.22.49.jpeg","type":"image\/jpeg"}],"twitter_card":"summary_large_image","twitter_misc":{"Estimated reading time":"2 minutes"},"schema":{"@context":"https:\/\/schema.org","@graph":[{"@type":"WebPage","@id":"https:\/\/joga-nsz.si\/?page_id=2310","url":"https:\/\/joga-nsz.si\/?page_id=2310","name":"Jogijska sprostitev - Joga neizmerne sre\u010de in zdravja","isPartOf":{"@id":"https:\/\/joga-nsz.si\/#website"},"primaryImageOfPage":{"@id":"https:\/\/joga-nsz.si\/?page_id=2310#primaryimage"},"image":{"@id":"https:\/\/joga-nsz.si\/?page_id=2310#primaryimage"},"thumbnailUrl":"https:\/\/joga-nsz.si\/wp-content\/uploads\/2024\/11\/photo_2024-11-07-15.22.49.jpeg","datePublished":"2024-11-07T14:24:09+00:00","dateModified":"2025-05-13T10:07:15+00:00","description":"Za mnoge ljudji danes to pomeni, da se vle\u017eemo na kav\u010d, pri\u017egemo televizijo ali pa brskamo po telefonu - veliko...","breadcrumb":{"@id":"https:\/\/joga-nsz.si\/?page_id=2310#breadcrumb"},"inLanguage":"en-GB","potentialAction":[{"@type":"ReadAction","target":["https:\/\/joga-nsz.si\/?page_id=2310"]}]},{"@type":"ImageObject","inLanguage":"en-GB","@id":"https:\/\/joga-nsz.si\/?page_id=2310#primaryimage","url":"https:\/\/joga-nsz.si\/wp-content\/uploads\/2024\/11\/photo_2024-11-07-15.22.49.jpeg","contentUrl":"https:\/\/joga-nsz.si\/wp-content\/uploads\/2024\/11\/photo_2024-11-07-15.22.49.jpeg","width":1280,"height":853},{"@type":"BreadcrumbList","@id":"https:\/\/joga-nsz.si\/?page_id=2310#breadcrumb","itemListElement":[{"@type":"ListItem","position":1,"name":"Home","item":"https:\/\/joga-nsz.si\/"},{"@type":"ListItem","position":2,"name":"Jogijska sprostitev"}]},{"@type":"WebSite","@id":"https:\/\/joga-nsz.si\/#website","url":"https:\/\/joga-nsz.si\/","name":"Joga neizmerne sre\u010de in zdravja","description":"Do\u017eivi se in odkrij radost \u017eivljenja!","potentialAction":[{"@type":"SearchAction","target":{"@type":"EntryPoint","urlTemplate":"https:\/\/joga-nsz.si\/?s={search_term_string}"},"query-input":"required name=search_term_string"}],"inLanguage":"en-GB"}]}},"_links":{"self":[{"href":"https:\/\/joga-nsz.si\/index.php?rest_route=\/wp\/v2\/pages\/2310"}],"collection":[{"href":"https:\/\/joga-nsz.si\/index.php?rest_route=\/wp\/v2\/pages"}],"about":[{"href":"https:\/\/joga-nsz.si\/index.php?rest_route=\/wp\/v2\/types\/page"}],"author":[{"embeddable":true,"href":"https:\/\/joga-nsz.si\/index.php?rest_route=\/wp\/v2\/users\/1"}],"replies":[{"embeddable":true,"href":"https:\/\/joga-nsz.si\/index.php?rest_route=%2Fwp%2Fv2%2Fcomments&post=2310"}],"version-history":[{"count":9,"href":"https:\/\/joga-nsz.si\/index.php?rest_route=\/wp\/v2\/pages\/2310\/revisions"}],"predecessor-version":[{"id":2462,"href":"https:\/\/joga-nsz.si\/index.php?rest_route=\/wp\/v2\/pages\/2310\/revisions\/2462"}],"wp:featuredmedia":[{"embeddable":true,"href":"https:\/\/joga-nsz.si\/index.php?rest_route=\/wp\/v2\/media\/2314"}],"wp:attachment":[{"href":"https:\/\/joga-nsz.si\/index.php?rest_route=%2Fwp%2Fv2%2Fmedia&parent=2310"}],"curies":[{"name":"wp","href":"https:\/\/api.w.org\/{rel}","templated":true}]}}