{"id":2321,"date":"2024-11-10T20:19:29","date_gmt":"2024-11-10T19:19:29","guid":{"rendered":"https:\/\/joga-nsz.si\/?page_id=2321"},"modified":"2026-01-14T11:32:35","modified_gmt":"2026-01-14T10:32:35","slug":"blog","status":"publish","type":"page","link":"https:\/\/joga-nsz.si\/?page_id=2321","title":{"rendered":"Blog"},"content":{"rendered":"<p>[et_pb_section fb_built=&#8221;1&#8243; _builder_version=&#8221;4.27.0&#8243; _module_preset=&#8221;default&#8221; custom_padding=&#8221;4px||0px|||&#8221; global_colors_info=&#8221;{}&#8221;][et_pb_row _builder_version=&#8221;4.27.0&#8243; _module_preset=&#8221;default&#8221; custom_padding=&#8221;48px||29px|||&#8221; global_colors_info=&#8221;{}&#8221;][et_pb_column type=&#8221;4_4&#8243; _builder_version=&#8221;4.27.0&#8243; _module_preset=&#8221;default&#8221; global_colors_info=&#8221;{}&#8221;][et_pb_text _builder_version=&#8221;4.27.0&#8243; _module_preset=&#8221;default&#8221; header_font=&#8221;League Spartan|800|||||||&#8221; header_text_align=&#8221;center&#8221; header_text_color=&#8221;#edae5c&#8221; header_font_size=&#8221;31px&#8221; custom_margin=&#8221;-8px|||||&#8221; global_colors_info=&#8221;{}&#8221;]<\/p>\n<h1><strong>BLOG<\/strong><\/h1>\n<p>[\/et_pb_text][\/et_pb_column][\/et_pb_row][et_pb_row column_structure=&#8221;1_3,1_3,1_3&#8243; _builder_version=&#8221;4.27.0&#8243; _module_preset=&#8221;default&#8221; custom_padding=&#8221;2px||30px||false|false&#8221; global_colors_info=&#8221;{}&#8221;][et_pb_column type=&#8221;1_3&#8243; _builder_version=&#8221;4.27.0&#8243; _module_preset=&#8221;default&#8221; global_colors_info=&#8221;{}&#8221;][et_pb_text disabled_on=&#8221;off|on|on&#8221; _builder_version=&#8221;4.27.0&#8243; _module_preset=&#8221;default&#8221; text_font=&#8221;Montserrat||||||||&#8221; text_text_color=&#8221;#000000&#8243; text_font_size=&#8221;16px&#8221; link_font=&#8221;Montserrat|700|||on||||&#8221; link_text_color=&#8221;#edae5c&#8221; custom_margin_tablet=&#8221;&#8221; custom_margin_phone=&#8221;-13px||-21px||false|false&#8221; custom_margin_last_edited=&#8221;on|phone&#8221; custom_padding=&#8221;13px|||||&#8221; custom_padding_tablet=&#8221;13px|||||&#8221; custom_padding_phone=&#8221;0px||||false|false&#8221; custom_padding_last_edited=&#8221;on|phone&#8221; global_colors_info=&#8221;{}&#8221;]<\/p>\n<p class=\"p1\">14\/01\/2026 &#8211;<strong> Yama in Niyama: Temeljna na\u010dela duhovnega napredka in rasti<\/strong><\/p>\n<p class=\"p1\">[\/et_pb_text][et_pb_image src=&#8221;https:\/\/joga-nsz.si\/wp-content\/uploads\/2026\/01\/1-1.jpeg&#8221; alt=&#8221;Ne-nasilje&#8221; title_text=&#8221;Ne-nasilje&#8221; url_new_window=&#8221;on&#8221; _builder_version=&#8221;4.27.0&#8243; _module_preset=&#8221;default&#8221; max_width=&#8221;100%&#8221; module_alignment=&#8221;center&#8221; custom_padding=&#8221;|10px||10px|false|false&#8221; hover_enabled=&#8221;0&#8243; global_colors_info=&#8221;{}&#8221; sticky_enabled=&#8221;0&#8243;][\/et_pb_image][et_pb_text disabled_on=&#8221;off|on|on&#8221; _builder_version=&#8221;4.27.0&#8243; _module_preset=&#8221;default&#8221; text_font=&#8221;Montserrat||||||||&#8221; text_text_color=&#8221;#000000&#8243; text_font_size=&#8221;16px&#8221; link_font=&#8221;Montserrat|700|||on||||&#8221; link_text_color=&#8221;#edae5c&#8221; custom_padding=&#8221;13px||24px||false|false&#8221; global_colors_info=&#8221;{}&#8221;]<\/p>\n<p>V duhovni tradiciji joge so yame in niyame temelji eti\u010dnega in moralnega na\u010dina bivanja. Predstavljajo osnovo duhovne prakse, ki ponuja &#8230;<\/p>\n<p class=\"p1\"><a href=\"https:\/\/joga-nsz.si\/?page_id=2589\" target=\"_blank\" rel=\"noopener\">Preveri ve\u010d &#8230;<\/a><\/p>\n<p>[\/et_pb_text][et_pb_text disabled_on=&#8221;on|off|off&#8221; _builder_version=&#8221;4.27.0&#8243; _module_preset=&#8221;default&#8221; text_font=&#8221;Montserrat||||||||&#8221; text_text_color=&#8221;#000000&#8243; text_font_size=&#8221;16px&#8221; link_font=&#8221;Montserrat|700|||on||||&#8221; link_text_color=&#8221;#edae5c&#8221; custom_padding=&#8221;13px|10px|24px|10px|false|false&#8221; global_colors_info=&#8221;{}&#8221;]<\/p>\n<p class=\"p1\">14\/01\/2026 &#8211; <strong>Yama in Niyama: Temeljna na\u010dela duhovnega napredka in rasti<\/strong><\/p>\n<p>V duhovni tradiciji joge so yame in niyame temelji eti\u010dnega in moralnega na\u010dina bivanja. Predstavljajo osnovo duhovne prakse, ki ponuja &#8230;<\/p>\n<p class=\"p1\"><a href=\"https:\/\/joga-nsz.si\/?page_id=2589\" target=\"_blank\" rel=\"noopener\">Preveri ve\u010d &#8230;<\/a><\/p>\n<p>[\/et_pb_text][\/et_pb_column][et_pb_column type=&#8221;1_3&#8243; _builder_version=&#8221;4.27.0&#8243; _module_preset=&#8221;default&#8221; global_colors_info=&#8221;{}&#8221;][et_pb_text disabled_on=&#8221;off|on|on&#8221; _builder_version=&#8221;4.27.0&#8243; _module_preset=&#8221;default&#8221; text_font=&#8221;Montserrat||||||||&#8221; text_text_color=&#8221;#000000&#8243; text_font_size=&#8221;16px&#8221; link_font=&#8221;Montserrat|700|||on||||&#8221; link_text_color=&#8221;#edae5c&#8221; custom_margin_tablet=&#8221;&#8221; custom_margin_phone=&#8221;-13px||-21px||false|false&#8221; custom_margin_last_edited=&#8221;on|phone&#8221; custom_padding=&#8221;13px|||||&#8221; custom_padding_tablet=&#8221;13px|||||&#8221; custom_padding_phone=&#8221;0px||||false|false&#8221; custom_padding_last_edited=&#8221;on|phone&#8221; global_colors_info=&#8221;{}&#8221;]<\/p>\n<p class=\"p1\">11\/05\/2025 &#8211; <strong>TRANSFIGURACIJA: Pogled na \u017eivljenje skozi le\u010do resnice\u00a0<\/strong><\/p>\n<p class=\"p1\">[\/et_pb_text][et_pb_image src=&#8221;https:\/\/joga-nsz.si\/wp-content\/uploads\/2025\/05\/Transfiguration3.png&#8221; title_text=&#8221;Transfiguration&#8221; url=&#8221;https:\/\/joga-nsz.si\/?page_id=2446&#8243; url_new_window=&#8221;on&#8221; _builder_version=&#8221;4.27.0&#8243; _module_preset=&#8221;default&#8221; max_width=&#8221;100%&#8221; module_alignment=&#8221;center&#8221; custom_padding=&#8221;|10px||10px|false|false&#8221; global_colors_info=&#8221;{}&#8221;][\/et_pb_image][et_pb_text disabled_on=&#8221;off|on|on&#8221; _builder_version=&#8221;4.27.0&#8243; _module_preset=&#8221;default&#8221; text_font=&#8221;Montserrat||||||||&#8221; text_text_color=&#8221;#000000&#8243; text_font_size=&#8221;16px&#8221; link_font=&#8221;Montserrat|700|||on||||&#8221; link_text_color=&#8221;#edae5c&#8221; custom_padding=&#8221;13px||24px||false|false&#8221; global_colors_info=&#8221;{}&#8221;]<\/p>\n<p class=\"p1\">V tantri\u010dni in jogijski tradiciji je transfiguracija ve\u010d kot le duhovni koncept \u2013 je na\u010din gledanja in odnos do \u017eivljenja. Gre za prakso videnja onkraj &#8230;<\/p>\n<p class=\"p1\"><a href=\"https:\/\/joga-nsz.si\/?page_id=2446\" target=\"_blank\" rel=\"noopener\">Preveri ve\u010d &#8230;<\/a><\/p>\n<p>[\/et_pb_text][et_pb_text disabled_on=&#8221;on|off|off&#8221; _builder_version=&#8221;4.27.0&#8243; _module_preset=&#8221;default&#8221; text_font=&#8221;Montserrat||||||||&#8221; text_text_color=&#8221;#000000&#8243; text_font_size=&#8221;16px&#8221; link_font=&#8221;Montserrat|700|||on||||&#8221; link_text_color=&#8221;#edae5c&#8221; custom_padding=&#8221;13px|10px|24px|10px|false|false&#8221; global_colors_info=&#8221;{}&#8221;]<\/p>\n<p class=\"p1\">11\/05\/2025 &#8211;<strong> TRANSFIGURACIJA: Pogled na \u017eivljenje skozi le\u010do resnice\u00a0<\/strong><\/p>\n<p class=\"p1\">V tantri\u010dni in jogijski tradiciji je transfiguracija ve\u010d kot le duhovni koncept \u2013 je na\u010din gledanja in odnos do \u017eivljenja. Gre za prakso videnja onkraj &#8230;<\/p>\n<p class=\"p1\"><a href=\"https:\/\/joga-nsz.si\/?page_id=2446\" target=\"_blank\" rel=\"noopener\">Preveri ve\u010d &#8230;<\/a><\/p>\n<p>[\/et_pb_text][\/et_pb_column][et_pb_column type=&#8221;1_3&#8243; _builder_version=&#8221;4.27.0&#8243; _module_preset=&#8221;default&#8221; global_colors_info=&#8221;{}&#8221;][et_pb_text disabled_on=&#8221;off|on|on&#8221; _builder_version=&#8221;4.27.0&#8243; _module_preset=&#8221;default&#8221; text_font=&#8221;Montserrat||||||||&#8221; text_text_color=&#8221;#000000&#8243; text_font_size=&#8221;16px&#8221; link_font=&#8221;Montserrat|700|||on||||&#8221; link_text_color=&#8221;#edae5c&#8221; custom_margin_tablet=&#8221;&#8221; custom_margin_phone=&#8221;-13px||-21px||false|false&#8221; custom_margin_last_edited=&#8221;on|phone&#8221; custom_padding=&#8221;13px|||||&#8221; custom_padding_tablet=&#8221;13px|||||&#8221; custom_padding_phone=&#8221;0px||||false|false&#8221; custom_padding_last_edited=&#8221;on|phone&#8221; global_colors_info=&#8221;{}&#8221;]<\/p>\n<p class=\"p1\">10\/11\/2024 &#8211; <strong>KAJ JE NAMEN AVTENTI\u010cNE JOGIJSKE PRAKSE?<\/strong><\/p>\n<p class=\"p1\">[\/et_pb_text][et_pb_image src=&#8221;https:\/\/joga-nsz.si\/wp-content\/uploads\/2025\/03\/jogisjka-praksa.jpg&#8221; title_text=&#8221;jogisjka praksa&#8221; url=&#8221;https:\/\/joga-nsz.si\/?page_id=2390&#8243; url_new_window=&#8221;on&#8221; _builder_version=&#8221;4.27.0&#8243; _module_preset=&#8221;default&#8221; max_width=&#8221;100%&#8221; module_alignment=&#8221;center&#8221; custom_padding=&#8221;|10px||10px|false|false&#8221; global_colors_info=&#8221;{}&#8221;][\/et_pb_image][et_pb_text disabled_on=&#8221;off|on|on&#8221; _builder_version=&#8221;4.27.0&#8243; _module_preset=&#8221;default&#8221; text_font=&#8221;Montserrat||||||||&#8221; text_text_color=&#8221;#000000&#8243; text_font_size=&#8221;16px&#8221; link_font=&#8221;Montserrat|700|||on||||&#8221; link_text_color=&#8221;#edae5c&#8221; custom_padding=&#8221;13px||24px||false|false&#8221; global_colors_info=&#8221;{}&#8221;]<\/p>\n<p class=\"p1\">Vse to joga je! Ampak, ali je to zares vse, kar nam tradicionalna in avtenti\u010dna joga lahko ponudi? Je to bistveni namen starodavne indijske prakse, ki &#8230;<\/p>\n<p class=\"p1\"><a href=\"https:\/\/joga-nsz.si\/?page_id=2390\" target=\"_blank\" rel=\"noopener\">Preveri ve\u010d &#8230;<\/a><\/p>\n<p>[\/et_pb_text][et_pb_text disabled_on=&#8221;on|off|off&#8221; _builder_version=&#8221;4.27.0&#8243; _module_preset=&#8221;default&#8221; text_font=&#8221;Montserrat||||||||&#8221; text_text_color=&#8221;#000000&#8243; text_font_size=&#8221;16px&#8221; link_font=&#8221;Montserrat|700|||on||||&#8221; link_text_color=&#8221;#edae5c&#8221; custom_padding=&#8221;13px|10px|24px|10px|false|false&#8221; global_colors_info=&#8221;{}&#8221;]<\/p>\n<p class=\"p1\">19\/03\/2025 &#8211; <strong>KAJ JE NAMEN AVTENTI\u010cNE JOGIJSKE PRAKSE?<\/strong><\/p>\n<p class=\"p1\">Vse to joga je! Ampak, ali je to zares vse, kar nam tradicionalna in avtenti\u010dna joga lahko ponudi? Je to bistveni namen starodavne indijske prakse, ki &#8230;<\/p>\n<p class=\"p1\"><a href=\"https:\/\/joga-nsz.si\/?page_id=2390\" target=\"_blank\" rel=\"noopener\">Preveri ve\u010d &#8230;<\/a><\/p>\n<p>[\/et_pb_text][\/et_pb_column][\/et_pb_row][et_pb_row column_structure=&#8221;1_3,1_3,1_3&#8243; _builder_version=&#8221;4.27.0&#8243; _module_preset=&#8221;default&#8221; custom_padding=&#8221;2px||30px||false|false&#8221; global_colors_info=&#8221;{}&#8221;][et_pb_column type=&#8221;1_3&#8243; _builder_version=&#8221;4.27.0&#8243; _module_preset=&#8221;default&#8221; global_colors_info=&#8221;{}&#8221;][et_pb_text disabled_on=&#8221;off|on|on&#8221; _builder_version=&#8221;4.27.0&#8243; _module_preset=&#8221;default&#8221; text_font=&#8221;Montserrat||||||||&#8221; text_text_color=&#8221;#000000&#8243; text_font_size=&#8221;16px&#8221; link_font=&#8221;Montserrat|700|||on||||&#8221; link_text_color=&#8221;#edae5c&#8221; custom_margin_tablet=&#8221;&#8221; custom_margin_phone=&#8221;-13px||-21px||false|false&#8221; custom_margin_last_edited=&#8221;on|phone&#8221; custom_padding=&#8221;13px|||||&#8221; custom_padding_tablet=&#8221;13px|||||&#8221; custom_padding_phone=&#8221;0px||||false|false&#8221; custom_padding_last_edited=&#8221;on|phone&#8221; global_colors_info=&#8221;{}&#8221;]<\/p>\n<p class=\"p1\">10\/11\/2024 &#8211; <strong>JOGIJSKA SPROSTITEV<\/strong><\/p>\n<p class=\"p1\">[\/et_pb_text][et_pb_image src=&#8221;https:\/\/joga-nsz.si\/wp-content\/uploads\/2024\/11\/Sprostitev.jpg&#8221; title_text=&#8221;Sprostitev&#8221; url=&#8221;https:\/\/joga-nsz.si\/?page_id=2310&#8243; url_new_window=&#8221;on&#8221; _builder_version=&#8221;4.27.0&#8243; _module_preset=&#8221;default&#8221; max_width=&#8221;100%&#8221; module_alignment=&#8221;center&#8221; custom_padding=&#8221;|10px||10px|false|false&#8221; global_colors_info=&#8221;{}&#8221;][\/et_pb_image][et_pb_text disabled_on=&#8221;off|on|on&#8221; _builder_version=&#8221;4.27.0&#8243; _module_preset=&#8221;default&#8221; text_font=&#8221;Montserrat||||||||&#8221; text_text_color=&#8221;#000000&#8243; text_font_size=&#8221;16px&#8221; link_font=&#8221;Montserrat|700|||on||||&#8221; link_text_color=&#8221;#edae5c&#8221; custom_padding=&#8221;13px|||||&#8221; custom_padding_tablet=&#8221;13px|||||&#8221; custom_padding_phone=&#8221;13px||24px||false|false&#8221; custom_padding_last_edited=&#8221;on|phone&#8221; global_colors_info=&#8221;{}&#8221;]<\/p>\n<p class=\"p1\">Tak\u0161en na\u010din &#8220;spro\u0161\u010danja&#8221; nas po navadi le \u0161e dodatno obremeni, in nikakor ne prispeva h globlji sprostitvi in regeneraciji, ki jo dan&#8230;<\/p>\n<p class=\"p1\"><a href=\"https:\/\/joga-nsz.si\/?page_id=2310\" target=\"_blank\" rel=\"noopener\">Preveri ve\u010d &#8230;<\/a><\/p>\n<p>[\/et_pb_text][et_pb_text disabled_on=&#8221;on|off|off&#8221; _builder_version=&#8221;4.27.0&#8243; _module_preset=&#8221;default&#8221; text_font=&#8221;Montserrat||||||||&#8221; text_text_color=&#8221;#000000&#8243; text_font_size=&#8221;16px&#8221; link_font=&#8221;Montserrat|700|||on||||&#8221; link_text_color=&#8221;#edae5c&#8221; custom_padding=&#8221;13px|10px|24px|10px|false|false&#8221; global_colors_info=&#8221;{}&#8221;]<\/p>\n<p class=\"p1\">10\/11\/2024 &#8211; <strong>JOGIJSKA SPROSTITEV<\/strong><\/p>\n<p class=\"p1\">Tak\u0161en na\u010din &#8220;spro\u0161\u010danja&#8221; nas po navadi le \u0161e dodatno obremeni, in nikakor ne prispeva h globlji sprostitvi in regeneraciji, ki jo dan&#8230;<\/p>\n<p class=\"p1\"><a href=\"https:\/\/joga-nsz.si\/?page_id=2310\" target=\"_blank\" rel=\"noopener\">Preveri ve\u010d &#8230;<\/a><\/p>\n<p>[\/et_pb_text][\/et_pb_column][et_pb_column type=&#8221;1_3&#8243; _builder_version=&#8221;4.27.0&#8243; _module_preset=&#8221;default&#8221; global_colors_info=&#8221;{}&#8221;][\/et_pb_column][et_pb_column type=&#8221;1_3&#8243; _builder_version=&#8221;4.27.0&#8243; _module_preset=&#8221;default&#8221; global_colors_info=&#8221;{}&#8221;][\/et_pb_column][\/et_pb_row][\/et_pb_section]<\/p>\n","protected":false},"excerpt":{"rendered":"<p>BLOG14\/01\/2026 &#8211; Yama in Niyama: Temeljna na\u010dela duhovnega napredka in rasti V duhovni tradiciji joge so yame in niyame temelji eti\u010dnega in moralnega na\u010dina bivanja. Predstavljajo osnovo duhovne prakse, ki ponuja &#8230; Preveri ve\u010d &#8230;14\/01\/2026 &#8211; Yama in Niyama: Temeljna na\u010dela duhovnega napredka in rasti V duhovni tradiciji joge so yame in niyame temelji eti\u010dnega [&hellip;]<\/p>\n","protected":false},"author":1,"featured_media":0,"parent":0,"menu_order":0,"comment_status":"closed","ping_status":"closed","template":"","meta":{"_et_pb_use_builder":"on","_et_pb_old_content":"","_et_gb_content_width":"","footnotes":""},"yoast_head":"<!-- This site is optimized with the Yoast SEO plugin v23.3 - https:\/\/yoast.com\/wordpress\/plugins\/seo\/ -->\n<title>Blog - Joga neizmerne sre\u010de in zdravja<\/title>\n<meta name=\"description\" content=\"Odkrijte bogastvo joge, meditacije in \u010duje\u010dnosti s strokovnimi nasveti in tehnikami za bolj\u0161e du\u0161evno in telesno zdravje. Na\u0161 blog raziskuje vse o...\" \/>\n<meta name=\"robots\" content=\"index, follow, max-snippet:-1, max-image-preview:large, max-video-preview:-1\" \/>\n<link rel=\"canonical\" href=\"https:\/\/joga-nsz.si\/?page_id=2321\" \/>\n<meta property=\"og:locale\" content=\"en_GB\" \/>\n<meta property=\"og:type\" content=\"article\" \/>\n<meta property=\"og:title\" content=\"Blog - Joga neizmerne sre\u010de in zdravja\" \/>\n<meta property=\"og:description\" content=\"Odkrijte bogastvo joge, meditacije in \u010duje\u010dnosti s strokovnimi nasveti in tehnikami za bolj\u0161e du\u0161evno in telesno zdravje. Na\u0161 blog raziskuje vse o...\" \/>\n<meta property=\"og:url\" content=\"https:\/\/joga-nsz.si\/?page_id=2321\" \/>\n<meta property=\"og:site_name\" content=\"Joga neizmerne sre\u010de in zdravja\" \/>\n<meta property=\"article:modified_time\" content=\"2026-01-14T10:32:35+00:00\" \/>\n<meta name=\"twitter:card\" content=\"summary_large_image\" \/>\n<script type=\"application\/ld+json\" class=\"yoast-schema-graph\">{\"@context\":\"https:\/\/schema.org\",\"@graph\":[{\"@type\":\"WebPage\",\"@id\":\"https:\/\/joga-nsz.si\/?page_id=2321\",\"url\":\"https:\/\/joga-nsz.si\/?page_id=2321\",\"name\":\"Blog - Joga neizmerne sre\u010de in zdravja\",\"isPartOf\":{\"@id\":\"https:\/\/joga-nsz.si\/#website\"},\"datePublished\":\"2024-11-10T19:19:29+00:00\",\"dateModified\":\"2026-01-14T10:32:35+00:00\",\"description\":\"Odkrijte bogastvo joge, meditacije in \u010duje\u010dnosti s strokovnimi nasveti in tehnikami za bolj\u0161e du\u0161evno in telesno zdravje. Na\u0161 blog raziskuje vse o...\",\"breadcrumb\":{\"@id\":\"https:\/\/joga-nsz.si\/?page_id=2321#breadcrumb\"},\"inLanguage\":\"en-GB\",\"potentialAction\":[{\"@type\":\"ReadAction\",\"target\":[\"https:\/\/joga-nsz.si\/?page_id=2321\"]}]},{\"@type\":\"BreadcrumbList\",\"@id\":\"https:\/\/joga-nsz.si\/?page_id=2321#breadcrumb\",\"itemListElement\":[{\"@type\":\"ListItem\",\"position\":1,\"name\":\"Home\",\"item\":\"https:\/\/joga-nsz.si\/\"},{\"@type\":\"ListItem\",\"position\":2,\"name\":\"Blog\"}]},{\"@type\":\"WebSite\",\"@id\":\"https:\/\/joga-nsz.si\/#website\",\"url\":\"https:\/\/joga-nsz.si\/\",\"name\":\"Joga neizmerne sre\u010de in zdravja\",\"description\":\"Do\u017eivi se in odkrij radost \u017eivljenja!\",\"potentialAction\":[{\"@type\":\"SearchAction\",\"target\":{\"@type\":\"EntryPoint\",\"urlTemplate\":\"https:\/\/joga-nsz.si\/?s={search_term_string}\"},\"query-input\":\"required name=search_term_string\"}],\"inLanguage\":\"en-GB\"}]}<\/script>\n<!-- \/ Yoast SEO plugin. -->","yoast_head_json":{"title":"Blog - Joga neizmerne sre\u010de in zdravja","description":"Odkrijte bogastvo joge, meditacije in \u010duje\u010dnosti s strokovnimi nasveti in tehnikami za bolj\u0161e du\u0161evno in telesno zdravje. Na\u0161 blog raziskuje vse o...","robots":{"index":"index","follow":"follow","max-snippet":"max-snippet:-1","max-image-preview":"max-image-preview:large","max-video-preview":"max-video-preview:-1"},"canonical":"https:\/\/joga-nsz.si\/?page_id=2321","og_locale":"en_GB","og_type":"article","og_title":"Blog - Joga neizmerne sre\u010de in zdravja","og_description":"Odkrijte bogastvo joge, meditacije in \u010duje\u010dnosti s strokovnimi nasveti in tehnikami za bolj\u0161e du\u0161evno in telesno zdravje. Na\u0161 blog raziskuje vse o...","og_url":"https:\/\/joga-nsz.si\/?page_id=2321","og_site_name":"Joga neizmerne sre\u010de in zdravja","article_modified_time":"2026-01-14T10:32:35+00:00","twitter_card":"summary_large_image","schema":{"@context":"https:\/\/schema.org","@graph":[{"@type":"WebPage","@id":"https:\/\/joga-nsz.si\/?page_id=2321","url":"https:\/\/joga-nsz.si\/?page_id=2321","name":"Blog - Joga neizmerne sre\u010de in zdravja","isPartOf":{"@id":"https:\/\/joga-nsz.si\/#website"},"datePublished":"2024-11-10T19:19:29+00:00","dateModified":"2026-01-14T10:32:35+00:00","description":"Odkrijte bogastvo joge, meditacije in \u010duje\u010dnosti s strokovnimi nasveti in tehnikami za bolj\u0161e du\u0161evno in telesno zdravje. Na\u0161 blog raziskuje vse o...","breadcrumb":{"@id":"https:\/\/joga-nsz.si\/?page_id=2321#breadcrumb"},"inLanguage":"en-GB","potentialAction":[{"@type":"ReadAction","target":["https:\/\/joga-nsz.si\/?page_id=2321"]}]},{"@type":"BreadcrumbList","@id":"https:\/\/joga-nsz.si\/?page_id=2321#breadcrumb","itemListElement":[{"@type":"ListItem","position":1,"name":"Home","item":"https:\/\/joga-nsz.si\/"},{"@type":"ListItem","position":2,"name":"Blog"}]},{"@type":"WebSite","@id":"https:\/\/joga-nsz.si\/#website","url":"https:\/\/joga-nsz.si\/","name":"Joga neizmerne sre\u010de in zdravja","description":"Do\u017eivi se in odkrij radost \u017eivljenja!","potentialAction":[{"@type":"SearchAction","target":{"@type":"EntryPoint","urlTemplate":"https:\/\/joga-nsz.si\/?s={search_term_string}"},"query-input":"required name=search_term_string"}],"inLanguage":"en-GB"}]}},"_links":{"self":[{"href":"https:\/\/joga-nsz.si\/index.php?rest_route=\/wp\/v2\/pages\/2321"}],"collection":[{"href":"https:\/\/joga-nsz.si\/index.php?rest_route=\/wp\/v2\/pages"}],"about":[{"href":"https:\/\/joga-nsz.si\/index.php?rest_route=\/wp\/v2\/types\/page"}],"author":[{"embeddable":true,"href":"https:\/\/joga-nsz.si\/index.php?rest_route=\/wp\/v2\/users\/1"}],"replies":[{"embeddable":true,"href":"https:\/\/joga-nsz.si\/index.php?rest_route=%2Fwp%2Fv2%2Fcomments&post=2321"}],"version-history":[{"count":15,"href":"https:\/\/joga-nsz.si\/index.php?rest_route=\/wp\/v2\/pages\/2321\/revisions"}],"predecessor-version":[{"id":2604,"href":"https:\/\/joga-nsz.si\/index.php?rest_route=\/wp\/v2\/pages\/2321\/revisions\/2604"}],"wp:attachment":[{"href":"https:\/\/joga-nsz.si\/index.php?rest_route=%2Fwp%2Fv2%2Fmedia&parent=2321"}],"curies":[{"name":"wp","href":"https:\/\/api.w.org\/{rel}","templated":true}]}}