{"id":2377,"date":"2025-03-14T23:26:57","date_gmt":"2025-03-14T22:26:57","guid":{"rendered":"https:\/\/joga-nsz.si\/?page_id=2377"},"modified":"2025-03-14T23:33:28","modified_gmt":"2025-03-14T22:33:28","slug":"kashmir-shaivism-course","status":"publish","type":"page","link":"https:\/\/joga-nsz.si\/?page_id=2377","title":{"rendered":"KASHMIR SHAIVISM COURSE"},"content":{"rendered":"<p>[et_pb_section fb_built=&#8221;1&#8243; theme_builder_area=&#8221;post_content&#8221; _builder_version=&#8221;4.27.0&#8243; _module_preset=&#8221;default&#8221; min_height=&#8221;551.1px&#8221; custom_margin=&#8221;-11px|||||&#8221; title_text=&#8221;KASHMIR SHAIVISM COURSE&#8221; background_image=&#8221;https:\/\/joga-nsz.si\/wp-content\/uploads\/2025\/03\/KASHMIR-SHAIVISM-COURSE-Desktop-Wallpaper-e1741989958659.png&#8221; background_enable_image=&#8221;on&#8221; hover_enabled=&#8221;0&#8243; sticky_enabled=&#8221;0&#8243; custom_padding=&#8221;||0px|||&#8221; background_last_edited=&#8221;on|phone&#8221; background_image_phone=&#8221;https:\/\/joga-nsz.si\/wp-content\/uploads\/2025\/03\/KASHMIR-SHAIVISM-COURSE.png&#8221; background_enable_image_phone=&#8221;on&#8221;][\/et_pb_section][et_pb_section fb_built=&#8221;1&#8243; theme_builder_area=&#8221;post_content&#8221; _builder_version=&#8221;4.27.0&#8243; _module_preset=&#8221;default&#8221; min_height=&#8221;507.1px&#8221; custom_margin=&#8221;-11px|||||&#8221; title_text=&#8221;KASHMIR SHAIVISM COURSE (Desktop Wallpaper)&#8221; hover_enabled=&#8221;0&#8243; sticky_enabled=&#8221;0&#8243; background_color=&#8221;RGBA(255,255,255,0)&#8221; custom_padding=&#8221;26px||1px|||&#8221;][et_pb_row _builder_version=&#8221;4.27.0&#8243; _module_preset=&#8221;default&#8221; theme_builder_area=&#8221;post_content&#8221; custom_padding=&#8221;5px||30px|||&#8221;][et_pb_column _builder_version=&#8221;4.27.0&#8243; _module_preset=&#8221;default&#8221; type=&#8221;4_4&#8243; theme_builder_area=&#8221;post_content&#8221;][et_pb_text _builder_version=&#8221;4.27.0&#8243; _module_preset=&#8221;default&#8221; theme_builder_area=&#8221;post_content&#8221; hover_enabled=&#8221;0&#8243; sticky_enabled=&#8221;0&#8243; text_font=&#8221;Quicksand|500|||||||&#8221; text_text_color=&#8221;#000000&#8243; text_font_size=&#8221;15px&#8221; custom_padding=&#8221;|200px|0px|200px|false|false&#8221; header_font=&#8221;Quicksand|700|||||||&#8221; header_text_color=&#8221;#0C71C3&#8243; custom_padding_last_edited=&#8221;on|phone&#8221; custom_padding_phone=&#8221;|10px|0px|10px|false|false&#8221; custom_padding_tablet=&#8221;|200px|0px|200px|false|false&#8221;]<\/p>\n<p class=\"p1\">Kashmir Shaivism is regarded as one of the most profound and transformative forms of yoga, as well as the most <strong>refined and advanced expression of tantra.<\/strong><\/p>\n<p>It stands as a remarkable spiritual heritage for humanity, offering a direct and effective route toward deep inner transformation and heightened awareness.<\/p>\n<p class=\"p1\">The Kashmir Shaivism course, established over two decades ago, is unique in Europe and has attracted thousands of dedicated practitioners from across the globe.<\/p>\n<p class=\"p1\">Since this tradition <strong>emphasizes a deep understanding and practical application of its principles,<\/strong> it is often said that a <strong>heightened state of inner awareness and awakening is necessary<\/strong> to truly engage with this spiritual path.<\/p>\n<p class=\"p1\">Such conditions, along with the original <strong>sacred texts,<\/strong> can be challenging for many people today.<\/p>\n<p class=\"p1\">However, this course presents these intricate teachings, methods, and initiatory aspects in a <strong>structured, accessible way.<\/strong><\/p>\n<p class=\"p1\">This allows anyone with curiosity and a genuine desire to explore the wisdom of the Kashmir Shaivism to embark on a transformative journey, leading to <strong>profound spiritual realizations and even the highest levels of Godly attainment.<\/strong><\/p>\n<p class=\"p2\"><b><\/b><\/p>\n<p class=\"p1\">The Sanskrit term <strong>&#8220;Shiva&#8221; translates to &#8220;The Ever-Benevolent One&#8221;<\/strong> and represents the aspect of God as a guiding force and ultimate liberator.<\/p>\n<p class=\"p1\">For this reason, every journey of transcendence and every experience of Godly grace is, in some way, connected to Shiva\u2014regardless of the specific spiritual path one follows.<\/p>\n<h1 class=\"p3\"><strong><span class=\"s1\">In the Kashmir Shaivism course you will learn about:<\/span><\/strong><\/h1>\n<p><strong><span class=\"s1\"><\/span><\/strong><\/p>\n<p class=\"p1\"><strong>1. The essential paths to spiritual liberation:<\/strong><\/p>\n<p class=\"p1\"><span class=\"Apple-converted-space\">\u00a0 \u00a0 <\/span>-the path of the Limited Being \u2013Anavopaya<\/p>\n<p class=\"p1\"><span class=\"Apple-converted-space\">\u00a0 \u00a0 <\/span>-the path of the Deifying Energy \u2013 Shaktopaya<\/p>\n<p class=\"p1\"><span class=\"Apple-converted-space\">\u00a0 \u00a0 <\/span>-the path of Shiva \u2013 Shambavopaya<\/p>\n<p class=\"p1\"><span class=\"Apple-converted-space\">\u00a0 \u00a0 <\/span>-the Supreme Path, or the Path without steps\u2013Anupaya<\/p>\n<p class=\"p1\">2. The mysteries of the <strong>36 essential aspects of manifestation (tattvas)<\/strong><\/p>\n<p class=\"p1\">3. The mysteries of the <strong>phonemic divine energies<\/strong> \u2013 of the creative divine Logos<\/p>\n<p class=\"p1\">4. Esoteric methods to profoundly, intensely activate the <strong>subtle centres of force (chakras) and of all their \u201cpetals\u201d<\/strong> \u2013 specific vibratory directions<\/p>\n<p class=\"p1\">5. Initiatory and practical study of certain <strong>fundamental treatises of the Kashmir Shaivism:<\/strong> Shiva Sutra, Spanda Karika, Vijnana Bhairava Tantra etc.<\/p>\n<p class=\"p1\">6. Full revelation, from an efficient, practical perspective, of the <strong>112 major direct methods of enlightenment contained in the esoteric treatise Vijnana Bhairava Tantra,<\/strong> which confer the revelation of the Immortal Supreme Self (Atman) and ecstatic, the complete reunion with God.<\/p>\n<p class=\"p1\">7. Special initiations in for example the <strong>Sri Vidya esotericism: the mantras of the 15 nityas of the Great Cosmic Power Tripura Sundari<\/strong> will be instructed and practised.<\/p>\n<p class=\"p1\">8. Initiations in certain divinities esotericism and mantras: <strong>Garuda, Skanda-Karttikeya, Hanuman<\/strong> etc.<\/p>\n<p class=\"p1\">9. Certain relevant initiations as a result of passing the yearly written exams: kshurika mantra \u2013 <strong>a mantra specific to Shaivism tradition for opening brahmarandhra,<\/strong> which offer the ability to instantly transcend the limited individual condition, as well as to practice the secret method of the <strong>\u201ctransfer of consciousness\u201d<\/strong> (known as Phowa in Tibetan tradition).<\/p>\n<p class=\"p1\">10. Esoteric method to realise the secret erotic tantric procedure, <strong>maithuna.<\/strong><\/p>\n<p class=\"p1\">11. Secret spiritual methods comprised in the famous work <strong>Sundaryalahari;<\/strong><\/p>\n<p class=\"p1\">12. <strong>The mantra of complete transcending of all limitations<\/strong> inherent to the common human condition, as well as of the individual karmic conditions.<\/p>\n<p class=\"p1\">13. The spiritual traditional ceremony and <strong>rituals of Shiva adoration.<\/strong><\/p>\n<p class=\"p1\">14. Secret mantras for awakening and activation in our being the <strong>3 essential stages of the formidable power of the Shiva lingam.<\/strong><\/p>\n<p class=\"p2\"><b><\/b>====================<\/p>\n<p class=\"p1\">This course does not include hatha and kriya yoga on the mat. <strong>It is a course for those who already have some spiritual knowledge and a daily spiritual practice and are willing to study and devote adequate time for teachings to mature.<\/strong><\/p>\n<p class=\"p1\">Also for those who are searching for devotional knowledge, meditative practices and have affinity with study, art and aesthetic contemplation.<\/p>\n<p class=\"p1\">[\/et_pb_text][et_pb_text _builder_version=&#8221;4.27.0&#8243; _module_preset=&#8221;default&#8221; theme_builder_area=&#8221;post_content&#8221; hover_enabled=&#8221;0&#8243; sticky_enabled=&#8221;0&#8243; text_font=&#8221;Quicksand|500|||||||&#8221; text_text_color=&#8221;#000000&#8243; text_font_size=&#8221;15px&#8221; custom_padding=&#8221;17px|200px|17px|200px|false|false&#8221; header_font=&#8221;Quicksand|700|||||||&#8221; header_text_color=&#8221;#0C71C3&#8243; custom_margin=&#8221;46px||||false|false&#8221; background_color=&#8221;rgba(0,0,0,0.1)&#8221; module_alignment=&#8221;center&#8221; max_width=&#8221;94%&#8221; custom_padding_last_edited=&#8221;on|phone&#8221; custom_padding_phone=&#8221;17px|10px|17px|10px|false|false&#8221; custom_padding_tablet=&#8221;17px|200px|17px|200px|false|false&#8221;]<\/p>\n<h1 class=\"p3\"><strong><span class=\"s1\">Practical information:<\/span><\/strong><\/h1>\n<p><strong><span class=\"s1\"><\/span><\/strong><\/p>\n<p class=\"p1\"><strong>Location:<\/strong> Ljubljana or online via Zoom<br \/><strong>Schedule:<\/strong> two times per month, on Fridays from 17:30 \u2013 20.30<br \/><strong>Language:<\/strong> English<br \/><strong>Teacher:<\/strong> Ne\u017ea<br \/><strong>Prices:<\/strong> 50\u20ac per month (35\u20ac for university students\/unemployed\/seniors)<br \/><strong>Sign up:<\/strong> info@joga-nsz.si<\/p>\n<p>[\/et_pb_text][\/et_pb_column][\/et_pb_row][\/et_pb_section]<\/p>\n","protected":false},"excerpt":{"rendered":"<p>Kashmir Shaivism is regarded as one of the most profound and transformative forms of yoga, as well as the most refined and advanced expression of tantra. It stands as a remarkable spiritual heritage for humanity, offering a direct and effective route toward deep inner transformation and heightened awareness. The Kashmir Shaivism course, established over two [&hellip;]<\/p>\n","protected":false},"author":1,"featured_media":0,"parent":0,"menu_order":0,"comment_status":"closed","ping_status":"closed","template":"","meta":{"_et_pb_use_builder":"on","_et_pb_old_content":"","_et_gb_content_width":"","footnotes":""},"yoast_head":"<!-- This site is optimized with the Yoast SEO plugin v23.3 - https:\/\/yoast.com\/wordpress\/plugins\/seo\/ -->\n<title>KASHMIR SHAIVISM COURSE - Joga neizmerne sre\u010de in zdravja<\/title>\n<meta name=\"description\" content=\"Kashmir Shaivism is regarded as one of the most profound and transformative forms of yoga, as well as the most refine...\" \/>\n<meta name=\"robots\" content=\"index, follow, max-snippet:-1, max-image-preview:large, max-video-preview:-1\" \/>\n<link rel=\"canonical\" href=\"https:\/\/joga-nsz.si\/?page_id=2377\" \/>\n<meta property=\"og:locale\" content=\"en_GB\" \/>\n<meta property=\"og:type\" content=\"article\" \/>\n<meta property=\"og:title\" content=\"KASHMIR SHAIVISM COURSE - Joga neizmerne sre\u010de in zdravja\" \/>\n<meta property=\"og:description\" content=\"Kashmir Shaivism is regarded as one of the most profound and transformative forms of yoga, as well as the most refine...\" \/>\n<meta property=\"og:url\" content=\"https:\/\/joga-nsz.si\/?page_id=2377\" \/>\n<meta property=\"og:site_name\" content=\"Joga neizmerne sre\u010de in zdravja\" \/>\n<meta property=\"article:modified_time\" content=\"2025-03-14T22:33:28+00:00\" \/>\n<meta name=\"twitter:card\" content=\"summary_large_image\" \/>\n<script type=\"application\/ld+json\" class=\"yoast-schema-graph\">{\"@context\":\"https:\/\/schema.org\",\"@graph\":[{\"@type\":\"WebPage\",\"@id\":\"https:\/\/joga-nsz.si\/?page_id=2377\",\"url\":\"https:\/\/joga-nsz.si\/?page_id=2377\",\"name\":\"KASHMIR SHAIVISM COURSE - Joga neizmerne sre\u010de in zdravja\",\"isPartOf\":{\"@id\":\"https:\/\/joga-nsz.si\/#website\"},\"datePublished\":\"2025-03-14T22:26:57+00:00\",\"dateModified\":\"2025-03-14T22:33:28+00:00\",\"description\":\"Kashmir Shaivism is regarded as one of the most profound and transformative forms of yoga, as well as the most refine...\",\"breadcrumb\":{\"@id\":\"https:\/\/joga-nsz.si\/?page_id=2377#breadcrumb\"},\"inLanguage\":\"en-GB\",\"potentialAction\":[{\"@type\":\"ReadAction\",\"target\":[\"https:\/\/joga-nsz.si\/?page_id=2377\"]}]},{\"@type\":\"BreadcrumbList\",\"@id\":\"https:\/\/joga-nsz.si\/?page_id=2377#breadcrumb\",\"itemListElement\":[{\"@type\":\"ListItem\",\"position\":1,\"name\":\"Home\",\"item\":\"https:\/\/joga-nsz.si\/\"},{\"@type\":\"ListItem\",\"position\":2,\"name\":\"KASHMIR SHAIVISM COURSE\"}]},{\"@type\":\"WebSite\",\"@id\":\"https:\/\/joga-nsz.si\/#website\",\"url\":\"https:\/\/joga-nsz.si\/\",\"name\":\"Joga neizmerne sre\u010de in zdravja\",\"description\":\"Do\u017eivi se in odkrij radost \u017eivljenja!\",\"potentialAction\":[{\"@type\":\"SearchAction\",\"target\":{\"@type\":\"EntryPoint\",\"urlTemplate\":\"https:\/\/joga-nsz.si\/?s={search_term_string}\"},\"query-input\":\"required name=search_term_string\"}],\"inLanguage\":\"en-GB\"}]}<\/script>\n<!-- \/ Yoast SEO plugin. -->","yoast_head_json":{"title":"KASHMIR SHAIVISM COURSE - Joga neizmerne sre\u010de in zdravja","description":"Kashmir Shaivism is regarded as one of the most profound and transformative forms of yoga, as well as the most refine...","robots":{"index":"index","follow":"follow","max-snippet":"max-snippet:-1","max-image-preview":"max-image-preview:large","max-video-preview":"max-video-preview:-1"},"canonical":"https:\/\/joga-nsz.si\/?page_id=2377","og_locale":"en_GB","og_type":"article","og_title":"KASHMIR SHAIVISM COURSE - Joga neizmerne sre\u010de in zdravja","og_description":"Kashmir Shaivism is regarded as one of the most profound and transformative forms of yoga, as well as the most refine...","og_url":"https:\/\/joga-nsz.si\/?page_id=2377","og_site_name":"Joga neizmerne sre\u010de in zdravja","article_modified_time":"2025-03-14T22:33:28+00:00","twitter_card":"summary_large_image","schema":{"@context":"https:\/\/schema.org","@graph":[{"@type":"WebPage","@id":"https:\/\/joga-nsz.si\/?page_id=2377","url":"https:\/\/joga-nsz.si\/?page_id=2377","name":"KASHMIR SHAIVISM COURSE - Joga neizmerne sre\u010de in zdravja","isPartOf":{"@id":"https:\/\/joga-nsz.si\/#website"},"datePublished":"2025-03-14T22:26:57+00:00","dateModified":"2025-03-14T22:33:28+00:00","description":"Kashmir Shaivism is regarded as one of the most profound and transformative forms of yoga, as well as the most refine...","breadcrumb":{"@id":"https:\/\/joga-nsz.si\/?page_id=2377#breadcrumb"},"inLanguage":"en-GB","potentialAction":[{"@type":"ReadAction","target":["https:\/\/joga-nsz.si\/?page_id=2377"]}]},{"@type":"BreadcrumbList","@id":"https:\/\/joga-nsz.si\/?page_id=2377#breadcrumb","itemListElement":[{"@type":"ListItem","position":1,"name":"Home","item":"https:\/\/joga-nsz.si\/"},{"@type":"ListItem","position":2,"name":"KASHMIR SHAIVISM COURSE"}]},{"@type":"WebSite","@id":"https:\/\/joga-nsz.si\/#website","url":"https:\/\/joga-nsz.si\/","name":"Joga neizmerne sre\u010de in zdravja","description":"Do\u017eivi se in odkrij radost \u017eivljenja!","potentialAction":[{"@type":"SearchAction","target":{"@type":"EntryPoint","urlTemplate":"https:\/\/joga-nsz.si\/?s={search_term_string}"},"query-input":"required name=search_term_string"}],"inLanguage":"en-GB"}]}},"_links":{"self":[{"href":"https:\/\/joga-nsz.si\/index.php?rest_route=\/wp\/v2\/pages\/2377"}],"collection":[{"href":"https:\/\/joga-nsz.si\/index.php?rest_route=\/wp\/v2\/pages"}],"about":[{"href":"https:\/\/joga-nsz.si\/index.php?rest_route=\/wp\/v2\/types\/page"}],"author":[{"embeddable":true,"href":"https:\/\/joga-nsz.si\/index.php?rest_route=\/wp\/v2\/users\/1"}],"replies":[{"embeddable":true,"href":"https:\/\/joga-nsz.si\/index.php?rest_route=%2Fwp%2Fv2%2Fcomments&post=2377"}],"version-history":[{"count":3,"href":"https:\/\/joga-nsz.si\/index.php?rest_route=\/wp\/v2\/pages\/2377\/revisions"}],"predecessor-version":[{"id":2384,"href":"https:\/\/joga-nsz.si\/index.php?rest_route=\/wp\/v2\/pages\/2377\/revisions\/2384"}],"wp:attachment":[{"href":"https:\/\/joga-nsz.si\/index.php?rest_route=%2Fwp%2Fv2%2Fmedia&parent=2377"}],"curies":[{"name":"wp","href":"https:\/\/api.w.org\/{rel}","templated":true}]}}