{"id":2390,"date":"2025-03-19T15:39:53","date_gmt":"2025-03-19T14:39:53","guid":{"rendered":"https:\/\/joga-nsz.si\/?page_id=2390"},"modified":"2026-01-16T11:45:35","modified_gmt":"2026-01-16T10:45:35","slug":"kaj-je-namen-avtenticne-jogijske-prakse","status":"publish","type":"page","link":"https:\/\/joga-nsz.si\/?page_id=2390","title":{"rendered":"KAJ JE NAMEN AVTENTI\u010cNE JOGIJSKE PRAKSE?"},"content":{"rendered":"<p>[et_pb_section fb_built=&#8221;1&#8243; _builder_version=&#8221;4.27.0&#8243; _module_preset=&#8221;default&#8221; custom_padding=&#8221;||0px|||&#8221; global_colors_info=&#8221;{}&#8221;][et_pb_row _builder_version=&#8221;4.27.0&#8243; _module_preset=&#8221;default&#8221; custom_margin=&#8221;-48px|auto||auto||&#8221; custom_padding=&#8221;1px|||||&#8221; global_colors_info=&#8221;{}&#8221;][et_pb_column type=&#8221;4_4&#8243; _builder_version=&#8221;4.27.0&#8243; _module_preset=&#8221;default&#8221; global_colors_info=&#8221;{}&#8221;][et_pb_text _builder_version=&#8221;4.27.0&#8243; _module_preset=&#8221;default&#8221; text_font=&#8221;Quicksand|700|||||||&#8221; text_text_color=&#8221;#000000&#8243; text_orientation=&#8221;center&#8221; global_colors_info=&#8221;{}&#8221;]<\/p>\n<p>19.03.2025 | Joga neizmerne sre\u010de in zdravja\u00a0<\/p>\n<p>[\/et_pb_text][et_pb_text content_tablet=&#8221;<\/p>\n<h1 class=%22p1%22><b>KAJ JE NAMEN AVTENTI\u010cNE<\/b><\/h1>\n<h1 class=%22p1%22><b>JOGIJSKE PRAKSE?<\/b><\/h1>\n<p>&#8221; content_phone=&#8221;<\/p>\n<h1 class=%22p1%22><b>KAJ JE NAMEN AVTENTI\u010cNE <\/b><b>JOGIJSKE PRAKSE?<\/b><\/h1>\n<p>&#8221; content_last_edited=&#8221;on|phone&#8221; _builder_version=&#8221;4.27.0&#8243; _module_preset=&#8221;default&#8221; text_font=&#8221;Quicksand|700|||||||&#8221; text_text_color=&#8221;#0C71C3&#8243; header_font=&#8221;Quicksand|700|||||||&#8221; header_text_color=&#8221;#061c9b&#8221; header_font_size=&#8221;34px&#8221; text_orientation=&#8221;center&#8221; custom_padding=&#8221;20px||||false|false&#8221; header_letter_spacing_tablet=&#8221;&#8221; header_letter_spacing_phone=&#8221;&#8221; header_letter_spacing_last_edited=&#8221;on|desktop&#8221; header_line_height_tablet=&#8221;&#8221; header_line_height_phone=&#8221;1em&#8221; header_line_height_last_edited=&#8221;on|phone&#8221; global_colors_info=&#8221;{}&#8221;]<\/p>\n<h1 class=\"p1\"><b>KAJ JE NAMEN AVTENTI\u010cNE<\/b><\/h1>\n<h1 class=\"p1\"><b>JOGIJSKE PRAKSE?<\/b><\/h1>\n<p>[\/et_pb_text][et_pb_text _builder_version=&#8221;4.27.0&#8243; _module_preset=&#8221;default&#8221; text_font=&#8221;Quicksand|&#8211;et_global_body_font_weight|||||||&#8221; text_text_color=&#8221;#000000&#8243; text_font_size=&#8221;15px&#8221; custom_padding=&#8221;20px|200px||200px|false|false&#8221; custom_padding_tablet=&#8221;20px|200px||200px|false|false&#8221; custom_padding_phone=&#8221;20px|5px||10px|false|false&#8221; custom_padding_last_edited=&#8221;on|phone&#8221; global_colors_info=&#8221;{}&#8221;]<\/p>\n<p class=\"p1\"><strong>Dandanes je v svetu praksa joge zelo moderna, ni pa zares poznana v svojem globljem in tradicionalnem bistvu.<\/strong><\/p>\n<p class=\"p1\">Splet je poln pre\u010dudovitih slik in video posnetkov, na katerih vidimo zares lepe jogijske pozicije, popolno izoblikovana telesa in fascinantno fleksibilnost praktikantov, oble\u010denih po zadnji joga modi. Vse izgleda in deluje zares \u010dudovito. Mnogo ljudi, po kon\u010danem delovnem \u010dasu pohiti na uro jogijske vadbe. Najve\u010dkrat z namenom sprostitve, opu\u0161\u010danja dnevnega stresa ter izoblikovanja in raztezanja celotnega telesa, mogo\u010de v\u010dasih \u0161e uma. Vse to joga je! Ampak, ali je to zares vse, kar nam tradicionalna in avtenti\u010dna joga lahko ponudi? Je to bistveni namen starodavne indijske prakse, ki so jo razsvetljeni mojstri prakticirali dnevno \u017ee ve\u010d kot 5000 let nazaj?<\/p>\n<p class=\"p1\">\n<p>[\/et_pb_text][et_pb_image src=&#8221;https:\/\/joga-nsz.si\/wp-content\/uploads\/2025\/03\/2025-03-19-14.47.35.jpg&#8221; title_text=&#8221;jogiska praksa&#8221; align=&#8221;center&#8221; _builder_version=&#8221;4.27.0&#8243; _module_preset=&#8221;default&#8221; width=&#8221;52%&#8221; global_colors_info=&#8221;{}&#8221;][\/et_pb_image][et_pb_text _builder_version=&#8221;4.27.0&#8243; _module_preset=&#8221;default&#8221; text_font=&#8221;Quicksand|&#8211;et_global_body_font_weight|||||||&#8221; text_text_color=&#8221;#000000&#8243; text_font_size=&#8221;15px&#8221; custom_padding=&#8221;20px|200px||200px|false|false&#8221; custom_padding_tablet=&#8221;20px|200px||200px|false|false&#8221; custom_padding_phone=&#8221;20px|5px||10px|false|false&#8221; custom_padding_last_edited=&#8221;on|phone&#8221; global_colors_info=&#8221;{}&#8221;]<\/p>\n<p class=\"p1\"><strong>Joga se ne za\u010dne in ne kon\u010da na jogijski blazini. <\/strong><\/p>\n<p class=\"p1\">Avtenti\u010dni praktikant pozna resnico, da je joga na\u010din oziroma odnos do \u017eivljenja, ki se ga lahko prakticira v prav vsakem trenutku. Jogijske prakse in tehnike, ki jih prakticiramo na joga blazini nam namre\u010d omogo\u010dijo odpiranje celotnega bitja do na\u0161ega okolja in \u017eivljenja samega. Tako imamo prilo\u017enost, da smo v vsakem trenutku izredno prisotni, pozorni in odprti za u\u010denje iz katere koli \u017eivljenjske situacije.<\/p>\n<p class=\"p1\"><strong>Predana in redna jogijska praksa nam izbolj\u0161a kvaliteto \u017eivljenja. <\/strong><\/p>\n<p class=\"p1\">Namen joge torej je, da nam omogo\u010di globljo in bolj pristno povezavo z na\u0161im lastnim bitjem. Globoka povezava s samim seboj in spoznanje o tem, kdo v resnici smo, sta izredno pomembna. V dana\u0161njem hitrem tempu \u017eivljenja, preobremenjenosti z zunanjimi stimuli in neskon\u010dnimi nepote\u0161ljivimi \u017eeljami, ki jim kar ni in ni konca, se namre\u010d velikokrat ne spomnimo, kdo v resnici smo in ne za\u010dutimo, kaj v tem trenutku zares potrebujemo.<\/p>\n<p class=\"p1\">\n<p>[\/et_pb_text][et_pb_image src=&#8221;https:\/\/joga-nsz.si\/wp-content\/uploads\/2025\/03\/2025-03-19-14.47.50.jpg&#8221; title_text=&#8221;jogiska praksa&#8221; align=&#8221;center&#8221; _builder_version=&#8221;4.27.0&#8243; _module_preset=&#8221;default&#8221; width=&#8221;52%&#8221; global_colors_info=&#8221;{}&#8221;][\/et_pb_image][et_pb_text _builder_version=&#8221;4.27.0&#8243; _module_preset=&#8221;default&#8221; text_font=&#8221;Quicksand|&#8211;et_global_body_font_weight|||||||&#8221; text_text_color=&#8221;#000000&#8243; text_font_size=&#8221;15px&#8221; custom_padding=&#8221;20px|200px||200px|false|false&#8221; custom_padding_tablet=&#8221;20px|200px||200px|false|false&#8221; custom_padding_phone=&#8221;20px|200px||200px|false|false&#8221; custom_padding_last_edited=&#8221;on|desktop&#8221; global_colors_info=&#8221;{}&#8221;]<\/p>\n<p class=\"p1\">Avtenti\u010dna praksa joge nam skozi bolj\u0161o povezanost s samim seboj omogo\u010di, da la\u017eje prepoznamo svoje lastne potrebe in \u017eelje. Poka\u017ee nam tudi pot, kako dejansko priti do tega, kar si v resnici globoko \u017eelimo. Na ta na\u010din, na\u0161e \u017eivljenje postane bolj harmoni\u010dno, pristno, polno ljubezni, zdravja in izpopolnjenosti v prav vsakem trenutku.<\/p>\n<p class=\"p1\"><strong>Bistveni namen joge je torej spoznati in skozi direktno izku\u0161njo do\u017eiveti fascinantnost in globino svojega lastnega bitja.<\/strong><\/p>\n<p class=\"p1\">Joga nam ponuja \u0161iroko paleto raznih starodavnih tehnik in metod, ki nas skozi raz\u0161iritev lastne zavesti in z vztrajnim usmerjanjem pozornosti znotraj sebe &#8211; v globino svojega bitja &#8211; pripeljejo do skrivnostnih spoznanj o na\u0161em bitju, o tem \u017eivljenju in o celotnem Vesolju.<\/p>\n<p class=\"p1\"><strong>Vsakodnevna praksa joge nam pomaga odkriti in zares spoznati kdo v resnici smo.<\/strong><\/p>\n<p class=\"p1\">Ponuja nam odgovor na temeljna eksistencialna vpra\u0161anja: \u00bbKdo sem?\u00ab, \u00bbOd kje prihajam?\u00ab, \u00bbZakaj sploh sem?\u00ab in \u00bbKam grem?\u00ab. Odgovorov na ta vpra\u0161anja se ne da prebrati iz nobene knjige. Odgovore lahko pridobimo le skozi lastno izku\u0161njo in videnjem resnice znotraj na\u0161ega bitja. Skozi lastno spoznanje. Kot pravimo jogiji: &#8220;En gram prakse je vreden ve\u010d kot tona teorije!&#8221;<\/p>\n<p>[\/et_pb_text][\/et_pb_column][\/et_pb_row][\/et_pb_section]<\/p>\n","protected":false},"excerpt":{"rendered":"<p>19.03.2025 | Joga neizmerne sre\u010de in zdravja\u00a0KAJ JE NAMEN AVTENTI\u010cNE JOGIJSKE PRAKSE?Dandanes je v svetu praksa joge zelo moderna, ni pa zares poznana v svojem globljem in tradicionalnem bistvu. Splet je poln pre\u010dudovitih slik in video posnetkov, na katerih vidimo zares lepe jogijske pozicije, popolno izoblikovana telesa in fascinantno fleksibilnost praktikantov, oble\u010denih po zadnji joga [&hellip;]<\/p>\n","protected":false},"author":1,"featured_media":0,"parent":0,"menu_order":0,"comment_status":"closed","ping_status":"closed","template":"","meta":{"_et_pb_use_builder":"on","_et_pb_old_content":"","_et_gb_content_width":"","footnotes":""},"yoast_head":"<!-- This site is optimized with the Yoast SEO plugin v23.3 - https:\/\/yoast.com\/wordpress\/plugins\/seo\/ -->\n<title>KAJ JE NAMEN AVTENTI\u010cNE JOGIJSKE PRAKSE? - Joga neizmerne sre\u010de in zdravja<\/title>\n<meta name=\"description\" content=\"Vse to joga je! Ampak, ali je to zares vse, kar nam tradicionalna in avtenti\u010dna joga lahko ponudi?\" \/>\n<meta name=\"robots\" content=\"index, follow, max-snippet:-1, max-image-preview:large, max-video-preview:-1\" \/>\n<link rel=\"canonical\" href=\"https:\/\/joga-nsz.si\/?page_id=2390\" \/>\n<meta property=\"og:locale\" content=\"en_GB\" \/>\n<meta property=\"og:type\" content=\"article\" \/>\n<meta property=\"og:title\" content=\"KAJ JE NAMEN AVTENTI\u010cNE JOGIJSKE PRAKSE? - Joga neizmerne sre\u010de in zdravja\" \/>\n<meta property=\"og:description\" content=\"Vse to joga je! Ampak, ali je to zares vse, kar nam tradicionalna in avtenti\u010dna joga lahko ponudi?\" \/>\n<meta property=\"og:url\" content=\"https:\/\/joga-nsz.si\/?page_id=2390\" \/>\n<meta property=\"og:site_name\" content=\"Joga neizmerne sre\u010de in zdravja\" \/>\n<meta property=\"article:modified_time\" content=\"2026-01-16T10:45:35+00:00\" \/>\n<meta name=\"twitter:card\" content=\"summary_large_image\" \/>\n<script type=\"application\/ld+json\" class=\"yoast-schema-graph\">{\"@context\":\"https:\/\/schema.org\",\"@graph\":[{\"@type\":\"WebPage\",\"@id\":\"https:\/\/joga-nsz.si\/?page_id=2390\",\"url\":\"https:\/\/joga-nsz.si\/?page_id=2390\",\"name\":\"KAJ JE NAMEN AVTENTI\u010cNE JOGIJSKE PRAKSE? - Joga neizmerne sre\u010de in zdravja\",\"isPartOf\":{\"@id\":\"https:\/\/joga-nsz.si\/#website\"},\"datePublished\":\"2025-03-19T14:39:53+00:00\",\"dateModified\":\"2026-01-16T10:45:35+00:00\",\"description\":\"Vse to joga je! Ampak, ali je to zares vse, kar nam tradicionalna in avtenti\u010dna joga lahko ponudi?\",\"breadcrumb\":{\"@id\":\"https:\/\/joga-nsz.si\/?page_id=2390#breadcrumb\"},\"inLanguage\":\"en-GB\",\"potentialAction\":[{\"@type\":\"ReadAction\",\"target\":[\"https:\/\/joga-nsz.si\/?page_id=2390\"]}]},{\"@type\":\"BreadcrumbList\",\"@id\":\"https:\/\/joga-nsz.si\/?page_id=2390#breadcrumb\",\"itemListElement\":[{\"@type\":\"ListItem\",\"position\":1,\"name\":\"Home\",\"item\":\"https:\/\/joga-nsz.si\/\"},{\"@type\":\"ListItem\",\"position\":2,\"name\":\"KAJ JE NAMEN AVTENTI\u010cNE JOGIJSKE PRAKSE?\"}]},{\"@type\":\"WebSite\",\"@id\":\"https:\/\/joga-nsz.si\/#website\",\"url\":\"https:\/\/joga-nsz.si\/\",\"name\":\"Joga neizmerne sre\u010de in zdravja\",\"description\":\"Do\u017eivi se in odkrij radost \u017eivljenja!\",\"potentialAction\":[{\"@type\":\"SearchAction\",\"target\":{\"@type\":\"EntryPoint\",\"urlTemplate\":\"https:\/\/joga-nsz.si\/?s={search_term_string}\"},\"query-input\":\"required name=search_term_string\"}],\"inLanguage\":\"en-GB\"}]}<\/script>\n<!-- \/ Yoast SEO plugin. -->","yoast_head_json":{"title":"KAJ JE NAMEN AVTENTI\u010cNE JOGIJSKE PRAKSE? - Joga neizmerne sre\u010de in zdravja","description":"Vse to joga je! Ampak, ali je to zares vse, kar nam tradicionalna in avtenti\u010dna joga lahko ponudi?","robots":{"index":"index","follow":"follow","max-snippet":"max-snippet:-1","max-image-preview":"max-image-preview:large","max-video-preview":"max-video-preview:-1"},"canonical":"https:\/\/joga-nsz.si\/?page_id=2390","og_locale":"en_GB","og_type":"article","og_title":"KAJ JE NAMEN AVTENTI\u010cNE JOGIJSKE PRAKSE? - Joga neizmerne sre\u010de in zdravja","og_description":"Vse to joga je! Ampak, ali je to zares vse, kar nam tradicionalna in avtenti\u010dna joga lahko ponudi?","og_url":"https:\/\/joga-nsz.si\/?page_id=2390","og_site_name":"Joga neizmerne sre\u010de in zdravja","article_modified_time":"2026-01-16T10:45:35+00:00","twitter_card":"summary_large_image","schema":{"@context":"https:\/\/schema.org","@graph":[{"@type":"WebPage","@id":"https:\/\/joga-nsz.si\/?page_id=2390","url":"https:\/\/joga-nsz.si\/?page_id=2390","name":"KAJ JE NAMEN AVTENTI\u010cNE JOGIJSKE PRAKSE? - Joga neizmerne sre\u010de in zdravja","isPartOf":{"@id":"https:\/\/joga-nsz.si\/#website"},"datePublished":"2025-03-19T14:39:53+00:00","dateModified":"2026-01-16T10:45:35+00:00","description":"Vse to joga je! Ampak, ali je to zares vse, kar nam tradicionalna in avtenti\u010dna joga lahko ponudi?","breadcrumb":{"@id":"https:\/\/joga-nsz.si\/?page_id=2390#breadcrumb"},"inLanguage":"en-GB","potentialAction":[{"@type":"ReadAction","target":["https:\/\/joga-nsz.si\/?page_id=2390"]}]},{"@type":"BreadcrumbList","@id":"https:\/\/joga-nsz.si\/?page_id=2390#breadcrumb","itemListElement":[{"@type":"ListItem","position":1,"name":"Home","item":"https:\/\/joga-nsz.si\/"},{"@type":"ListItem","position":2,"name":"KAJ JE NAMEN AVTENTI\u010cNE JOGIJSKE PRAKSE?"}]},{"@type":"WebSite","@id":"https:\/\/joga-nsz.si\/#website","url":"https:\/\/joga-nsz.si\/","name":"Joga neizmerne sre\u010de in zdravja","description":"Do\u017eivi se in odkrij radost \u017eivljenja!","potentialAction":[{"@type":"SearchAction","target":{"@type":"EntryPoint","urlTemplate":"https:\/\/joga-nsz.si\/?s={search_term_string}"},"query-input":"required name=search_term_string"}],"inLanguage":"en-GB"}]}},"_links":{"self":[{"href":"https:\/\/joga-nsz.si\/index.php?rest_route=\/wp\/v2\/pages\/2390"}],"collection":[{"href":"https:\/\/joga-nsz.si\/index.php?rest_route=\/wp\/v2\/pages"}],"about":[{"href":"https:\/\/joga-nsz.si\/index.php?rest_route=\/wp\/v2\/types\/page"}],"author":[{"embeddable":true,"href":"https:\/\/joga-nsz.si\/index.php?rest_route=\/wp\/v2\/users\/1"}],"replies":[{"embeddable":true,"href":"https:\/\/joga-nsz.si\/index.php?rest_route=%2Fwp%2Fv2%2Fcomments&post=2390"}],"version-history":[{"count":9,"href":"https:\/\/joga-nsz.si\/index.php?rest_route=\/wp\/v2\/pages\/2390\/revisions"}],"predecessor-version":[{"id":2606,"href":"https:\/\/joga-nsz.si\/index.php?rest_route=\/wp\/v2\/pages\/2390\/revisions\/2606"}],"wp:attachment":[{"href":"https:\/\/joga-nsz.si\/index.php?rest_route=%2Fwp%2Fv2%2Fmedia&parent=2390"}],"curies":[{"name":"wp","href":"https:\/\/api.w.org\/{rel}","templated":true}]}}