{"id":2567,"date":"2025-09-28T18:10:45","date_gmt":"2025-09-28T17:10:45","guid":{"rendered":"https:\/\/joga-nsz.si\/?page_id=2567"},"modified":"2025-10-22T14:40:54","modified_gmt":"2025-10-22T13:40:54","slug":"love-for-god-retreat","status":"publish","type":"page","link":"https:\/\/joga-nsz.si\/?page_id=2567","title":{"rendered":"Love for God Retreat"},"content":{"rendered":"<p>[et_pb_section fb_built=&#8221;1&#8243; custom_padding_last_edited=&#8221;on|phone&#8221; _builder_version=&#8221;4.27.0&#8243; _module_preset=&#8221;default&#8221; background_image=&#8221;https:\/\/joga-nsz.si\/wp-content\/uploads\/2025\/10\/Path-of-love_2.jpg&#8221; background_enable_image=&#8221;on&#8221; width=&#8221;100%&#8221; module_alignment=&#8221;center&#8221; custom_margin=&#8221;-7px||-8px||false|false&#8221; custom_margin_tablet=&#8221;-7px||-8px||false|false&#8221; custom_margin_phone=&#8221;-9px||0px||false|false&#8221; custom_margin_last_edited=&#8221;on|phone&#8221; custom_padding=&#8221;||441px||false|false&#8221; custom_padding_tablet=&#8221;||441px||false|false&#8221; custom_padding_phone=&#8221;||250px||false|false&#8221; background_last_edited=&#8221;on|phone&#8221; background_image_phone=&#8221;https:\/\/joga-nsz.si\/wp-content\/uploads\/2025\/10\/Path-of-love.jpg&#8221; background_enable_image_phone=&#8221;on&#8221; global_colors_info=&#8221;{}&#8221;][et_pb_row _builder_version=&#8221;4.27.0&#8243; _module_preset=&#8221;default&#8221; global_colors_info=&#8221;{}&#8221;][et_pb_column type=&#8221;4_4&#8243; _builder_version=&#8221;4.27.0&#8243; _module_preset=&#8221;default&#8221; global_colors_info=&#8221;{}&#8221;][\/et_pb_column][\/et_pb_row][\/et_pb_section][et_pb_section fb_built=&#8221;1&#8243; _builder_version=&#8221;4.27.0&#8243; _module_preset=&#8221;default&#8221; background_color=&#8221;RGBA(255,255,255,0)&#8221; custom_margin=&#8221;-8px||||false|false&#8221; custom_padding=&#8221;10px||0px||false|false&#8221; global_colors_info=&#8221;{}&#8221;][et_pb_row _builder_version=&#8221;4.27.0&#8243; _module_preset=&#8221;default&#8221; custom_margin=&#8221;||||false|false&#8221; custom_padding=&#8221;27px||0px||false|false&#8221; global_colors_info=&#8221;{}&#8221;][et_pb_column type=&#8221;4_4&#8243; _builder_version=&#8221;4.27.0&#8243; _module_preset=&#8221;default&#8221; global_colors_info=&#8221;{}&#8221;][et_pb_text _builder_version=&#8221;4.27.0&#8243; _module_preset=&#8221;default&#8221; text_font=&#8221;Quicksand|500|||||||&#8221; text_text_color=&#8221;#000000&#8243; text_font_size=&#8221;15px&#8221; header_font=&#8221;Quicksand|700|||||||&#8221; header_text_color=&#8221;#f2c832&#8243; header_font_size=&#8221;24px&#8221; custom_padding=&#8221;0px|150px|13px|200px|false|false&#8221; custom_padding_tablet=&#8221;30px|150px||200px|false|false&#8221; custom_padding_phone=&#8221;10px|10px||10px|false|false&#8221; custom_padding_last_edited=&#8221;on|desktop&#8221; hover_enabled=&#8221;0&#8243; global_colors_info=&#8221;{}&#8221; sticky_enabled=&#8221;0&#8243;]<\/p>\n<h1 class=\"p1\" style=\"text-align: center;\">Welcome to our<br \/>PATHS OF LOVE Weekend Immersion<\/h1>\n<p class=\"p1\" style=\"text-align: center;\"><b>November 8<\/b><b><sup>th<\/sup><\/b><b> &amp; 9<\/b><b><sup>th<\/sup><\/b><b><br \/>Free intro 7<\/b><b><sup>th<\/sup><\/b><b> November<br \/>Ljubljana, Slovenia (or online)<br \/><\/b><strong>Sign up: <a href=\"mailto:info@joga-nsz.si\">info@joga-nsz.si<\/a><\/strong><\/p>\n<p><strong> <\/strong><\/p>\n<p><strong><\/strong><\/p>\n<p class=\"p1\">This is a mysterious and awakening journey into the many faces of Love for all seekers who are curious, thirsty or longing to get closer to the supreme reality. All major religions and spiritual paths have a special place for Love, as the unifying factor that brings us closer to what is sacred, divine and Godly.<span class=\"Apple-converted-space\">\u00a0 <\/span>However, all these paths have their unique way, flavour and trail to reach a state of fusion with what is sublime.<\/p>\n<p class=\"p1\">This weekend immersion aims to bring the gift of a few of these traditions to you, so you can get a direct encounter with each one of them. It is a one of a kind opportunity to immerse your soul into the diverse and manifold faces and facets of Love that will enrich your heart and awaken you spiritually. Based on the traditional teachings and practices of the burning Sufis, the pure-hearted Christians, the transcendent Shaivites and the adoring bhakta\u2019s, you will get to feel, experience and have a taste of what otherwise would take life-times to accomplish.<\/p>\n<p class=\"p1\">Through inspiring lectures on the 5 traditions, their masters and practices, interactive workshops to explore the specific devotional path towards a state of communion, contemplative viewings of spiritual poetry, music and art, movies, and adorational practices with breathing, meditation and prayer, we invite you on a deep and ecstatic journey into your spiritual heart.<span class=\"s1\">&#8230;<\/span><\/p>\n<h1 style=\"text-align: center;\"><b>Topics we will cover:<\/b><b><\/b><\/h1>\n<p><b><\/b><\/p>\n<p class=\"p1\"><strong>The Path of Love across Traditions and Time<\/strong><\/p>\n<ul>\n<li class=\"p1\">Sufism: Path of the Heart, Drunk on Love<\/li>\n<li class=\"p1\">Shaivism: The Transcendent Heart of the most High<\/li>\n<li class=\"p1\">Christianity: Truth, Brotherhood and Sacrifice<\/li>\n<li class=\"p1\">Hinduism: Krishna and Radha: Eternal Love<\/li>\n<li class=\"p1\">Holographic Synthesis: Godly Attributes<\/li>\n<\/ul>\n<p><strong>Special about this Retreat:<br \/><\/strong><br \/>Love unites everything, brings everything together. The up with the down, the small with the big, me and you. And actually, love unites us with God.<\/p>\n<p>Have you ever thought what it would be like to merge with the Beloved in your heart burning with love like a Sufi, to love universally, overwhelmingly, and limitlessly like a Christian, to bring all your love directly to the transcendent heart of the Most High like a Shaivite adores Shiva, to melt into devotion to a personal God, like a Bhakti yogi adores Krishna, and then even to unite all of these in a holographic way throughout your entire being?<\/p>\n<p>To feel your soul wide awake and ecstatically alive through a golden touch of all these nuances of love?<\/p>\n<p class=\"p1\"><strong>Most of the time we believe we need to choose one path, one way, one trail to come face to face with the most High.<\/strong> However, throughout many lifetimes, perhaps we have tried on multiple trails and have forgotten what we already lived.<\/p>\n<p class=\"p1\">Perhaps we feel attracted to just some, affinity with others, or a mysterious longing for all. In this retreat you will get to delve into the mysterious world that belongs to these different traditions and that awaken our being in unique ways.<\/p>\n<p class=\"p1\">We will get to feel the paradisical love specific to the adoration of Krishna, the transforming power of the love of Christ, the mysterious heights of the adoration of Shiva and the deep intoxicating love that characterizes the Beloved of the Sufis.<\/p>\n<p><strong>Whether you already follow one path, several traditions or none at all, all are welcome and invited to have a glimpse into the universe that all these encounters with a divine embrace offer. Many rivers lead to one ocean and as love transcends all borders, we will merge our heart in a variety of ways with the One Unique Reality.<\/strong><b><br \/><\/b><br \/>Through inspiring lectures, spiritual art, traditional prayer practices, shiva-lingam adoration, breathing exercises, Krishna-radha interactive polar games and much much more you will be guided and personally invited to step into the world of the Sufis, Christians, Shaivites and Bhakta\u2019s.<\/p>\n<p>In the end there will be a synthetic holographic method to let you feel and experience how all these rivers unite in your being, opening the depth of your heart to Godly Love.<\/p>\n<p>We will discover how Love never comes alone, but comes together with many other attributes in each tradition. This bundle of attributes around love, all these rays find their centre: your spiritual heart, where you will find\u2026 God.<b><br \/><\/b><strong><\/strong><\/p>\n<p>[\/et_pb_text][et_pb_text _builder_version=&#8221;4.27.0&#8243; _module_preset=&#8221;default&#8221; text_font=&#8221;Quicksand|500|||||||&#8221; text_text_color=&#8221;#000000&#8243; text_font_size=&#8221;15px&#8221; header_font=&#8221;Quicksand|700|||||||&#8221; header_text_color=&#8221;#901ee8&#8243; header_font_size=&#8221;24px&#8221; background_color=&#8221;rgba(242,218,133,0.24)&#8221; custom_padding=&#8221;30px|200px|26px|200px|false|false&#8221; custom_padding_tablet=&#8221;30px|150px||200px|false|false&#8221; custom_padding_phone=&#8221;10px|10px||10px|false|false&#8221; custom_padding_last_edited=&#8221;on|desktop&#8221; global_colors_info=&#8221;{}&#8221;]<\/p>\n<p style=\"text-align: center;\"><strong>Friday program (7<sup>th<\/sup> November) &#8211; free<\/strong><\/p>\n<p class=\"p1\" style=\"text-align: center;\">19:30-20:30 Introduction session<br \/>20:30-22:00 Movie night<\/p>\n<p class=\"p1\" style=\"text-align: center;\"><strong>Saturday program (8<sup>th<\/sup> November)<\/strong><\/p>\n<p class=\"p1\" style=\"text-align: center;\">9:30-11:30 Sufism<br \/>11:30-12:00 Break<br \/>12:00-14:30 Christianity<br \/>14:30-16:00 Lunch<br \/>16:00-18:30 Shaivism<br \/>18:30-19:30 Dinner<\/p>\n<p class=\"p1\" style=\"text-align: center;\"><strong>Sunday program (9<sup>th<\/sup> November)<\/strong><\/p>\n<p class=\"p1\" style=\"text-align: center;\">9:30-11:30 Hinduism<br \/>11:30 &#8211; 12:00 Break<br \/>12:00-15:00 Godly Attributes synthesis + sharings<br \/>15:00 &#8211; 16:00 Lunch<\/p>\n<p>Each session will contain of a lecture and Q&amp;A session studying the tradition, its practices and masters, an interactive community workshop, an art contemplation and an inner practice of adoration allowing us to enter into communion with God.<\/p>\n<p>[\/et_pb_text][et_pb_text _builder_version=&#8221;4.27.0&#8243; _module_preset=&#8221;default&#8221; text_font=&#8221;Quicksand|500|||||||&#8221; text_text_color=&#8221;#000000&#8243; text_font_size=&#8221;15px&#8221; header_font=&#8221;Quicksand|700|||||||&#8221; header_text_color=&#8221;#f2c832&#8243; header_font_size=&#8221;24px&#8221; custom_margin=&#8221;6px|||||&#8221; custom_padding=&#8221;30px|200px||200px|false|false&#8221; custom_padding_tablet=&#8221;30px|150px||200px|false|false&#8221; custom_padding_phone=&#8221;10px|10px||10px|false|false&#8221; custom_padding_last_edited=&#8221;on|desktop&#8221; global_colors_info=&#8221;{}&#8221;]<\/p>\n<h1 class=\"p1\" style=\"text-align: center;\"><strong>Prices:<\/strong><\/h1>\n<p class=\"p1\">Full price \u2013 <b>90\u20ac<\/b><\/p>\n<p class=\"p1\">For members of JNSZ yoga school or any other affiliate member schools of Atman federation \u2013 <b>70\u20ac<\/b><\/p>\n<p class=\"p1\">Online participation \u2013 <b>50\u20ac<br \/><\/b><br \/>*The price for online participation is discounted, as some parts of the workshop will not be available \u2013 such as certain interactive, practical exercises. All theoretical parts will be available in total.<\/p>\n<p class=\"p1\"><strong>Sign up: info@joga-nsz.si<\/strong><b><\/b><\/p>\n<p>[\/et_pb_text][et_pb_text _builder_version=&#8221;4.27.0&#8243; _module_preset=&#8221;default&#8221; text_font=&#8221;Quicksand|500|||||||&#8221; text_text_color=&#8221;#000000&#8243; text_font_size=&#8221;15px&#8221; header_font=&#8221;Quicksand|700|||||||&#8221; header_text_color=&#8221;#f2c832&#8243; header_font_size=&#8221;24px&#8221; custom_margin=&#8221;13px|||||&#8221; custom_padding=&#8221;30px|200px|8px|200px|false|false&#8221; custom_padding_tablet=&#8221;30px|150px||200px|false|false&#8221; custom_padding_phone=&#8221;10px|10px||10px|false|false&#8221; custom_padding_last_edited=&#8221;on|desktop&#8221; global_colors_info=&#8221;{}&#8221;]<\/p>\n<h1 class=\"p1\" style=\"text-align: center;\"><strong>Meet the teachers:<\/strong><\/h1>\n<p>[\/et_pb_text][et_pb_image src=&#8221;https:\/\/joga-nsz.si\/wp-content\/uploads\/2025\/10\/2025-10-17-13.08.29.jpg&#8221; title_text=&#8221;Love for God&#8221; align=&#8221;center&#8221; _builder_version=&#8221;4.27.0&#8243; _module_preset=&#8221;default&#8221; width=&#8221;43%&#8221; module_alignment=&#8221;center&#8221; global_colors_info=&#8221;{}&#8221;][\/et_pb_image][et_pb_text _builder_version=&#8221;4.27.0&#8243; _module_preset=&#8221;default&#8221; text_font=&#8221;Quicksand|500|||||||&#8221; text_text_color=&#8221;#000000&#8243; text_font_size=&#8221;15px&#8221; header_font=&#8221;Quicksand|700|||||||&#8221; header_text_color=&#8221;#f2c832&#8243; header_font_size=&#8221;24px&#8221; custom_margin=&#8221;13px|||||&#8221; custom_padding=&#8221;0px|200px|26px|200px|false|false&#8221; custom_padding_tablet=&#8221;30px|150px||200px|false|false&#8221; custom_padding_phone=&#8221;10px|10px||10px|false|false&#8221; custom_padding_last_edited=&#8221;on|desktop&#8221; global_colors_info=&#8221;{}&#8221;]<\/p>\n<p class=\"p1\"><strong>Iris (on the right)<\/strong>\u00a0has over 8 years of experience guiding Tantra Yoga, massage, intimacy and women&#8217;s group practices. With a background in philosophy and peacebuilding, she has been a dedicated teacher and practitioner of the Tantra Yoga path, sharing her passion for art, love, and beauty.<\/p>\n<p class=\"p1\">After teaching in Denmark, she has recently brought her wisdom and love for the Supreme to Chiang Mai as a teacher at Mahasiddha Yoga.<\/p>\n<p class=\"p1\"><strong>Aldolinor (on the left)<\/strong> has been practicing yoga for the last thirty years and he daily finds new applications and depths of the spiritual truths and principles which he learned. He has been a yoga teacher for over 20 years and has a great enthusiasm to share some recipes from the tantra yogic tradition that have enriched his soul.<\/p>\n<p class=\"p1\">He found that combining science with spirituality leads to modern day practical solutions that emerge from traditional wisdom, which he communicated through articles, conferences, workshops and courses.<\/p>\n<p>[\/et_pb_text][\/et_pb_column][\/et_pb_row][\/et_pb_section]<\/p>\n","protected":false},"excerpt":{"rendered":"<p>Welcome to ourPATHS OF LOVE Weekend Immersion November 8th &amp; 9thFree intro 7th NovemberLjubljana, Slovenia (or online)Sign up: info@joga-nsz.si This is a mysterious and awakening journey into the many faces of Love for all seekers who are curious, thirsty or longing to get closer to the supreme reality. All major religions and spiritual paths have [&hellip;]<\/p>\n","protected":false},"author":1,"featured_media":0,"parent":0,"menu_order":0,"comment_status":"closed","ping_status":"closed","template":"","meta":{"_et_pb_use_builder":"on","_et_pb_old_content":"","_et_gb_content_width":"","footnotes":""},"yoast_head":"<!-- This site is optimized with the Yoast SEO plugin v23.3 - https:\/\/yoast.com\/wordpress\/plugins\/seo\/ -->\n<title>Love for God Retreat - Joga neizmerne sre\u010de in zdravja<\/title>\n<meta name=\"robots\" content=\"index, follow, max-snippet:-1, max-image-preview:large, max-video-preview:-1\" \/>\n<link rel=\"canonical\" href=\"https:\/\/joga-nsz.si\/?page_id=2567\" \/>\n<meta property=\"og:locale\" content=\"en_GB\" \/>\n<meta property=\"og:type\" content=\"article\" \/>\n<meta property=\"og:title\" content=\"Love for God Retreat - Joga neizmerne sre\u010de in zdravja\" \/>\n<meta property=\"og:description\" content=\"Welcome to ourPATHS OF LOVE Weekend Immersion November 8th &amp; 9thFree intro 7th NovemberLjubljana, Slovenia (or online)Sign up: info@joga-nsz.si This is a mysterious and awakening journey into the many faces of Love for all seekers who are curious, thirsty or longing to get closer to the supreme reality. All major religions and spiritual paths have [&hellip;]\" \/>\n<meta property=\"og:url\" content=\"https:\/\/joga-nsz.si\/?page_id=2567\" \/>\n<meta property=\"og:site_name\" content=\"Joga neizmerne sre\u010de in zdravja\" \/>\n<meta property=\"article:modified_time\" content=\"2025-10-22T13:40:54+00:00\" \/>\n<meta name=\"twitter:card\" content=\"summary_large_image\" \/>\n<script type=\"application\/ld+json\" class=\"yoast-schema-graph\">{\"@context\":\"https:\/\/schema.org\",\"@graph\":[{\"@type\":\"WebPage\",\"@id\":\"https:\/\/joga-nsz.si\/?page_id=2567\",\"url\":\"https:\/\/joga-nsz.si\/?page_id=2567\",\"name\":\"Love for God Retreat - Joga neizmerne sre\u010de in zdravja\",\"isPartOf\":{\"@id\":\"https:\/\/joga-nsz.si\/#website\"},\"datePublished\":\"2025-09-28T17:10:45+00:00\",\"dateModified\":\"2025-10-22T13:40:54+00:00\",\"breadcrumb\":{\"@id\":\"https:\/\/joga-nsz.si\/?page_id=2567#breadcrumb\"},\"inLanguage\":\"en-GB\",\"potentialAction\":[{\"@type\":\"ReadAction\",\"target\":[\"https:\/\/joga-nsz.si\/?page_id=2567\"]}]},{\"@type\":\"BreadcrumbList\",\"@id\":\"https:\/\/joga-nsz.si\/?page_id=2567#breadcrumb\",\"itemListElement\":[{\"@type\":\"ListItem\",\"position\":1,\"name\":\"Home\",\"item\":\"https:\/\/joga-nsz.si\/\"},{\"@type\":\"ListItem\",\"position\":2,\"name\":\"Love for God Retreat\"}]},{\"@type\":\"WebSite\",\"@id\":\"https:\/\/joga-nsz.si\/#website\",\"url\":\"https:\/\/joga-nsz.si\/\",\"name\":\"Joga neizmerne sre\u010de in zdravja\",\"description\":\"Do\u017eivi se in odkrij radost \u017eivljenja!\",\"potentialAction\":[{\"@type\":\"SearchAction\",\"target\":{\"@type\":\"EntryPoint\",\"urlTemplate\":\"https:\/\/joga-nsz.si\/?s={search_term_string}\"},\"query-input\":\"required name=search_term_string\"}],\"inLanguage\":\"en-GB\"}]}<\/script>\n<!-- \/ Yoast SEO plugin. -->","yoast_head_json":{"title":"Love for God Retreat - Joga neizmerne sre\u010de in zdravja","robots":{"index":"index","follow":"follow","max-snippet":"max-snippet:-1","max-image-preview":"max-image-preview:large","max-video-preview":"max-video-preview:-1"},"canonical":"https:\/\/joga-nsz.si\/?page_id=2567","og_locale":"en_GB","og_type":"article","og_title":"Love for God Retreat - Joga neizmerne sre\u010de in zdravja","og_description":"Welcome to ourPATHS OF LOVE Weekend Immersion November 8th &amp; 9thFree intro 7th NovemberLjubljana, Slovenia (or online)Sign up: info@joga-nsz.si This is a mysterious and awakening journey into the many faces of Love for all seekers who are curious, thirsty or longing to get closer to the supreme reality. All major religions and spiritual paths have [&hellip;]","og_url":"https:\/\/joga-nsz.si\/?page_id=2567","og_site_name":"Joga neizmerne sre\u010de in zdravja","article_modified_time":"2025-10-22T13:40:54+00:00","twitter_card":"summary_large_image","schema":{"@context":"https:\/\/schema.org","@graph":[{"@type":"WebPage","@id":"https:\/\/joga-nsz.si\/?page_id=2567","url":"https:\/\/joga-nsz.si\/?page_id=2567","name":"Love for God Retreat - Joga neizmerne sre\u010de in zdravja","isPartOf":{"@id":"https:\/\/joga-nsz.si\/#website"},"datePublished":"2025-09-28T17:10:45+00:00","dateModified":"2025-10-22T13:40:54+00:00","breadcrumb":{"@id":"https:\/\/joga-nsz.si\/?page_id=2567#breadcrumb"},"inLanguage":"en-GB","potentialAction":[{"@type":"ReadAction","target":["https:\/\/joga-nsz.si\/?page_id=2567"]}]},{"@type":"BreadcrumbList","@id":"https:\/\/joga-nsz.si\/?page_id=2567#breadcrumb","itemListElement":[{"@type":"ListItem","position":1,"name":"Home","item":"https:\/\/joga-nsz.si\/"},{"@type":"ListItem","position":2,"name":"Love for God Retreat"}]},{"@type":"WebSite","@id":"https:\/\/joga-nsz.si\/#website","url":"https:\/\/joga-nsz.si\/","name":"Joga neizmerne sre\u010de in zdravja","description":"Do\u017eivi se in odkrij radost \u017eivljenja!","potentialAction":[{"@type":"SearchAction","target":{"@type":"EntryPoint","urlTemplate":"https:\/\/joga-nsz.si\/?s={search_term_string}"},"query-input":"required name=search_term_string"}],"inLanguage":"en-GB"}]}},"_links":{"self":[{"href":"https:\/\/joga-nsz.si\/index.php?rest_route=\/wp\/v2\/pages\/2567"}],"collection":[{"href":"https:\/\/joga-nsz.si\/index.php?rest_route=\/wp\/v2\/pages"}],"about":[{"href":"https:\/\/joga-nsz.si\/index.php?rest_route=\/wp\/v2\/types\/page"}],"author":[{"embeddable":true,"href":"https:\/\/joga-nsz.si\/index.php?rest_route=\/wp\/v2\/users\/1"}],"replies":[{"embeddable":true,"href":"https:\/\/joga-nsz.si\/index.php?rest_route=%2Fwp%2Fv2%2Fcomments&post=2567"}],"version-history":[{"count":7,"href":"https:\/\/joga-nsz.si\/index.php?rest_route=\/wp\/v2\/pages\/2567\/revisions"}],"predecessor-version":[{"id":2583,"href":"https:\/\/joga-nsz.si\/index.php?rest_route=\/wp\/v2\/pages\/2567\/revisions\/2583"}],"wp:attachment":[{"href":"https:\/\/joga-nsz.si\/index.php?rest_route=%2Fwp%2Fv2%2Fmedia&parent=2567"}],"curies":[{"name":"wp","href":"https:\/\/api.w.org\/{rel}","templated":true}]}}