{"id":668,"date":"2020-09-08T09:53:23","date_gmt":"2020-09-08T08:53:23","guid":{"rendered":"https:\/\/dev.joga-nsz.si\/?page_id=253"},"modified":"2025-10-21T18:55:39","modified_gmt":"2025-10-21T17:55:39","slug":"dogodki","status":"publish","type":"page","link":"https:\/\/joga-nsz.si\/?page_id=668","title":{"rendered":"Dogodki"},"content":{"rendered":"<p>[et_pb_section fb_built=&#8221;1&#8243; admin_label=&#8221;section&#8221; _builder_version=&#8221;4.17.6&#8243; custom_padding=&#8221;0px||40px|||&#8221; global_colors_info=&#8221;{}&#8221;][et_pb_row _builder_version=&#8221;4.24.2&#8243; _module_preset=&#8221;default&#8221; global_colors_info=&#8221;{}&#8221;][et_pb_column type=&#8221;4_4&#8243; _builder_version=&#8221;4.23.1&#8243; _module_preset=&#8221;default&#8221; global_colors_info=&#8221;{}&#8221;][et_pb_text content_tablet=&#8221;<\/p>\n<h1><strong>Prihajajo\u010di dogodki<\/strong><\/h1>\n<p>&#8221; content_phone=&#8221;<\/p>\n<h1 style=%22text-align: center;%22><strong>Prihajajo\u010di dogodki<\/strong><\/h1>\n<p>&#8221; content_last_edited=&#8221;on|phone&#8221; _builder_version=&#8221;4.27.0&#8243; _module_preset=&#8221;default&#8221; header_font=&#8221;League Spartan|800|||||||&#8221; header_text_align=&#8221;center&#8221; header_text_color=&#8221;#edae5c&#8221; header_font_size=&#8221;31px&#8221; header_letter_spacing=&#8221;1px&#8221; custom_padding=&#8221;2px|||||&#8221; header_font_size_tablet=&#8221;31px&#8221; header_font_size_phone=&#8221;30px&#8221; header_font_size_last_edited=&#8221;on|phone&#8221; global_colors_info=&#8221;{}&#8221;]<\/p>\n<h1><strong>Prihajajo\u010di dogodki &#8211; kmalu ve\u010d<\/strong><\/h1>\n<p>[\/et_pb_text][\/et_pb_column][\/et_pb_row][et_pb_row column_structure=&#8221;1_3,1_3,1_3&#8243; _builder_version=&#8221;4.24.2&#8243; _module_preset=&#8221;default&#8221; custom_margin=&#8221;-34px|auto||auto||&#8221; custom_margin_tablet=&#8221;-34px|auto||auto||&#8221; custom_margin_phone=&#8221;-34px|auto||auto||&#8221; custom_margin_last_edited=&#8221;on|phone&#8221; custom_padding=&#8221;||0px|||&#8221; global_colors_info=&#8221;{}&#8221;][et_pb_column type=&#8221;1_3&#8243; _builder_version=&#8221;4.17.6&#8243; _module_preset=&#8221;default&#8221; custom_padding=&#8221;|10px||0px|false|false&#8221; global_colors_info=&#8221;{}&#8221;][et_pb_image src=&#8221;https:\/\/joga-nsz.si\/wp-content\/uploads\/2025\/10\/Path-of-love.jpg&#8221; title_text=&#8221;Paths of love&#8221; _builder_version=&#8221;4.27.0&#8243; _module_preset=&#8221;default&#8221; width=&#8221;88%&#8221; width_tablet=&#8221;88%&#8221; width_phone=&#8221;77%&#8221; width_last_edited=&#8221;on|phone&#8221; module_alignment=&#8221;center&#8221; hover_enabled=&#8221;0&#8243; global_colors_info=&#8221;{}&#8221; sticky_enabled=&#8221;0&#8243;][\/et_pb_image][et_pb_button button_url=&#8221;https:\/\/joga-nsz.si\/?page_id=2567&#8243; url_new_window=&#8221;on&#8221; button_text=&#8221;Ve\u010d o delavnici&#8221; button_alignment=&#8221;center&#8221; _builder_version=&#8221;4.27.0&#8243; _module_preset=&#8221;default&#8221; custom_button=&#8221;on&#8221; button_text_size=&#8221;14px&#8221; button_text_color=&#8221;#030272&#8243; button_border_width=&#8221;2px&#8221; button_border_color=&#8221;#030272&#8243; button_border_radius=&#8221;45px&#8221; button_font=&#8221;Montserrat|700|||||||&#8221; custom_margin=&#8221;15px||||false|false&#8221; custom_margin_tablet=&#8221;15px||||false|false&#8221; custom_margin_phone=&#8221;15px||10px||false|false&#8221; custom_margin_last_edited=&#8221;on|phone&#8221; custom_padding_tablet=&#8221;&#8221; custom_padding_phone=&#8221;||||false|false&#8221; custom_padding_last_edited=&#8221;on|phone&#8221; locked=&#8221;off&#8221; global_colors_info=&#8221;{}&#8221; button_text_size__hover_enabled=&#8221;on|hover&#8221; button_text_size__hover=&#8221;14px&#8221;][\/et_pb_button][\/et_pb_column][et_pb_column type=&#8221;1_3&#8243; _builder_version=&#8221;4.17.6&#8243; _module_preset=&#8221;default&#8221; custom_padding=&#8221;|10px|||false|false&#8221; global_colors_info=&#8221;{}&#8221;][\/et_pb_column][et_pb_column type=&#8221;1_3&#8243; _builder_version=&#8221;4.17.6&#8243; _module_preset=&#8221;default&#8221; custom_padding=&#8221;|10px|||false|false&#8221; global_colors_info=&#8221;{}&#8221;][\/et_pb_column][\/et_pb_row][et_pb_row _builder_version=&#8221;4.17.6&#8243; _module_preset=&#8221;default&#8221; custom_padding=&#8221;35px|||||&#8221; global_colors_info=&#8221;{}&#8221;][et_pb_column type=&#8221;4_4&#8243; _builder_version=&#8221;4.17.6&#8243; _module_preset=&#8221;default&#8221; global_colors_info=&#8221;{}&#8221;][et_pb_divider color=&#8221;#000000&#8243; divider_style=&#8221;dotted&#8221; divider_weight=&#8221;3px&#8221; _builder_version=&#8221;4.27.0&#8243; _module_preset=&#8221;default&#8221; global_colors_info=&#8221;{}&#8221;][\/et_pb_divider][et_pb_text content_tablet=&#8221;<\/p>\n<h1><strong>Pretekli dogodki<\/strong><\/h1>\n<p>&#8221; content_phone=&#8221;<\/p>\n<h1 style=%22text-align: center;%22><strong>Pretekli dogodki<\/strong><\/h1>\n<p>&#8221; content_last_edited=&#8221;on|phone&#8221; _builder_version=&#8221;4.27.0&#8243; _module_preset=&#8221;default&#8221; header_font=&#8221;League Spartan|800|||||||&#8221; header_text_align=&#8221;center&#8221; header_text_color=&#8221;#edae5c&#8221; header_font_size=&#8221;31px&#8221; header_letter_spacing=&#8221;1px&#8221; text_font_size_tablet=&#8221;&#8221; text_font_size_phone=&#8221;&#8221; text_font_size_last_edited=&#8221;on|phone&#8221; header_font_size_tablet=&#8221;31px&#8221; header_font_size_phone=&#8221;30px&#8221; header_font_size_last_edited=&#8221;on|phone&#8221; global_colors_info=&#8221;{}&#8221;]<\/p>\n<h1><strong>Pretekli dogodki<\/strong><\/h1>\n<p>[\/et_pb_text][\/et_pb_column][\/et_pb_row][et_pb_row column_structure=&#8221;1_3,1_3,1_3&#8243; _builder_version=&#8221;4.24.2&#8243; _module_preset=&#8221;default&#8221; custom_margin=&#8221;-34px|auto||auto||&#8221; custom_margin_tablet=&#8221;-34px|auto||auto||&#8221; custom_margin_phone=&#8221;-34px|auto||auto||&#8221; custom_margin_last_edited=&#8221;on|phone&#8221; custom_padding=&#8221;||0px|||&#8221; global_colors_info=&#8221;{}&#8221;][et_pb_column type=&#8221;1_3&#8243; _builder_version=&#8221;4.17.6&#8243; _module_preset=&#8221;default&#8221; custom_padding=&#8221;|10px||0px|false|false&#8221; global_colors_info=&#8221;{}&#8221;][et_pb_image src=&#8221;https:\/\/joga-nsz.si\/wp-content\/uploads\/2024\/12\/tantra.jpg&#8221; title_text=&#8221;tantra&#8221; _builder_version=&#8221;4.27.0&#8243; _module_preset=&#8221;default&#8221; width=&#8221;88%&#8221; width_tablet=&#8221;88%&#8221; width_phone=&#8221;77%&#8221; width_last_edited=&#8221;on|phone&#8221; module_alignment=&#8221;center&#8221; global_colors_info=&#8221;{}&#8221;][\/et_pb_image][et_pb_button button_url=&#8221;https:\/\/joga-nsz.si\/?page_id=754&#8243; url_new_window=&#8221;on&#8221; button_text=&#8221;Ve\u010d o delavnici&#8221; button_alignment=&#8221;center&#8221; _builder_version=&#8221;4.27.0&#8243; _module_preset=&#8221;default&#8221; custom_button=&#8221;on&#8221; button_text_size=&#8221;14px&#8221; button_text_color=&#8221;#030272&#8243; button_border_width=&#8221;2px&#8221; button_border_color=&#8221;#030272&#8243; button_border_radius=&#8221;45px&#8221; button_font=&#8221;Montserrat|700|||||||&#8221; custom_margin=&#8221;15px||||false|false&#8221; custom_margin_tablet=&#8221;15px||||false|false&#8221; custom_margin_phone=&#8221;15px||10px||false|false&#8221; custom_margin_last_edited=&#8221;on|phone&#8221; custom_padding_tablet=&#8221;&#8221; custom_padding_phone=&#8221;||||false|false&#8221; custom_padding_last_edited=&#8221;on|phone&#8221; locked=&#8221;off&#8221; global_colors_info=&#8221;{}&#8221; button_text_size__hover_enabled=&#8221;on|hover&#8221; button_text_size__hover=&#8221;14px&#8221;][\/et_pb_button][\/et_pb_column][et_pb_column type=&#8221;1_3&#8243; _builder_version=&#8221;4.17.6&#8243; _module_preset=&#8221;default&#8221; custom_padding=&#8221;|10px|||false|false&#8221; global_colors_info=&#8221;{}&#8221;][et_pb_image src=&#8221;https:\/\/joga-nsz.si\/wp-content\/uploads\/2024\/12\/oko.jpg&#8221; title_text=&#8221;oko&#8221; _builder_version=&#8221;4.27.0&#8243; _module_preset=&#8221;default&#8221; width=&#8221;88%&#8221; width_tablet=&#8221;88%&#8221; width_phone=&#8221;77%&#8221; width_last_edited=&#8221;on|phone&#8221; module_alignment=&#8221;center&#8221; global_colors_info=&#8221;{}&#8221;][\/et_pb_image][et_pb_button button_url=&#8221;https:\/\/joga-nsz.si\/?page_id=2275&#8243; url_new_window=&#8221;on&#8221; button_text=&#8221;Ve\u010d o delavnici&#8221; button_alignment=&#8221;center&#8221; _builder_version=&#8221;4.27.0&#8243; _module_preset=&#8221;default&#8221; custom_button=&#8221;on&#8221; button_text_size=&#8221;14px&#8221; button_text_color=&#8221;#030272&#8243; button_border_width=&#8221;2px&#8221; button_border_color=&#8221;#030272&#8243; button_border_radius=&#8221;45px&#8221; button_font=&#8221;Montserrat|700|||||||&#8221; custom_margin=&#8221;15px||||false|false&#8221; custom_margin_tablet=&#8221;15px||||false|false&#8221; custom_margin_phone=&#8221;15px||10px||false|false&#8221; custom_margin_last_edited=&#8221;on|phone&#8221; locked=&#8221;off&#8221; global_colors_info=&#8221;{}&#8221; button_text_size__hover_enabled=&#8221;on|hover&#8221; button_text_size__hover=&#8221;14px&#8221;][\/et_pb_button][\/et_pb_column][et_pb_column type=&#8221;1_3&#8243; _builder_version=&#8221;4.17.6&#8243; _module_preset=&#8221;default&#8221; custom_padding=&#8221;|10px|||false|false&#8221; global_colors_info=&#8221;{}&#8221;][et_pb_image src=&#8221;https:\/\/joga-nsz.si\/wp-content\/uploads\/2024\/12\/drznost.jpg&#8221; title_text=&#8221;drznost&#8221; _builder_version=&#8221;4.27.0&#8243; _module_preset=&#8221;default&#8221; width=&#8221;88%&#8221; width_tablet=&#8221;88%&#8221; width_phone=&#8221;77%&#8221; width_last_edited=&#8221;on|phone&#8221; module_alignment=&#8221;center&#8221; global_colors_info=&#8221;{}&#8221;][\/et_pb_image][et_pb_button button_url=&#8221;https:\/\/www.instagram.com\/p\/DDozLxXop2U\/?img_index=1&#8243; url_new_window=&#8221;on&#8221; button_text=&#8221;Ve\u010d o delavnici&#8221; button_alignment=&#8221;center&#8221; _builder_version=&#8221;4.27.0&#8243; _module_preset=&#8221;default&#8221; custom_button=&#8221;on&#8221; button_text_size=&#8221;14px&#8221; button_text_color=&#8221;#030272&#8243; button_border_width=&#8221;2px&#8221; button_border_color=&#8221;#030272&#8243; button_border_radius=&#8221;45px&#8221; button_font=&#8221;Montserrat|700|||||||&#8221; custom_margin=&#8221;15px||||false|false&#8221; locked=&#8221;off&#8221; global_colors_info=&#8221;{}&#8221; button_text_size__hover_enabled=&#8221;on|hover&#8221; button_text_size__hover=&#8221;14px&#8221;][\/et_pb_button][\/et_pb_column][\/et_pb_row][\/et_pb_section]<\/p>\n","protected":false},"excerpt":{"rendered":"<p>Prihajajo\u010di dogodki &#8211; kmalu ve\u010dPretekli dogodki<\/p>\n","protected":false},"author":1,"featured_media":0,"parent":0,"menu_order":0,"comment_status":"closed","ping_status":"closed","template":"","meta":{"_et_pb_use_builder":"on","_et_pb_old_content":"<!-- wp:divi\/placeholder \/-->\n<p>&nbsp;<\/p>","_et_gb_content_width":"","footnotes":""},"yoast_head":"<!-- This site is optimized with the Yoast SEO plugin v23.3 - https:\/\/yoast.com\/wordpress\/plugins\/seo\/ -->\n<title>Dogodki - Joga neizmerne sre\u010de in zdravja<\/title>\n<meta name=\"robots\" content=\"index, follow, max-snippet:-1, max-image-preview:large, max-video-preview:-1\" \/>\n<link rel=\"canonical\" href=\"https:\/\/joga-nsz.si\/?page_id=668\" \/>\n<meta property=\"og:locale\" content=\"en_GB\" \/>\n<meta property=\"og:type\" content=\"article\" \/>\n<meta property=\"og:title\" content=\"Dogodki - Joga neizmerne sre\u010de in zdravja\" \/>\n<meta property=\"og:description\" content=\"Prihajajo\u010di dogodki - kmalu ve\u010dPretekli dogodki\" \/>\n<meta property=\"og:url\" content=\"https:\/\/joga-nsz.si\/?page_id=668\" \/>\n<meta property=\"og:site_name\" content=\"Joga neizmerne sre\u010de in zdravja\" \/>\n<meta property=\"article:modified_time\" content=\"2025-10-21T17:55:39+00:00\" \/>\n<meta name=\"twitter:card\" content=\"summary_large_image\" \/>\n<meta name=\"twitter:label1\" content=\"Estimated reading time\" \/>\n\t<meta name=\"twitter:data1\" content=\"5 minutes\" \/>\n<script type=\"application\/ld+json\" class=\"yoast-schema-graph\">{\"@context\":\"https:\/\/schema.org\",\"@graph\":[{\"@type\":\"WebPage\",\"@id\":\"https:\/\/joga-nsz.si\/?page_id=668\",\"url\":\"https:\/\/joga-nsz.si\/?page_id=668\",\"name\":\"Dogodki - Joga neizmerne sre\u010de in zdravja\",\"isPartOf\":{\"@id\":\"https:\/\/joga-nsz.si\/#website\"},\"datePublished\":\"2020-09-08T08:53:23+00:00\",\"dateModified\":\"2025-10-21T17:55:39+00:00\",\"breadcrumb\":{\"@id\":\"https:\/\/joga-nsz.si\/?page_id=668#breadcrumb\"},\"inLanguage\":\"en-GB\",\"potentialAction\":[{\"@type\":\"ReadAction\",\"target\":[\"https:\/\/joga-nsz.si\/?page_id=668\"]}]},{\"@type\":\"BreadcrumbList\",\"@id\":\"https:\/\/joga-nsz.si\/?page_id=668#breadcrumb\",\"itemListElement\":[{\"@type\":\"ListItem\",\"position\":1,\"name\":\"Home\",\"item\":\"https:\/\/joga-nsz.si\/\"},{\"@type\":\"ListItem\",\"position\":2,\"name\":\"Dogodki\"}]},{\"@type\":\"WebSite\",\"@id\":\"https:\/\/joga-nsz.si\/#website\",\"url\":\"https:\/\/joga-nsz.si\/\",\"name\":\"Joga neizmerne sre\u010de in zdravja\",\"description\":\"Do\u017eivi se in odkrij radost \u017eivljenja!\",\"potentialAction\":[{\"@type\":\"SearchAction\",\"target\":{\"@type\":\"EntryPoint\",\"urlTemplate\":\"https:\/\/joga-nsz.si\/?s={search_term_string}\"},\"query-input\":\"required name=search_term_string\"}],\"inLanguage\":\"en-GB\"}]}<\/script>\n<!-- \/ Yoast SEO plugin. -->","yoast_head_json":{"title":"Dogodki - Joga neizmerne sre\u010de in zdravja","robots":{"index":"index","follow":"follow","max-snippet":"max-snippet:-1","max-image-preview":"max-image-preview:large","max-video-preview":"max-video-preview:-1"},"canonical":"https:\/\/joga-nsz.si\/?page_id=668","og_locale":"en_GB","og_type":"article","og_title":"Dogodki - Joga neizmerne sre\u010de in zdravja","og_description":"Prihajajo\u010di dogodki - kmalu ve\u010dPretekli dogodki","og_url":"https:\/\/joga-nsz.si\/?page_id=668","og_site_name":"Joga neizmerne sre\u010de in zdravja","article_modified_time":"2025-10-21T17:55:39+00:00","twitter_card":"summary_large_image","twitter_misc":{"Estimated reading time":"5 minutes"},"schema":{"@context":"https:\/\/schema.org","@graph":[{"@type":"WebPage","@id":"https:\/\/joga-nsz.si\/?page_id=668","url":"https:\/\/joga-nsz.si\/?page_id=668","name":"Dogodki - Joga neizmerne sre\u010de in zdravja","isPartOf":{"@id":"https:\/\/joga-nsz.si\/#website"},"datePublished":"2020-09-08T08:53:23+00:00","dateModified":"2025-10-21T17:55:39+00:00","breadcrumb":{"@id":"https:\/\/joga-nsz.si\/?page_id=668#breadcrumb"},"inLanguage":"en-GB","potentialAction":[{"@type":"ReadAction","target":["https:\/\/joga-nsz.si\/?page_id=668"]}]},{"@type":"BreadcrumbList","@id":"https:\/\/joga-nsz.si\/?page_id=668#breadcrumb","itemListElement":[{"@type":"ListItem","position":1,"name":"Home","item":"https:\/\/joga-nsz.si\/"},{"@type":"ListItem","position":2,"name":"Dogodki"}]},{"@type":"WebSite","@id":"https:\/\/joga-nsz.si\/#website","url":"https:\/\/joga-nsz.si\/","name":"Joga neizmerne sre\u010de in zdravja","description":"Do\u017eivi se in odkrij radost \u017eivljenja!","potentialAction":[{"@type":"SearchAction","target":{"@type":"EntryPoint","urlTemplate":"https:\/\/joga-nsz.si\/?s={search_term_string}"},"query-input":"required name=search_term_string"}],"inLanguage":"en-GB"}]}},"_links":{"self":[{"href":"https:\/\/joga-nsz.si\/index.php?rest_route=\/wp\/v2\/pages\/668"}],"collection":[{"href":"https:\/\/joga-nsz.si\/index.php?rest_route=\/wp\/v2\/pages"}],"about":[{"href":"https:\/\/joga-nsz.si\/index.php?rest_route=\/wp\/v2\/types\/page"}],"author":[{"embeddable":true,"href":"https:\/\/joga-nsz.si\/index.php?rest_route=\/wp\/v2\/users\/1"}],"replies":[{"embeddable":true,"href":"https:\/\/joga-nsz.si\/index.php?rest_route=%2Fwp%2Fv2%2Fcomments&post=668"}],"version-history":[{"count":49,"href":"https:\/\/joga-nsz.si\/index.php?rest_route=\/wp\/v2\/pages\/668\/revisions"}],"predecessor-version":[{"id":2581,"href":"https:\/\/joga-nsz.si\/index.php?rest_route=\/wp\/v2\/pages\/668\/revisions\/2581"}],"wp:attachment":[{"href":"https:\/\/joga-nsz.si\/index.php?rest_route=%2Fwp%2Fv2%2Fmedia&parent=668"}],"curies":[{"name":"wp","href":"https:\/\/api.w.org\/{rel}","templated":true}]}}