{"id":670,"date":"2020-09-08T11:26:57","date_gmt":"2020-09-08T11:26:57","guid":{"rendered":"https:\/\/dev.joga-nsz.si\/?page_id=296"},"modified":"2020-09-08T11:26:57","modified_gmt":"2020-09-08T11:26:57","slug":"teachers","status":"publish","type":"page","link":"https:\/\/joga-nsz.si\/?page_id=670&lang=en","title":{"rendered":"Teachers"},"content":{"rendered":"<p>[et_pb_section fb_built=&#8221;1&#8243; _builder_version=&#8221;4.6.1&#8243; _module_preset=&#8221;default&#8221;][et_pb_row _builder_version=&#8221;4.6.1&#8243; _module_preset=&#8221;default&#8221; custom_padding=&#8221;5px|||||&#8221; global_module=&#8221;568&#8243;][et_pb_column type=&#8221;4_4&#8243; _builder_version=&#8221;4.6.1&#8243; _module_preset=&#8221;default&#8221;][et_pb_text _builder_version=&#8221;4.6.1&#8243; _module_preset=&#8221;default&#8221;]<\/p>\n<p><span style=\"color: #383838; font-size: large;\">Joga neizmerne sre\u010de in zdravja is a part of the ATMAN federation of yoga.<\/span><\/p>\n<p><span style=\"color: #383838; font-size: large;\">A federation of yoga schools with thousands of students in 32 countries all over the world, guided by an authentic spiritual guide.<\/span><\/p>\n<p><span style=\"font-size: xx-large; color: #030272;\"><strong>OUR TEACHERS:<\/strong><\/span><\/p>\n<p><gdiv><\/gdiv><\/p>\n<p>[\/et_pb_text][et_pb_team_member name=&#8221;Benedict&#8221; position=&#8221;Yoga, Tantra, Shaivism &#038; Astrology Teacher&#8221; image_url=&#8221;https:\/\/dev.joga-nsz.si\/wp-content\/uploads\/2020\/09\/Bene.png&#8221; _builder_version=&#8221;4.6.1&#8243; _module_preset=&#8221;default&#8221; header_font=&#8221;|700||on|||||&#8221; header_text_color=&#8221;#383838&#8243; header_font_size=&#8221;22px&#8221; body_text_color=&#8221;#383838&#8243; position_font=&#8221;||||||||&#8221; position_text_color=&#8221;#383838&#8243;]<\/p>\n<p><span><span style=\"font-size: large;\">Benedict is a practitioner and teacher of Esoteric Integral Yoga, Tantra, Astrology and Kashmir Shaivism for the past 17 years. He is a keen follower of the traditional Ayurvedic teachings and has been exploring the mystical nature of life and analysing human psychology, relationships and interconnectivity as part of his explorations into the human essence<\/span>.<\/span><\/p>\n<p><gdiv><\/gdiv><\/p>\n<p>[\/et_pb_team_member][et_pb_divider color=&#8221;#f4a304&#8243; divider_weight=&#8221;2px&#8221; _builder_version=&#8221;4.6.1&#8243; _module_preset=&#8221;default&#8221; width=&#8221;50%&#8221; module_alignment=&#8221;center&#8221; custom_margin=&#8221;10px||10px||false|false&#8221;][\/et_pb_divider][et_pb_team_member name=&#8221;Neza&#8221; position=&#8221;Yoga Teacher, Trainee Tantra Teacher&#8221; image_url=&#8221;https:\/\/dev.joga-nsz.si\/wp-content\/uploads\/2020\/09\/Neza-1.png&#8221; _builder_version=&#8221;4.6.1&#8243; _module_preset=&#8221;default&#8221; header_font=&#8221;|700||on|||||&#8221; header_text_color=&#8221;#383838&#8243; header_font_size=&#8221;22px&#8221; body_text_color=&#8221;#383838&#8243; position_font=&#8221;||||||||&#8221; position_text_color=&#8221;#383838&#8243;]<\/p>\n<p><span style=\"font-size: large;\">Ne\u017ea is a tantric and yoga practitioner, teacher and facilitator. She dives into the understanding of the essence of life and the world around us using traditional spiritual texts and teachings to inspire others. She leads through her own example, helping people to reconnect and rediscover their own true nature, using different yogic and tantric tools to initiate an authentic awakening on the spiritual journey.<\/span><\/p>\n<p><gdiv><\/gdiv><\/p>\n<p>[\/et_pb_team_member][\/et_pb_column][\/et_pb_row][\/et_pb_section]<\/p>\n","protected":false},"excerpt":{"rendered":"<p>Joga neizmerne sre\u010de in zdravja is a part of the ATMAN federation of yoga. A federation of yoga schools with thousands of students in 32 countries all over the world, guided by an authentic spiritual guide. OUR TEACHERS: Benedict is a practitioner and teacher of Esoteric Integral Yoga, Tantra, Astrology and Kashmir Shaivism for the [&hellip;]<\/p>\n","protected":false},"author":1,"featured_media":0,"parent":116,"menu_order":0,"comment_status":"closed","ping_status":"closed","template":"","meta":{"_et_pb_use_builder":"on","_et_pb_old_content":"<!-- wp:divi\/placeholder \/-->","_et_gb_content_width":"","footnotes":""},"yoast_head":"<!-- This site is optimized with the Yoast SEO plugin v23.3 - https:\/\/yoast.com\/wordpress\/plugins\/seo\/ -->\n<title>Teachers - Joga neizmerne sre\u010de in zdravja<\/title>\n<meta name=\"robots\" content=\"index, follow, max-snippet:-1, max-image-preview:large, max-video-preview:-1\" \/>\n<link rel=\"canonical\" href=\"https:\/\/joga-nsz.si\/?page_id=670&lang=en\" \/>\n<meta property=\"og:locale\" content=\"en_GB\" \/>\n<meta property=\"og:type\" content=\"article\" \/>\n<meta property=\"og:title\" content=\"Teachers - Joga neizmerne sre\u010de in zdravja\" \/>\n<meta property=\"og:description\" content=\"Joga neizmerne sre\u010de in zdravja is a part of the ATMAN federation of yoga. A federation of yoga schools with thousands of students in 32 countries all over the world, guided by an authentic spiritual guide. OUR TEACHERS: Benedict is a practitioner and teacher of Esoteric Integral Yoga, Tantra, Astrology and Kashmir Shaivism for the [&hellip;]\" \/>\n<meta property=\"og:url\" content=\"https:\/\/joga-nsz.si\/?page_id=670&amp;lang=en\" \/>\n<meta property=\"og:site_name\" content=\"Joga neizmerne sre\u010de in zdravja\" \/>\n<meta name=\"twitter:card\" content=\"summary_large_image\" \/>\n<meta name=\"twitter:label1\" content=\"Estimated reading time\" \/>\n\t<meta name=\"twitter:data1\" content=\"2 minutes\" \/>\n<script type=\"application\/ld+json\" class=\"yoast-schema-graph\">{\"@context\":\"https:\/\/schema.org\",\"@graph\":[{\"@type\":\"WebPage\",\"@id\":\"https:\/\/joga-nsz.si\/?page_id=670&lang=en\",\"url\":\"https:\/\/joga-nsz.si\/?page_id=670&lang=en\",\"name\":\"Teachers - Joga neizmerne sre\u010de in zdravja\",\"isPartOf\":{\"@id\":\"https:\/\/joga-nsz.si\/#website\"},\"datePublished\":\"2020-09-08T11:26:57+00:00\",\"dateModified\":\"2020-09-08T11:26:57+00:00\",\"breadcrumb\":{\"@id\":\"https:\/\/joga-nsz.si\/?page_id=670&lang=en#breadcrumb\"},\"inLanguage\":\"en-GB\",\"potentialAction\":[{\"@type\":\"ReadAction\",\"target\":[\"https:\/\/joga-nsz.si\/?page_id=670&lang=en\"]}]},{\"@type\":\"BreadcrumbList\",\"@id\":\"https:\/\/joga-nsz.si\/?page_id=670&lang=en#breadcrumb\",\"itemListElement\":[{\"@type\":\"ListItem\",\"position\":1,\"name\":\"Home\",\"item\":\"https:\/\/joga-nsz.si\/\"},{\"@type\":\"ListItem\",\"position\":2,\"name\":\"About\",\"item\":\"https:\/\/joga-nsz.si\/?page_id=116\"},{\"@type\":\"ListItem\",\"position\":3,\"name\":\"Teachers\"}]},{\"@type\":\"WebSite\",\"@id\":\"https:\/\/joga-nsz.si\/#website\",\"url\":\"https:\/\/joga-nsz.si\/\",\"name\":\"Joga neizmerne sre\u010de in zdravja\",\"description\":\"Do\u017eivi se in odkrij radost \u017eivljenja!\",\"potentialAction\":[{\"@type\":\"SearchAction\",\"target\":{\"@type\":\"EntryPoint\",\"urlTemplate\":\"https:\/\/joga-nsz.si\/?s={search_term_string}\"},\"query-input\":\"required name=search_term_string\"}],\"inLanguage\":\"en-GB\"}]}<\/script>\n<!-- \/ Yoast SEO plugin. -->","yoast_head_json":{"title":"Teachers - Joga neizmerne sre\u010de in zdravja","robots":{"index":"index","follow":"follow","max-snippet":"max-snippet:-1","max-image-preview":"max-image-preview:large","max-video-preview":"max-video-preview:-1"},"canonical":"https:\/\/joga-nsz.si\/?page_id=670&lang=en","og_locale":"en_GB","og_type":"article","og_title":"Teachers - Joga neizmerne sre\u010de in zdravja","og_description":"Joga neizmerne sre\u010de in zdravja is a part of the ATMAN federation of yoga. A federation of yoga schools with thousands of students in 32 countries all over the world, guided by an authentic spiritual guide. OUR TEACHERS: Benedict is a practitioner and teacher of Esoteric Integral Yoga, Tantra, Astrology and Kashmir Shaivism for the [&hellip;]","og_url":"https:\/\/joga-nsz.si\/?page_id=670&lang=en","og_site_name":"Joga neizmerne sre\u010de in zdravja","twitter_card":"summary_large_image","twitter_misc":{"Estimated reading time":"2 minutes"},"schema":{"@context":"https:\/\/schema.org","@graph":[{"@type":"WebPage","@id":"https:\/\/joga-nsz.si\/?page_id=670&lang=en","url":"https:\/\/joga-nsz.si\/?page_id=670&lang=en","name":"Teachers - Joga neizmerne sre\u010de in zdravja","isPartOf":{"@id":"https:\/\/joga-nsz.si\/#website"},"datePublished":"2020-09-08T11:26:57+00:00","dateModified":"2020-09-08T11:26:57+00:00","breadcrumb":{"@id":"https:\/\/joga-nsz.si\/?page_id=670&lang=en#breadcrumb"},"inLanguage":"en-GB","potentialAction":[{"@type":"ReadAction","target":["https:\/\/joga-nsz.si\/?page_id=670&lang=en"]}]},{"@type":"BreadcrumbList","@id":"https:\/\/joga-nsz.si\/?page_id=670&lang=en#breadcrumb","itemListElement":[{"@type":"ListItem","position":1,"name":"Home","item":"https:\/\/joga-nsz.si\/"},{"@type":"ListItem","position":2,"name":"About","item":"https:\/\/joga-nsz.si\/?page_id=116"},{"@type":"ListItem","position":3,"name":"Teachers"}]},{"@type":"WebSite","@id":"https:\/\/joga-nsz.si\/#website","url":"https:\/\/joga-nsz.si\/","name":"Joga neizmerne sre\u010de in zdravja","description":"Do\u017eivi se in odkrij radost \u017eivljenja!","potentialAction":[{"@type":"SearchAction","target":{"@type":"EntryPoint","urlTemplate":"https:\/\/joga-nsz.si\/?s={search_term_string}"},"query-input":"required name=search_term_string"}],"inLanguage":"en-GB"}]}},"_links":{"self":[{"href":"https:\/\/joga-nsz.si\/index.php?rest_route=\/wp\/v2\/pages\/670"}],"collection":[{"href":"https:\/\/joga-nsz.si\/index.php?rest_route=\/wp\/v2\/pages"}],"about":[{"href":"https:\/\/joga-nsz.si\/index.php?rest_route=\/wp\/v2\/types\/page"}],"author":[{"embeddable":true,"href":"https:\/\/joga-nsz.si\/index.php?rest_route=\/wp\/v2\/users\/1"}],"replies":[{"embeddable":true,"href":"https:\/\/joga-nsz.si\/index.php?rest_route=%2Fwp%2Fv2%2Fcomments&post=670"}],"version-history":[{"count":0,"href":"https:\/\/joga-nsz.si\/index.php?rest_route=\/wp\/v2\/pages\/670\/revisions"}],"up":[{"embeddable":true,"href":"https:\/\/joga-nsz.si\/index.php?rest_route=\/wp\/v2\/pages\/116"}],"wp:attachment":[{"href":"https:\/\/joga-nsz.si\/index.php?rest_route=%2Fwp%2Fv2%2Fmedia&parent=670"}],"curies":[{"name":"wp","href":"https:\/\/api.w.org\/{rel}","templated":true}]}}