{"id":757,"date":"2021-08-27T15:08:38","date_gmt":"2021-08-27T14:08:38","guid":{"rendered":"https:\/\/joga-nsz.si\/?page_id=757"},"modified":"2021-08-27T22:12:15","modified_gmt":"2021-08-27T21:12:15","slug":"school","status":"publish","type":"page","link":"https:\/\/joga-nsz.si\/?page_id=757&lang=en","title":{"rendered":"The School"},"content":{"rendered":"<p>[et_pb_section fb_built=&#8221;1&#8243; _builder_version=&#8221;4.10.4&#8243; _module_preset=&#8221;default&#8221; background_image=&#8221;https:\/\/joga-nsz.si\/wp-content\/uploads\/2021\/08\/AboutUs-Main.jpg&#8221; custom_margin=&#8221;|0px|0px|0px|false|false&#8221; custom_padding=&#8221;0px|0px|0px|0px|false|false&#8221; saved_tabs=&#8221;all&#8221; global_colors_info=&#8221;{}&#8221;][et_pb_row _builder_version=&#8221;4.6.1&#8243; _module_preset=&#8221;default&#8221; custom_padding=&#8221;||0px|||&#8221; global_colors_info=&#8221;{}&#8221;][et_pb_column type=&#8221;4_4&#8243; _builder_version=&#8221;4.6.1&#8243; _module_preset=&#8221;default&#8221; global_colors_info=&#8221;{}&#8221;][et_pb_text _builder_version=&#8221;4.10.4&#8243; _module_preset=&#8221;default&#8221; background_color=&#8221;rgba(255,255,255,0.25)&#8221; text_orientation=&#8221;center&#8221; module_alignment=&#8221;center&#8221; height=&#8221;150px&#8221; custom_margin=&#8221;0px||||false|false&#8221; custom_padding=&#8221;18px||||false|false&#8221; border_radii=&#8221;on|25px|25px|25px|25px&#8221; border_width_all=&#8221;3px&#8221; border_color_all=&#8221;rgba(0,0,0,0)&#8221; box_shadow_style=&#8221;preset3&#8243; global_colors_info=&#8221;{}&#8221;]<\/p>\n<p><img loading=\"lazy\" decoding=\"async\" class=\"aligncenter wp-image-63\" src=\"https:\/\/dev.joga-nsz.si\/wp-content\/uploads\/2020\/09\/Icon-150x150.png\" alt=\"\" width=\"50\" height=\"45\" \/><\/p>\n<p style=\"text-align: center;\"><strong><span style=\"color: #030272; font-size: 32px; font-style: normal; font-variant-ligatures: normal; font-variant-caps: normal; background-color: transparent;\">Esoteric Integral Yoga School<\/span><\/strong><\/p>\n<p>&nbsp;<\/p>\n<p><gdiv><\/gdiv><\/p>\n<p><gdiv><\/gdiv><\/p>\n<p><gdiv><\/gdiv><\/p>\n<p>[\/et_pb_text][et_pb_text _builder_version=&#8221;4.10.4&#8243; _module_preset=&#8221;default&#8221; custom_margin=&#8221;5px||||false|false&#8221; custom_padding=&#8221;5px||||false|false&#8221; global_colors_info=&#8221;{}&#8221;]<\/p>\n<p style=\"text-align: left;\"><span style=\"color: #030272; font-size: medium;\">Joga Neizmerne Sre\u010de in Zdravja (Yoga of Immense happiness and health) is a non-profit association and an integral spiritual school offering a system of authentic spiritual teachings from from the tantric Gupta Mahasiddha lineage, helping you transform and experience the lasting and immense happiness and health that is our innate nature.<\/span><\/p>\n<p style=\"text-align: left;\"><span style=\"color: #030272; font-size: medium;\">We aim to promote and reveal the yoga science and methodology in its traditional forms, teaching not just physical techniques, but including the essential and fundamental theoretical principles behind the yoga system. In this way we can understand more fully how and why yoga works \u2013 yoga then becomes for us a valuable tool to be used for the complete transformation on all levels of the human being.<\/span><\/p>\n<p style=\"text-align: left;\"><span style=\"color: #030272; font-size: medium;\">Our school provides knowledge, spiritual advice and the subtle support for understanding and putting in practice the spiritual teachings.<\/span><\/p>\n<p style=\"text-align: left;\"><span style=\"color: #030272; font-size: medium;\">The method revealed by this school and its sister schools in ATMAN Federation of Yoga and Meditation has been applied with great results by tens of thousands of people all over the world. Being scientific and practical, it is easy to approach by the people of our modern world. Being also founded in the deepest spiritual tradition of our planet, this method leads to a profound spiritual transformation of the one who perseveres enough.<\/span><\/p>\n<p style=\"text-align: left;\"><span style=\"color: #030272; font-size: medium;\">We believe that life is a journey of happiness and health. Not just feeling good and being averagely happy, but intensely experiencing yourself and discovering the joy of living that springs from the essence.<\/span><\/p>\n<p>&nbsp;<\/p>\n<p>[\/et_pb_text][\/et_pb_column][\/et_pb_row][\/et_pb_section]<\/p>\n","protected":false},"excerpt":{"rendered":"<p>Esoteric Integral Yoga School &nbsp; Joga Neizmerne Sre\u010de in Zdravja (Yoga of Immense happiness and health) is a non-profit association and an integral spiritual school offering a system of authentic spiritual teachings from from the tantric Gupta Mahasiddha lineage, helping you transform and experience the lasting and immense happiness and health that is our innate [&hellip;]<\/p>\n","protected":false},"author":1,"featured_media":0,"parent":116,"menu_order":0,"comment_status":"closed","ping_status":"closed","template":"","meta":{"_et_pb_use_builder":"on","_et_pb_old_content":"","_et_gb_content_width":"","footnotes":""},"yoast_head":"<!-- This site is optimized with the Yoast SEO plugin v23.3 - https:\/\/yoast.com\/wordpress\/plugins\/seo\/ -->\n<title>The School - Joga neizmerne sre\u010de in zdravja<\/title>\n<meta name=\"robots\" content=\"index, follow, max-snippet:-1, max-image-preview:large, max-video-preview:-1\" \/>\n<link rel=\"canonical\" href=\"https:\/\/joga-nsz.si\/?page_id=757&lang=en\" \/>\n<meta property=\"og:locale\" content=\"en_GB\" \/>\n<meta property=\"og:type\" content=\"article\" \/>\n<meta property=\"og:title\" content=\"The School - Joga neizmerne sre\u010de in zdravja\" \/>\n<meta property=\"og:description\" content=\"Esoteric Integral Yoga School &nbsp; Joga Neizmerne Sre\u010de in Zdravja (Yoga of Immense happiness and health) is a non-profit association and an integral spiritual school offering a system of authentic spiritual teachings from from the tantric Gupta Mahasiddha lineage, helping you transform and experience the lasting and immense happiness and health that is our innate [&hellip;]\" \/>\n<meta property=\"og:url\" content=\"https:\/\/joga-nsz.si\/?page_id=757&amp;lang=en\" \/>\n<meta property=\"og:site_name\" content=\"Joga neizmerne sre\u010de in zdravja\" \/>\n<meta property=\"article:modified_time\" content=\"2021-08-27T21:12:15+00:00\" \/>\n<meta property=\"og:image\" content=\"https:\/\/dev.joga-nsz.si\/wp-content\/uploads\/2020\/09\/Icon-150x150.png\" \/>\n<meta name=\"twitter:card\" content=\"summary_large_image\" \/>\n<meta name=\"twitter:label1\" content=\"Estimated reading time\" \/>\n\t<meta name=\"twitter:data1\" content=\"2 minutes\" \/>\n<script type=\"application\/ld+json\" class=\"yoast-schema-graph\">{\"@context\":\"https:\/\/schema.org\",\"@graph\":[{\"@type\":\"WebPage\",\"@id\":\"https:\/\/joga-nsz.si\/?page_id=757&lang=en\",\"url\":\"https:\/\/joga-nsz.si\/?page_id=757&lang=en\",\"name\":\"The School - Joga neizmerne sre\u010de in zdravja\",\"isPartOf\":{\"@id\":\"https:\/\/joga-nsz.si\/#website\"},\"primaryImageOfPage\":{\"@id\":\"https:\/\/joga-nsz.si\/?page_id=757&lang=en#primaryimage\"},\"image\":{\"@id\":\"https:\/\/joga-nsz.si\/?page_id=757&lang=en#primaryimage\"},\"thumbnailUrl\":\"https:\/\/dev.joga-nsz.si\/wp-content\/uploads\/2020\/09\/Icon-150x150.png\",\"datePublished\":\"2021-08-27T14:08:38+00:00\",\"dateModified\":\"2021-08-27T21:12:15+00:00\",\"breadcrumb\":{\"@id\":\"https:\/\/joga-nsz.si\/?page_id=757&lang=en#breadcrumb\"},\"inLanguage\":\"en-GB\",\"potentialAction\":[{\"@type\":\"ReadAction\",\"target\":[\"https:\/\/joga-nsz.si\/?page_id=757&lang=en\"]}]},{\"@type\":\"ImageObject\",\"inLanguage\":\"en-GB\",\"@id\":\"https:\/\/joga-nsz.si\/?page_id=757&lang=en#primaryimage\",\"url\":\"https:\/\/dev.joga-nsz.si\/wp-content\/uploads\/2020\/09\/Icon-150x150.png\",\"contentUrl\":\"https:\/\/dev.joga-nsz.si\/wp-content\/uploads\/2020\/09\/Icon-150x150.png\"},{\"@type\":\"BreadcrumbList\",\"@id\":\"https:\/\/joga-nsz.si\/?page_id=757&lang=en#breadcrumb\",\"itemListElement\":[{\"@type\":\"ListItem\",\"position\":1,\"name\":\"Home\",\"item\":\"https:\/\/joga-nsz.si\/\"},{\"@type\":\"ListItem\",\"position\":2,\"name\":\"About\",\"item\":\"https:\/\/joga-nsz.si\/?page_id=116\"},{\"@type\":\"ListItem\",\"position\":3,\"name\":\"The School\"}]},{\"@type\":\"WebSite\",\"@id\":\"https:\/\/joga-nsz.si\/#website\",\"url\":\"https:\/\/joga-nsz.si\/\",\"name\":\"Joga neizmerne sre\u010de in zdravja\",\"description\":\"Do\u017eivi se in odkrij radost \u017eivljenja!\",\"potentialAction\":[{\"@type\":\"SearchAction\",\"target\":{\"@type\":\"EntryPoint\",\"urlTemplate\":\"https:\/\/joga-nsz.si\/?s={search_term_string}\"},\"query-input\":\"required name=search_term_string\"}],\"inLanguage\":\"en-GB\"}]}<\/script>\n<!-- \/ Yoast SEO plugin. -->","yoast_head_json":{"title":"The School - Joga neizmerne sre\u010de in zdravja","robots":{"index":"index","follow":"follow","max-snippet":"max-snippet:-1","max-image-preview":"max-image-preview:large","max-video-preview":"max-video-preview:-1"},"canonical":"https:\/\/joga-nsz.si\/?page_id=757&lang=en","og_locale":"en_GB","og_type":"article","og_title":"The School - Joga neizmerne sre\u010de in zdravja","og_description":"Esoteric Integral Yoga School &nbsp; Joga Neizmerne Sre\u010de in Zdravja (Yoga of Immense happiness and health) is a non-profit association and an integral spiritual school offering a system of authentic spiritual teachings from from the tantric Gupta Mahasiddha lineage, helping you transform and experience the lasting and immense happiness and health that is our innate [&hellip;]","og_url":"https:\/\/joga-nsz.si\/?page_id=757&lang=en","og_site_name":"Joga neizmerne sre\u010de in zdravja","article_modified_time":"2021-08-27T21:12:15+00:00","og_image":[{"url":"https:\/\/dev.joga-nsz.si\/wp-content\/uploads\/2020\/09\/Icon-150x150.png"}],"twitter_card":"summary_large_image","twitter_misc":{"Estimated reading time":"2 minutes"},"schema":{"@context":"https:\/\/schema.org","@graph":[{"@type":"WebPage","@id":"https:\/\/joga-nsz.si\/?page_id=757&lang=en","url":"https:\/\/joga-nsz.si\/?page_id=757&lang=en","name":"The School - Joga neizmerne sre\u010de in zdravja","isPartOf":{"@id":"https:\/\/joga-nsz.si\/#website"},"primaryImageOfPage":{"@id":"https:\/\/joga-nsz.si\/?page_id=757&lang=en#primaryimage"},"image":{"@id":"https:\/\/joga-nsz.si\/?page_id=757&lang=en#primaryimage"},"thumbnailUrl":"https:\/\/dev.joga-nsz.si\/wp-content\/uploads\/2020\/09\/Icon-150x150.png","datePublished":"2021-08-27T14:08:38+00:00","dateModified":"2021-08-27T21:12:15+00:00","breadcrumb":{"@id":"https:\/\/joga-nsz.si\/?page_id=757&lang=en#breadcrumb"},"inLanguage":"en-GB","potentialAction":[{"@type":"ReadAction","target":["https:\/\/joga-nsz.si\/?page_id=757&lang=en"]}]},{"@type":"ImageObject","inLanguage":"en-GB","@id":"https:\/\/joga-nsz.si\/?page_id=757&lang=en#primaryimage","url":"https:\/\/dev.joga-nsz.si\/wp-content\/uploads\/2020\/09\/Icon-150x150.png","contentUrl":"https:\/\/dev.joga-nsz.si\/wp-content\/uploads\/2020\/09\/Icon-150x150.png"},{"@type":"BreadcrumbList","@id":"https:\/\/joga-nsz.si\/?page_id=757&lang=en#breadcrumb","itemListElement":[{"@type":"ListItem","position":1,"name":"Home","item":"https:\/\/joga-nsz.si\/"},{"@type":"ListItem","position":2,"name":"About","item":"https:\/\/joga-nsz.si\/?page_id=116"},{"@type":"ListItem","position":3,"name":"The School"}]},{"@type":"WebSite","@id":"https:\/\/joga-nsz.si\/#website","url":"https:\/\/joga-nsz.si\/","name":"Joga neizmerne sre\u010de in zdravja","description":"Do\u017eivi se in odkrij radost \u017eivljenja!","potentialAction":[{"@type":"SearchAction","target":{"@type":"EntryPoint","urlTemplate":"https:\/\/joga-nsz.si\/?s={search_term_string}"},"query-input":"required name=search_term_string"}],"inLanguage":"en-GB"}]}},"_links":{"self":[{"href":"https:\/\/joga-nsz.si\/index.php?rest_route=\/wp\/v2\/pages\/757"}],"collection":[{"href":"https:\/\/joga-nsz.si\/index.php?rest_route=\/wp\/v2\/pages"}],"about":[{"href":"https:\/\/joga-nsz.si\/index.php?rest_route=\/wp\/v2\/types\/page"}],"author":[{"embeddable":true,"href":"https:\/\/joga-nsz.si\/index.php?rest_route=\/wp\/v2\/users\/1"}],"replies":[{"embeddable":true,"href":"https:\/\/joga-nsz.si\/index.php?rest_route=%2Fwp%2Fv2%2Fcomments&post=757"}],"version-history":[{"count":3,"href":"https:\/\/joga-nsz.si\/index.php?rest_route=\/wp\/v2\/pages\/757\/revisions"}],"predecessor-version":[{"id":985,"href":"https:\/\/joga-nsz.si\/index.php?rest_route=\/wp\/v2\/pages\/757\/revisions\/985"}],"up":[{"embeddable":true,"href":"https:\/\/joga-nsz.si\/index.php?rest_route=\/wp\/v2\/pages\/116"}],"wp:attachment":[{"href":"https:\/\/joga-nsz.si\/index.php?rest_route=%2Fwp%2Fv2%2Fmedia&parent=757"}],"curies":[{"name":"wp","href":"https:\/\/api.w.org\/{rel}","templated":true}]}}